{"id":4574,"date":"2024-01-08T21:25:51","date_gmt":"2024-01-08T19:25:51","guid":{"rendered":"https:\/\/visitsoomaa.ee\/?page_id=4574"},"modified":"2024-02-07T02:04:56","modified_gmt":"2024-02-07T00:04:56","slug":"routes","status":"publish","type":"page","link":"https:\/\/visitsoomaa.ee\/en\/routes\/","title":{"rendered":"Routes"},"content":{"rendered":"\n<p class=\"has-text-align-center\">Here you can find some sample itineraries for exploring Soomaa, as well as various guided tours.<\/p>\n\n\n<!-- Gridbuilder \u1d42\u1d3e Plugin (https:\/\/wpgridbuilder.com) -->\n<div class=\"wp-grid-builder wpgb-grid-19\" data-options=\"{&quot;id&quot;:19,&quot;type&quot;:&quot;metro&quot;,&quot;source&quot;:&quot;post_type&quot;,&quot;loader&quot;:0,&quot;layout&quot;:&quot;vertical&quot;,&quot;reveal&quot;:1,&quot;isMainQuery&quot;:false,&quot;lazyLoad&quot;:0,&quot;cardSizes&quot;:{&quot;9999&quot;:{&quot;columns&quot;:4,&quot;height&quot;:240,&quot;gutter&quot;:20,&quot;ratio&quot;:&quot;0.75000&quot;},&quot;1200&quot;:{&quot;columns&quot;:4,&quot;height&quot;:240,&quot;gutter&quot;:15,&quot;ratio&quot;:&quot;0.75000&quot;},&quot;992&quot;:{&quot;columns&quot;:4,&quot;height&quot;:220,&quot;gutter&quot;:15,&quot;ratio&quot;:&quot;1.33333&quot;},&quot;768&quot;:{&quot;columns&quot;:3,&quot;height&quot;:220,&quot;gutter&quot;:15,&quot;ratio&quot;:&quot;1.33333&quot;},&quot;576&quot;:{&quot;columns&quot;:1,&quot;height&quot;:200,&quot;gutter&quot;:15,&quot;ratio&quot;:&quot;1.33333&quot;},&quot;320&quot;:{&quot;columns&quot;:1,&quot;height&quot;:200,&quot;gutter&quot;:15,&quot;ratio&quot;:&quot;1.33333&quot;}},&quot;fitRows&quot;:0,&quot;equalRows&quot;:0,&quot;equalColumns&quot;:0,&quot;fillLastRow&quot;:0,&quot;centerLastRow&quot;:0,&quot;horizontalOrder&quot;:0,&quot;fullWidth&quot;:0,&quot;transitionDelay&quot;:100,&quot;gallerySlideshow&quot;:0,&quot;rowsNumber&quot;:1,&quot;slideAlign&quot;:&quot;left&quot;,&quot;groupCells&quot;:1,&quot;draggable&quot;:1,&quot;initialIndex&quot;:0,&quot;contain&quot;:0,&quot;freeScroll&quot;:0,&quot;freeFriction&quot;:&quot;0.075&quot;,&quot;friction&quot;:&quot;0.285&quot;,&quot;attraction&quot;:&quot;0.025&quot;,&quot;autoPlay&quot;:0,&quot;pageDotAriaLabel&quot;:&quot;Page dot %d&quot;,&quot;isPreview&quot;:false,&quot;isGutenberg&quot;:false,&quot;rightToLeft&quot;:false}\"><div class=\"wpgb-svg-icons\" hidden>\n\t<svg viewBox=\"0 0 120 24\" width=\"0\" height=\"0\">\n\t<defs>\n        <polygon id=\"wpgb-star-svg\" points=\"12 2.5 15.1 8.8 22 9.8 17 14.6 18.2 21.5 12 18.3 5.8 21.5 7 14.6 2 9.8 8.9 8.8\"><\/polygon>\n    <\/defs>\n    <symbol id=\"wpgb-rating-stars-svg\">\n        <use xlink:href=\"#wpgb-star-svg\"><\/use>\n        <use xlink:href=\"#wpgb-star-svg\" x=\"24\"><\/use>\n        <use xlink:href=\"#wpgb-star-svg\" x=\"48\"><\/use>\n        <use xlink:href=\"#wpgb-star-svg\" x=\"72\"><\/use>\n        <use xlink:href=\"#wpgb-star-svg\" x=\"96\"><\/use>\n    <\/symbol>\n<\/svg>\n<\/div>\n<div class=\"wpgb-wrapper\">\n\t<div class=\"wpgb-main\">\n\t<div class=\"wpgb-area wpgb-area-top-2\">\n\t<div class=\"wpgb-facet wpgb-loading wpgb-facet-1\" data-facet=\"1\" data-grid=\"19\">\t<h4 class=\"wpgb-facet-title\">Cat test<\/h4>\n\t\t<fieldset>\n\t\t<legend class=\"wpgb-facet-title wpgb-sr-only\">Cat test<\/legend>\n\t\t<div class=\"wpgb-button-facet\"><ul class=\"wpgb-inline-list\"><li><div class=\"wpgb-button\" role=\"button\" aria-pressed=\"true\" tabindex=\"0\"><input type=\"hidden\" name=\"cat_test_1\" value=\"\"><span class=\"wpgb-button-label\">All<\/span><\/div><\/li><li><div class=\"wpgb-button\" role=\"button\" aria-pressed=\"false\" tabindex=\"0\"><input type=\"hidden\" name=\"cat_test_1\" value=\"tours\"><span class=\"wpgb-button-label\">Tours <span>(8)<\/span><\/span><\/div><\/li><li><div class=\"wpgb-button\" role=\"button\" aria-pressed=\"false\" tabindex=\"0\"><input type=\"hidden\" name=\"cat_test_1\" value=\"guided-tours\"><span class=\"wpgb-button-label\">Guided tours <span>(4)<\/span><\/span><\/div><\/li><li><div class=\"wpgb-button\" role=\"button\" aria-pressed=\"false\" tabindex=\"0\"><input type=\"hidden\" name=\"cat_test_1\" value=\"self-guided-tours\"><span class=\"wpgb-button-label\">Self-guided tours <span>(4)<\/span><\/span><\/div><\/li><\/ul><\/div>\t<\/fieldset>\n\t<\/div><\/div>\n<div class=\"wpgb-layout\">\n\t<div class=\"wpgb-viewport\">\n\t\t<div class=\"wpgb-metro\">\n\t\t\t<article class=\"wpgb-card wpgb-card-24 wpgb-post-5040 wpgb-card-hidden\" data-col=\"1\" data-row=\"1\" data-format=\"standard\" data-fluid><div class=\"wpgb-card-wrapper\"><div class=\"wpgb-card-inner\" data-action><div class=\"wpgb-card-media wpgb-scheme-light\"><div class=\"wpgb-card-media-thumbnail\"><a href=\"https:\/\/visitsoomaa.ee\/wp-content\/uploads\/api_uploads\/Sihtasutus-Jogevamaa-Arendus-ja-Ettevotluskeskus\/1_-1_false_false_fb489df1dffd09d3a96f5a44b67d4154.jpg\" tabindex=\"-1\" class=\"wpgb-handle-lb wpgb-lightbox\" data-type=\"image\" data-rel=\"19\" data-title=\"Seiklustuur Kesk-Eestis\" title=\"Enlarge photo\"><div style=\"background-image:url(https:\/\/visitsoomaa.ee\/wp-content\/uploads\/api_uploads\/Sihtasutus-Jogevamaa-Arendus-ja-Ettevotluskeskus\/1_-1_false_false_fb489df1dffd09d3a96f5a44b67d4154-768x512.jpg)\"><\/div><noscript><img loading=\"lazy\" decoding=\"async\" class=\"wpgb-noscript-img\" src=\"https:\/\/visitsoomaa.ee\/wp-content\/uploads\/api_uploads\/Sihtasutus-Jogevamaa-Arendus-ja-Ettevotluskeskus\/1_-1_false_false_fb489df1dffd09d3a96f5a44b67d4154-768x512.jpg\" alt=\"\" height=\"512\" width=\"768\"><\/noscript><\/a><\/div><div class=\"wpgb-card-media-overlay\"><\/div><div class=\"wpgb-card-media-content\"><div class=\"wpgb-card-media-content-bottom\"><h3 class=\"wpgb-block-1 wpgb-idle-scheme-1\"><a href=\"https:\/\/visitsoomaa.ee\/en\/api-objekt\/adventure-tour-in-central-estonia\/\">Adventure tour in Central Estonia<\/a><\/h3><div class=\"wpgb-block-2\"><span class=\"wpgb-block-term wpgb-idle-scheme-3\" data-id=\"10\">Optional<\/span><span class=\" wpgb-idle-scheme-3\">, <\/span><span class=\"wpgb-block-term wpgb-idle-scheme-3\" data-id=\"949\">Self-guided tours<\/span><span class=\" wpgb-idle-scheme-3\">, <\/span><span class=\"wpgb-block-term wpgb-idle-scheme-3\" data-id=\"945\">Tours<\/span><\/div><\/div><\/div><\/div><a class=\"wpgb-card-layer-link\" href=\"https:\/\/visitsoomaa.ee\/en\/api-objekt\/adventure-tour-in-central-estonia\/\"><\/a><\/div><\/div><\/article><article class=\"wpgb-card wpgb-card-24 wpgb-post-4999 wpgb-card-hidden\" data-col=\"1\" data-row=\"1\" data-format=\"standard\" data-fluid><div class=\"wpgb-card-wrapper\"><div class=\"wpgb-card-inner\" data-action><div class=\"wpgb-card-media wpgb-scheme-light\"><div class=\"wpgb-card-media-thumbnail\"><a href=\"https:\/\/visitsoomaa.ee\/wp-content\/uploads\/api_uploads\/Kuusikaru-OU\/1_-1_false_false_3969c75c8d277d5cd0893b690542a417.jpg\" tabindex=\"-1\" class=\"wpgb-handle-lb wpgb-lightbox\" data-type=\"image\" data-rel=\"19\" data-title=\"Kultuurilugu ja \u00f5unamaitsed Piesta Kuusikaru talus Soomaa piirkonnas\" title=\"Enlarge photo\"><div style=\"background-image:url(https:\/\/visitsoomaa.ee\/wp-content\/uploads\/api_uploads\/Kuusikaru-OU\/1_-1_false_false_3969c75c8d277d5cd0893b690542a417-768x512.jpg)\"><\/div><noscript><img loading=\"lazy\" decoding=\"async\" class=\"wpgb-noscript-img\" src=\"https:\/\/visitsoomaa.ee\/wp-content\/uploads\/api_uploads\/Kuusikaru-OU\/1_-1_false_false_3969c75c8d277d5cd0893b690542a417-768x512.jpg\" alt=\"\" height=\"512\" width=\"768\"><\/noscript><\/a><\/div><div class=\"wpgb-card-media-overlay\"><\/div><div class=\"wpgb-card-media-content\"><div class=\"wpgb-card-media-content-bottom\"><h3 class=\"wpgb-block-1 wpgb-idle-scheme-1\"><a href=\"https:\/\/visitsoomaa.ee\/en\/api-objekt\/the-smell-of-apples-and-cultural-history-at-piesta-kuusikaru-farm-in-vandra-forest-in-parnu-county\/\">The smell of apples and cultural history at Piesta Kuusikaru Farm in V\u00e4ndra forest in P\u00e4rnu County<\/a><\/h3><div class=\"wpgb-block-2\"><span class=\"wpgb-block-term wpgb-idle-scheme-3\" data-id=\"947\">Guided tours<\/span><span class=\" wpgb-idle-scheme-3\">, <\/span><span class=\"wpgb-block-term wpgb-idle-scheme-3\" data-id=\"10\">Optional<\/span><span class=\" wpgb-idle-scheme-3\">, <\/span><span class=\"wpgb-block-term wpgb-idle-scheme-3\" data-id=\"945\">Tours<\/span><\/div><\/div><\/div><\/div><a class=\"wpgb-card-layer-link\" href=\"https:\/\/visitsoomaa.ee\/en\/api-objekt\/the-smell-of-apples-and-cultural-history-at-piesta-kuusikaru-farm-in-vandra-forest-in-parnu-county\/\"><\/a><\/div><\/div><\/article><article class=\"wpgb-card wpgb-card-24 wpgb-post-4914 wpgb-card-hidden\" data-col=\"1\" data-row=\"1\" data-format=\"standard\" data-fluid><div class=\"wpgb-card-wrapper\"><div class=\"wpgb-card-inner\" data-action><div class=\"wpgb-card-media wpgb-scheme-light\"><div class=\"wpgb-card-media-thumbnail\"><a href=\"https:\/\/visitsoomaa.ee\/wp-content\/uploads\/api_uploads\/Sihtasutus-Viljandimaa-Arenduskeskus\/1_-1_false_false_75b0c5c2d3c6088f2faef55d0ccc40f1.jpg\" tabindex=\"-1\" class=\"wpgb-handle-lb wpgb-lightbox\" data-type=\"image\" data-rel=\"19\" data-title=\"Leia omal k\u00e4el Olustvere - Suure-Jaani \u00fcmbruse p\u00e4rlid\" title=\"Enlarge photo\"><div style=\"background-image:url(https:\/\/visitsoomaa.ee\/wp-content\/uploads\/api_uploads\/Sihtasutus-Viljandimaa-Arenduskeskus\/1_-1_false_false_75b0c5c2d3c6088f2faef55d0ccc40f1-768x512.jpg)\"><\/div><noscript><img loading=\"lazy\" decoding=\"async\" class=\"wpgb-noscript-img\" src=\"https:\/\/visitsoomaa.ee\/wp-content\/uploads\/api_uploads\/Sihtasutus-Viljandimaa-Arenduskeskus\/1_-1_false_false_75b0c5c2d3c6088f2faef55d0ccc40f1-768x512.jpg\" alt=\"\" height=\"512\" width=\"768\"><\/noscript><\/a><\/div><div class=\"wpgb-card-media-overlay\"><\/div><div class=\"wpgb-card-media-content\"><div class=\"wpgb-card-media-content-bottom\"><h3 class=\"wpgb-block-1 wpgb-idle-scheme-1\"><a href=\"https:\/\/visitsoomaa.ee\/en\/api-objekt\/olustvere-suure-jaani-cultural-tour\/\">Olustvere\u2013Suure-Jaani cultural tour<\/a><\/h3><div class=\"wpgb-block-2\"><span class=\"wpgb-block-term wpgb-idle-scheme-3\" data-id=\"10\">Optional<\/span><span class=\" wpgb-idle-scheme-3\">, <\/span><span class=\"wpgb-block-term wpgb-idle-scheme-3\" data-id=\"949\">Self-guided tours<\/span><span class=\" wpgb-idle-scheme-3\">, <\/span><span class=\"wpgb-block-term wpgb-idle-scheme-3\" data-id=\"945\">Tours<\/span><\/div><\/div><\/div><\/div><a class=\"wpgb-card-layer-link\" href=\"https:\/\/visitsoomaa.ee\/en\/api-objekt\/olustvere-suure-jaani-cultural-tour\/\"><\/a><\/div><\/div><\/article><article class=\"wpgb-card wpgb-card-24 wpgb-post-4919 wpgb-card-hidden\" data-col=\"1\" data-row=\"1\" data-format=\"standard\" data-fluid><div class=\"wpgb-card-wrapper\"><div class=\"wpgb-card-inner\" data-action><div class=\"wpgb-card-media wpgb-scheme-light\"><div class=\"wpgb-card-media-thumbnail\"><a href=\"https:\/\/visitsoomaa.ee\/wp-content\/uploads\/api_uploads\/Sihtasutus-Viljandimaa-Arenduskeskus\/1_-1_false_false_4ea965c3c995b606fda80ca276bdd193.jpg\" tabindex=\"-1\" class=\"wpgb-handle-lb wpgb-lightbox\" data-type=\"image\" data-rel=\"19\" data-title=\"Autotuur l\u00e4bi Soomaa Rahvuspargi\" title=\"Enlarge photo\"><div style=\"background-image:url(https:\/\/visitsoomaa.ee\/wp-content\/uploads\/api_uploads\/Sihtasutus-Viljandimaa-Arenduskeskus\/1_-1_false_false_4ea965c3c995b606fda80ca276bdd193-768x512.jpg)\"><\/div><noscript><img loading=\"lazy\" decoding=\"async\" class=\"wpgb-noscript-img\" src=\"https:\/\/visitsoomaa.ee\/wp-content\/uploads\/api_uploads\/Sihtasutus-Viljandimaa-Arenduskeskus\/1_-1_false_false_4ea965c3c995b606fda80ca276bdd193-768x512.jpg\" alt=\"\" height=\"512\" width=\"768\"><\/noscript><\/a><\/div><div class=\"wpgb-card-media-overlay\"><\/div><div class=\"wpgb-card-media-content\"><div class=\"wpgb-card-media-content-bottom\"><h3 class=\"wpgb-block-1 wpgb-idle-scheme-1\"><a href=\"https:\/\/visitsoomaa.ee\/en\/api-objekt\/car-tour-of-soomaa-national-park\/\">Car tour of Soomaa National Park<\/a><\/h3><div class=\"wpgb-block-2\"><span class=\"wpgb-block-term wpgb-idle-scheme-3\" data-id=\"10\">Optional<\/span><span class=\" wpgb-idle-scheme-3\">, <\/span><span class=\"wpgb-block-term wpgb-idle-scheme-3\" data-id=\"949\">Self-guided tours<\/span><span class=\" wpgb-idle-scheme-3\">, <\/span><span class=\"wpgb-block-term wpgb-idle-scheme-3\" data-id=\"945\">Tours<\/span><\/div><\/div><\/div><\/div><a class=\"wpgb-card-layer-link\" href=\"https:\/\/visitsoomaa.ee\/en\/api-objekt\/car-tour-of-soomaa-national-park\/\"><\/a><\/div><\/div><\/article><article class=\"wpgb-card wpgb-card-24 wpgb-post-5179 wpgb-card-hidden\" data-col=\"1\" data-row=\"1\" data-format=\"standard\" data-fluid><div class=\"wpgb-card-wrapper\"><div class=\"wpgb-card-inner\" data-action><div class=\"wpgb-card-media wpgb-scheme-light\"><div class=\"wpgb-card-media-thumbnail\"><a href=\"https:\/\/visitsoomaa.ee\/wp-content\/uploads\/api_uploads\/Beaverland-OU\/1_-1_false_false_02b68b43a5737ad888118358cd909be3.jpg\" tabindex=\"-1\" class=\"wpgb-handle-lb wpgb-lightbox\" data-type=\"image\" data-rel=\"19\" data-title=\"Giidituur Tori hobusekasvanduses ja muuseumis\" title=\"Enlarge photo\"><div style=\"background-image:url(https:\/\/visitsoomaa.ee\/wp-content\/uploads\/api_uploads\/Beaverland-OU\/1_-1_false_false_02b68b43a5737ad888118358cd909be3-768x576.jpg)\"><\/div><noscript><img loading=\"lazy\" decoding=\"async\" class=\"wpgb-noscript-img\" src=\"https:\/\/visitsoomaa.ee\/wp-content\/uploads\/api_uploads\/Beaverland-OU\/1_-1_false_false_02b68b43a5737ad888118358cd909be3-768x576.jpg\" alt=\"\" height=\"576\" width=\"768\"><\/noscript><\/a><\/div><div class=\"wpgb-card-media-overlay\"><\/div><div class=\"wpgb-card-media-content\"><div class=\"wpgb-card-media-content-bottom\"><h3 class=\"wpgb-block-1 wpgb-idle-scheme-1\"><a href=\"https:\/\/visitsoomaa.ee\/en\/api-objekt\/guided-tour-of-the-tori-horse-breeding-farm-and-museum\/\">Guided tour of the Tori Horse Breeding Farm and Museum<\/a><\/h3><div class=\"wpgb-block-2\"><span class=\"wpgb-block-term wpgb-idle-scheme-3\" data-id=\"947\">Guided tours<\/span><span class=\" wpgb-idle-scheme-3\">, <\/span><span class=\"wpgb-block-term wpgb-idle-scheme-3\" data-id=\"10\">Optional<\/span><span class=\" wpgb-idle-scheme-3\">, <\/span><span class=\"wpgb-block-term wpgb-idle-scheme-3\" data-id=\"945\">Tours<\/span><\/div><\/div><\/div><\/div><a class=\"wpgb-card-layer-link\" href=\"https:\/\/visitsoomaa.ee\/en\/api-objekt\/guided-tour-of-the-tori-horse-breeding-farm-and-museum\/\"><\/a><\/div><\/div><\/article><article class=\"wpgb-card wpgb-card-24 wpgb-post-5161 wpgb-card-hidden\" data-col=\"1\" data-row=\"1\" data-format=\"standard\" data-fluid><div class=\"wpgb-card-wrapper\"><div class=\"wpgb-card-inner\" data-action><div class=\"wpgb-card-media wpgb-scheme-light\"><div class=\"wpgb-card-media-thumbnail\"><a href=\"https:\/\/visitsoomaa.ee\/wp-content\/uploads\/api_uploads\/MTU-Levikivi\/1_-1_false_false_8d06a21dcf444659c684f7ed0091b4d3.jpg\" tabindex=\"-1\" class=\"wpgb-handle-lb wpgb-lightbox\" data-type=\"image\" data-rel=\"19\" data-title=\"Levikivi kivikoja k\u00fclastus\" title=\"Enlarge photo\"><div style=\"background-image:url(https:\/\/visitsoomaa.ee\/wp-content\/uploads\/api_uploads\/MTU-Levikivi\/1_-1_false_false_8d06a21dcf444659c684f7ed0091b4d3-768x512.jpg)\"><\/div><noscript><img loading=\"lazy\" decoding=\"async\" class=\"wpgb-noscript-img\" src=\"https:\/\/visitsoomaa.ee\/wp-content\/uploads\/api_uploads\/MTU-Levikivi\/1_-1_false_false_8d06a21dcf444659c684f7ed0091b4d3-768x512.jpg\" alt=\"\" height=\"512\" width=\"768\"><\/noscript><\/a><\/div><div class=\"wpgb-card-media-overlay\"><\/div><div class=\"wpgb-card-media-content\"><div class=\"wpgb-card-media-content-bottom\"><h3 class=\"wpgb-block-1 wpgb-idle-scheme-1\"><a href=\"https:\/\/visitsoomaa.ee\/en\/api-objekt\/come-on-a-tour-at-levikivi-stonemasonry-workrooms\/\">Come on a tour at Levikivi stonemasonry workrooms<\/a><\/h3><div class=\"wpgb-block-2\"><span class=\"wpgb-block-term wpgb-idle-scheme-3\" data-id=\"947\">Guided tours<\/span><span class=\" wpgb-idle-scheme-3\">, <\/span><span class=\"wpgb-block-term wpgb-idle-scheme-3\" data-id=\"10\">Optional<\/span><span class=\" wpgb-idle-scheme-3\">, <\/span><span class=\"wpgb-block-term wpgb-idle-scheme-3\" data-id=\"945\">Tours<\/span><\/div><\/div><\/div><\/div><a class=\"wpgb-card-layer-link\" href=\"https:\/\/visitsoomaa.ee\/en\/api-objekt\/come-on-a-tour-at-levikivi-stonemasonry-workrooms\/\"><\/a><\/div><\/div><\/article><article class=\"wpgb-card wpgb-card-24 wpgb-post-8772 wpgb-card-hidden\" data-col=\"1\" data-row=\"1\" data-format=\"standard\" data-fluid><div class=\"wpgb-card-wrapper\"><div class=\"wpgb-card-inner\" data-action><div class=\"wpgb-card-media wpgb-scheme-light\"><div class=\"wpgb-card-media-thumbnail\"><a href=\"https:\/\/visitsoomaa.ee\/wp-content\/uploads\/api_uploads\/Beaverland-OU\/1_-1_false_false_9f0ee38715914cdc78937dc0357643aa.jpg\" tabindex=\"-1\" class=\"wpgb-handle-lb wpgb-lightbox\" data-type=\"image\" data-rel=\"19\" data-title=\"Avasta giidi seltsis imeline ja salap\u00e4rane Tori\" title=\"Enlarge photo\"><div style=\"background-image:url(https:\/\/visitsoomaa.ee\/wp-content\/uploads\/api_uploads\/Beaverland-OU\/1_-1_false_false_9f0ee38715914cdc78937dc0357643aa-768x512.jpg)\"><\/div><noscript><img loading=\"lazy\" decoding=\"async\" class=\"wpgb-noscript-img\" src=\"https:\/\/visitsoomaa.ee\/wp-content\/uploads\/api_uploads\/Beaverland-OU\/1_-1_false_false_9f0ee38715914cdc78937dc0357643aa-768x512.jpg\" alt=\"\" height=\"512\" width=\"768\"><\/noscript><\/a><\/div><div class=\"wpgb-card-media-overlay\"><\/div><div class=\"wpgb-card-media-content\"><div class=\"wpgb-card-media-content-bottom\"><h3 class=\"wpgb-block-1 wpgb-idle-scheme-1\"><a href=\"https:\/\/visitsoomaa.ee\/en\/api-objekt\/discover-the-wonderful-and-mysterious-tori-with-a-guide\/\">Discover the wonderful and mysterious Tori with a guide<\/a><\/h3><div class=\"wpgb-block-2\"><span class=\"wpgb-block-term wpgb-idle-scheme-3\" data-id=\"947\">Guided tours<\/span><span class=\" wpgb-idle-scheme-3\">, <\/span><span class=\"wpgb-block-term wpgb-idle-scheme-3\" data-id=\"945\">Tours<\/span><\/div><\/div><\/div><\/div><a class=\"wpgb-card-layer-link\" href=\"https:\/\/visitsoomaa.ee\/en\/api-objekt\/discover-the-wonderful-and-mysterious-tori-with-a-guide\/\"><\/a><\/div><\/div><\/article><article class=\"wpgb-card wpgb-card-24 wpgb-post-4917 wpgb-card-hidden\" data-col=\"1\" data-row=\"1\" data-format=\"standard\" data-fluid><div class=\"wpgb-card-wrapper\"><div class=\"wpgb-card-inner\" data-action><div class=\"wpgb-card-media wpgb-scheme-light\"><div class=\"wpgb-card-media-thumbnail\"><a href=\"https:\/\/visitsoomaa.ee\/wp-content\/uploads\/api_uploads\/Parnu-Linnavalitsus\/1_-1_false_false_29788896bc66a4eb1cce696855c48e18.jpg\" tabindex=\"-1\" class=\"wpgb-handle-lb wpgb-lightbox\" data-type=\"image\" data-rel=\"19\" data-title=\"Jalgrattatuur P\u00e4rnust Soomaa Rahvusparki\" title=\"Enlarge photo\"><div style=\"background-image:url(https:\/\/visitsoomaa.ee\/wp-content\/uploads\/api_uploads\/Parnu-Linnavalitsus\/1_-1_false_false_29788896bc66a4eb1cce696855c48e18-768x512.jpg)\"><\/div><noscript><img loading=\"lazy\" decoding=\"async\" class=\"wpgb-noscript-img\" src=\"https:\/\/visitsoomaa.ee\/wp-content\/uploads\/api_uploads\/Parnu-Linnavalitsus\/1_-1_false_false_29788896bc66a4eb1cce696855c48e18-768x512.jpg\" alt=\"\" height=\"512\" width=\"768\"><\/noscript><\/a><\/div><div class=\"wpgb-card-media-overlay\"><\/div><div class=\"wpgb-card-media-content\"><div class=\"wpgb-card-media-content-bottom\"><h3 class=\"wpgb-block-1 wpgb-idle-scheme-1\"><a href=\"https:\/\/visitsoomaa.ee\/en\/api-objekt\/bicycle-tour-from-parnu-to-soomaa-national-park\/\">Bicycle Tour from P\u00e4rnu to Soomaa National Park<\/a><\/h3><div class=\"wpgb-block-2\"><span class=\"wpgb-block-term wpgb-idle-scheme-3\" data-id=\"10\">Optional<\/span><span class=\" wpgb-idle-scheme-3\">, <\/span><span class=\"wpgb-block-term wpgb-idle-scheme-3\" data-id=\"949\">Self-guided tours<\/span><span class=\" wpgb-idle-scheme-3\">, <\/span><span class=\"wpgb-block-term wpgb-idle-scheme-3\" data-id=\"945\">Tours<\/span><\/div><\/div><\/div><\/div><a class=\"wpgb-card-layer-link\" href=\"https:\/\/visitsoomaa.ee\/en\/api-objekt\/bicycle-tour-from-parnu-to-soomaa-national-park\/\"><\/a><\/div><\/div><\/article><article class=\"wpgb-card wpgb-card-24 wpgb-post-5053 wpgb-card-hidden\" data-col=\"1\" data-row=\"1\" data-format=\"standard\" data-fluid><div class=\"wpgb-card-wrapper\"><div class=\"wpgb-card-inner\" data-action><div class=\"wpgb-card-media wpgb-scheme-light\"><div class=\"wpgb-card-media-thumbnail\"><a href=\"https:\/\/visitsoomaa.ee\/wp-content\/uploads\/api_uploads\/Eesti-Haabjaselts-MTU\/1_-1_false_false_9e847df41ae3043ecb9b5df94490f12f.jpg\" tabindex=\"-1\" class=\"wpgb-handle-lb wpgb-lightbox\" data-type=\"image\" data-rel=\"19\" data-title=\"\u00dchepuulootsiku ehk haabja ehituse tutvustamine Saarisoo talus\" title=\"Enlarge photo\"><div style=\"background-image:url(https:\/\/visitsoomaa.ee\/wp-content\/uploads\/api_uploads\/Eesti-Haabjaselts-MTU\/1_-1_false_false_9e847df41ae3043ecb9b5df94490f12f-768x373.jpg)\"><\/div><noscript><img loading=\"lazy\" decoding=\"async\" class=\"wpgb-noscript-img\" src=\"https:\/\/visitsoomaa.ee\/wp-content\/uploads\/api_uploads\/Eesti-Haabjaselts-MTU\/1_-1_false_false_9e847df41ae3043ecb9b5df94490f12f-768x373.jpg\" alt=\"\" height=\"373\" width=\"768\"><\/noscript><\/a><\/div><div class=\"wpgb-card-media-overlay\"><\/div><div class=\"wpgb-card-media-content\"><div class=\"wpgb-card-media-content-bottom\"><h3 class=\"wpgb-block-1 wpgb-idle-scheme-1\"><a href=\"https:\/\/visitsoomaa.ee\/en\/api-objekt\/building-an-expanded-dugout-boat-at-saarisoo-farm\/\">Building an expanded dugout boat at Saarisoo Farm<\/a><\/h3><div class=\"wpgb-block-2\"><span class=\"wpgb-block-term wpgb-idle-scheme-3\" data-id=\"947\">Guided tours<\/span><span class=\" wpgb-idle-scheme-3\">, <\/span><span class=\"wpgb-block-term wpgb-idle-scheme-3\" data-id=\"10\">Optional<\/span><span class=\" wpgb-idle-scheme-3\">, <\/span><span class=\"wpgb-block-term wpgb-idle-scheme-3\" data-id=\"945\">Tours<\/span><\/div><\/div><\/div><\/div><a class=\"wpgb-card-layer-link\" href=\"https:\/\/visitsoomaa.ee\/en\/api-objekt\/building-an-expanded-dugout-boat-at-saarisoo-farm\/\"><\/a><\/div><\/div><\/article>\t\t<\/div>\n\t<\/div>\n\t<div class=\"wpgb-area wpgb-area-left\">\n\t<button type=\"button\" class=\"wpgb-prev-button\" aria-label=\"Previous slide\" hidden>\n\t<svg><use xlink:href=\"https:\/\/visitsoomaa.ee\/wp-content\/plugins\/wp-grid-builder\/public\/svg\/arrows\/arrow-left.svg#wpgb-icon\"\/><\/svg><\/button>\n<\/div>\n<div class=\"wpgb-area wpgb-area-right\">\n\t<button type=\"button\" class=\"wpgb-next-button\" aria-label=\"Next slide\" hidden>\n\t<svg><use xlink:href=\"https:\/\/visitsoomaa.ee\/wp-content\/plugins\/wp-grid-builder\/public\/svg\/arrows\/arrow-right.svg#wpgb-icon\"\/><\/svg><\/button>\n<\/div>\n<\/div>\n\t<\/div>\n\t\t<\/div>\n<\/div>\n","protected":false},"excerpt":{"rendered":"<p>Here you can find some sample itineraries for exploring Soomaa, as well as various guided tours.<\/p>\n","protected":false},"author":1,"featured_media":0,"parent":0,"menu_order":0,"comment_status":"closed","ping_status":"closed","template":"","meta":{"_acf_changed":false,"om_disable_all_campaigns":false,"_monsterinsights_skip_tracking":false,"_monsterinsights_sitenote_active":false,"_monsterinsights_sitenote_note":"","_monsterinsights_sitenote_category":0,"footnotes":""},"class_list":["post-4574","page","type-page","status-publish","hentry"],"acf":[],"aioseo_notices":[],"_links":{"self":[{"href":"https:\/\/visitsoomaa.ee\/en\/wp-json\/wp\/v2\/pages\/4574","targetHints":{"allow":["GET"]}}],"collection":[{"href":"https:\/\/visitsoomaa.ee\/en\/wp-json\/wp\/v2\/pages"}],"about":[{"href":"https:\/\/visitsoomaa.ee\/en\/wp-json\/wp\/v2\/types\/page"}],"author":[{"embeddable":true,"href":"https:\/\/visitsoomaa.ee\/en\/wp-json\/wp\/v2\/users\/1"}],"replies":[{"embeddable":true,"href":"https:\/\/visitsoomaa.ee\/en\/wp-json\/wp\/v2\/comments?post=4574"}],"version-history":[{"count":1,"href":"https:\/\/visitsoomaa.ee\/en\/wp-json\/wp\/v2\/pages\/4574\/revisions"}],"predecessor-version":[{"id":4575,"href":"https:\/\/visitsoomaa.ee\/en\/wp-json\/wp\/v2\/pages\/4574\/revisions\/4575"}],"wp:attachment":[{"href":"https:\/\/visitsoomaa.ee\/en\/wp-json\/wp\/v2\/media?parent=4574"}],"curies":[{"name":"wp","href":"https:\/\/api.w.org\/{rel}","templated":true}]}}