{"id":4571,"date":"2024-01-08T21:26:03","date_gmt":"2024-01-08T19:26:03","guid":{"rendered":"https:\/\/visitsoomaa.ee\/?page_id=4571"},"modified":"2024-02-08T01:11:32","modified_gmt":"2024-02-07T23:11:32","slug":"how-to-get-here","status":"publish","type":"page","link":"https:\/\/visitsoomaa.ee\/en\/how-to-get-here\/","title":{"rendered":"HOW TO GET HERE?"},"content":{"rendered":"\n<h4 class=\"wp-block-heading\">How to get here?<\/h4>\n\n\n\n<ul class=\"wp-block-list\">\n<li>Soomaa is located in the borderland between Viljandi and P\u00e4rnu counties. Unfortunately, due to the scarce local population, there aren't many good solutions to rely on public transportation, alas we must admit that it is more comfortable to walk, bike or come by car. <\/li>\n\n\n\n<li>All year round one can take a bus from P\u00e4rnu to Tori, from Viljandi to Suure-Jaani or K\u00f5pu village. In the summer, these lines are prolonged up to Soomaa Visitor Centre in K\u00f5rtsi-T\u00f5ramaa. More details:\u00a0<a href=\"https:\/\/web.peatus.ee\/\" target=\"_blank\" rel=\"noreferrer noopener\">peatus.ee<\/a><\/li>\n\n\n\n<li>For cyclists, it's good to know that the train stations closest to Soomaa are T\u00fcri and Olustvere.<\/li>\n<\/ul>\n\n\n\n<p>On the spot it's possible to rent bikes from a number of guesthouses and of course t is most enjoyable to travel along the waterway. <\/p>\n\n\n\n<iframe loading=\"lazy\" src=\"https:\/\/www.google.com\/maps\/d\/embed?mid=1O7zNKBM9Ck5atRTMcVLkKE9osIM&hl=en_US&ehbc=2E312F\" width=\"640\" height=\"480\"><\/iframe>\n","protected":false},"excerpt":{"rendered":"<p>How to get here? On the spot it's possible to rent bikes from a number of guesthouses and of course t is most enjoyable to travel along the waterway.<\/p>\n","protected":false},"author":1,"featured_media":0,"parent":0,"menu_order":0,"comment_status":"closed","ping_status":"closed","template":"","meta":{"_acf_changed":false,"om_disable_all_campaigns":false,"_monsterinsights_skip_tracking":false,"_monsterinsights_sitenote_active":false,"_monsterinsights_sitenote_note":"","_monsterinsights_sitenote_category":0,"footnotes":""},"class_list":["post-4571","page","type-page","status-publish","hentry"],"acf":[],"aioseo_notices":[],"_links":{"self":[{"href":"https:\/\/visitsoomaa.ee\/en\/wp-json\/wp\/v2\/pages\/4571","targetHints":{"allow":["GET"]}}],"collection":[{"href":"https:\/\/visitsoomaa.ee\/en\/wp-json\/wp\/v2\/pages"}],"about":[{"href":"https:\/\/visitsoomaa.ee\/en\/wp-json\/wp\/v2\/types\/page"}],"author":[{"embeddable":true,"href":"https:\/\/visitsoomaa.ee\/en\/wp-json\/wp\/v2\/users\/1"}],"replies":[{"embeddable":true,"href":"https:\/\/visitsoomaa.ee\/en\/wp-json\/wp\/v2\/comments?post=4571"}],"version-history":[{"count":5,"href":"https:\/\/visitsoomaa.ee\/en\/wp-json\/wp\/v2\/pages\/4571\/revisions"}],"predecessor-version":[{"id":4787,"href":"https:\/\/visitsoomaa.ee\/en\/wp-json\/wp\/v2\/pages\/4571\/revisions\/4787"}],"wp:attachment":[{"href":"https:\/\/visitsoomaa.ee\/en\/wp-json\/wp\/v2\/media?parent=4571"}],"curies":[{"name":"wp","href":"https:\/\/api.w.org\/{rel}","templated":true}]}}