{"id":1406,"date":"2024-01-08T21:25:24","date_gmt":"2024-01-08T19:25:24","guid":{"rendered":"https:\/\/visitsoomaa.ee\/?page_id=1406"},"modified":"2024-01-30T18:25:46","modified_gmt":"2024-01-30T16:25:46","slug":"asukoht","status":"publish","type":"page","link":"https:\/\/visitsoomaa.ee\/en\/asukoht\/","title":{"rendered":"Asukoht"},"content":{"rendered":"\n<div class=\"wp-block-columns is-layout-flex wp-container-core-columns-is-layout-28f84493 wp-block-columns-is-layout-flex\">\n<div class=\"wp-block-column is-layout-flow wp-block-column-is-layout-flow\">\n<p><a href=\"https:\/\/www.google.com\/maps\/d\/u\/0\/viewer?mid=1O7zNKBM9Ck5atRTMcVLkKE9osIM&amp;hl=en_US&amp;ll=58.455479530199675%2C25.052175499999983&amp;z=11\">https:\/\/www.google.com\/maps\/d\/u\/0\/viewer?mid=1O7zNKBM9Ck5atRTMcVLkKE9osIM&amp;hl=en_US&amp;ll=58.455479530199675%2C25.052175499999983&amp;z=11<\/a><\/p>\n\n\n\n<p><\/p>\n\n\n\n<h4 class=\"wp-block-heading\">ENG<strong>Asukoht<\/strong><\/h4>\n\n\n\n<p>K\u00f5rtsi-T\u00f5ramaa, Tipu k\u00fcla, 71280 P\u00f5hja-Sakala vald, Viljandimaa.<br>Objekt nr 19 rahvuspargi kaardil.<\/p>\n\n\n\n<p><\/p>\n\n\n\n<h4 class=\"wp-block-heading\">Kuidas tulla?<\/h4>\n\n\n\n<p>K\u00fclastuskeskus paikneb Tipu k\u00fclas, Viljandi ja P\u00e4rnu maakonna piiril, K\u00f5pu-J\u00f5esuu mnt 24. kilomeetril.<\/p>\n\n\n\n<ul class=\"wp-block-list\">\n<li>Tallinna-P\u00e4rnu-Tori suunalt tulles s\u00f5ita Tori asulasse, kust keerata rahvusparki suunavale V\u00f5lli teele. Sealt s\u00f5ita edasi 6 km m\u00f6\u00f6da J\u00f5esuu teed kuni J\u00f5esuu asulani. Enne asulasse j\u00f5udmist keerata paremale K\u00f5pu-J\u00f5esuu mnt-le. RMK Soomaa k\u00fclastuskeskuseni K\u00f5rtsi-T\u00f5ramaal j\u00e4\u00e4b sealt veel 14,4 km.<\/li>\n\n\n\n<li>Tartu, Viljandi suunalt s\u00f5ita m\u00f6\u00f6da Tartu-Viljandi-P\u00e4rnu maanteed K\u00f5pu asulani. Sealt keerata peale kalmistut K\u00f5pu asulast algavale K\u00f5pu-J\u00f5esuu maanteele - RMK Soomaa k\u00fclastuskeskuseni K\u00f5rtsi-T\u00f5ramaal j\u00e4\u00e4b veel 24 kilomeetrit.<\/li>\n<\/ul>\n\n\n\n<p>Viljandi suunalt p\u00e4\u00e4seb \u00fchistranspordiga Soomaa rahvusparki&nbsp;<strong>kolmap\u00e4eviti<\/strong>&nbsp;liinibussiga nr 55C. K\u00f5rtsi-T\u00f5ramaa peatusesse s\u00f5idab buss&nbsp;<strong>kolmap\u00e4eviti ainult ettetellimisega tel. +372 434 0089, hiljemalt eelmisel p\u00e4eval kell 18.00.<\/strong><br>Vaata t\u00e4psemalt:&nbsp;<a href=\"https:\/\/web.peatus.ee\/\" target=\"_blank\" rel=\"noreferrer noopener\">peatus.ee<\/a><\/p>\n<\/div>\n\n\n\n<div class=\"wp-block-column is-layout-flow wp-block-column-is-layout-flow\"><figure class=\"wp-block-post-featured-image\"><img loading=\"lazy\" decoding=\"async\" width=\"1440\" height=\"1024\" src=\"https:\/\/visitsoomaa.ee\/wp-content\/uploads\/2024\/01\/Soomaa_trykk-1.jpg\" class=\"attachment-post-thumbnail size-post-thumbnail wp-post-image\" alt=\"\" style=\"object-fit:cover;\" srcset=\"https:\/\/visitsoomaa.ee\/wp-content\/uploads\/2024\/01\/Soomaa_trykk-1.jpg 1440w, https:\/\/visitsoomaa.ee\/wp-content\/uploads\/2024\/01\/Soomaa_trykk-1-300x213.jpg 300w, https:\/\/visitsoomaa.ee\/wp-content\/uploads\/2024\/01\/Soomaa_trykk-1-1024x728.jpg 1024w, https:\/\/visitsoomaa.ee\/wp-content\/uploads\/2024\/01\/Soomaa_trykk-1-768x546.jpg 768w\" sizes=\"auto, (max-width: 1440px) 100vw, 1440px\" \/><\/figure><\/div>\n<\/div>\n","protected":false},"excerpt":{"rendered":"<p>https:\/\/www.google.com\/maps\/d\/u\/0\/viewer?mid=1O7zNKBM9Ck5atRTMcVLkKE9osIM&amp;hl=en_US&amp;ll=58.455479530199675%2C25.052175499999983&amp;z=11 ENGAsukoht K\u00f5rtsi-T\u00f5ramaa, Tipu k\u00fcla, 71280 P\u00f5hja-Sakala vald, Viljandimaa.Objekt nr 19 rahvuspargi kaardil. Kuidas tulla? K\u00fclastuskeskus paikneb Tipu k\u00fclas, Viljandi ja P\u00e4rnu maakonna piiril, K\u00f5pu-J\u00f5esuu mnt 24. kilomeetril. Viljandi suunalt p\u00e4\u00e4seb \u00fchistranspordiga Soomaa rahvusparki&nbsp;kolmap\u00e4eviti&nbsp;liinibussiga nr 55C. K\u00f5rtsi-T\u00f5ramaa peatusesse s\u00f5idab buss&nbsp;kolmap\u00e4eviti ainult ettetellimisega tel. +372 434 0089, hiljemalt eelmisel p\u00e4eval kell 18.00.Vaata t\u00e4psemalt:&nbsp;peatus.ee<\/p>\n","protected":false},"author":1,"featured_media":674,"parent":0,"menu_order":0,"comment_status":"closed","ping_status":"closed","template":"","meta":{"_acf_changed":false,"om_disable_all_campaigns":false,"_monsterinsights_skip_tracking":false,"_monsterinsights_sitenote_active":false,"_monsterinsights_sitenote_note":"","_monsterinsights_sitenote_category":0,"footnotes":""},"class_list":["post-1406","page","type-page","status-publish","has-post-thumbnail","hentry"],"acf":[],"aioseo_notices":[],"_links":{"self":[{"href":"https:\/\/visitsoomaa.ee\/en\/wp-json\/wp\/v2\/pages\/1406","targetHints":{"allow":["GET"]}}],"collection":[{"href":"https:\/\/visitsoomaa.ee\/en\/wp-json\/wp\/v2\/pages"}],"about":[{"href":"https:\/\/visitsoomaa.ee\/en\/wp-json\/wp\/v2\/types\/page"}],"author":[{"embeddable":true,"href":"https:\/\/visitsoomaa.ee\/en\/wp-json\/wp\/v2\/users\/1"}],"replies":[{"embeddable":true,"href":"https:\/\/visitsoomaa.ee\/en\/wp-json\/wp\/v2\/comments?post=1406"}],"version-history":[{"count":1,"href":"https:\/\/visitsoomaa.ee\/en\/wp-json\/wp\/v2\/pages\/1406\/revisions"}],"predecessor-version":[{"id":1407,"href":"https:\/\/visitsoomaa.ee\/en\/wp-json\/wp\/v2\/pages\/1406\/revisions\/1407"}],"wp:featuredmedia":[{"embeddable":true,"href":"https:\/\/visitsoomaa.ee\/en\/wp-json\/wp\/v2\/media\/674"}],"wp:attachment":[{"href":"https:\/\/visitsoomaa.ee\/en\/wp-json\/wp\/v2\/media?parent=1406"}],"curies":[{"name":"wp","href":"https:\/\/api.w.org\/{rel}","templated":true}]}}