{"id":8712,"date":"2024-01-08T21:26:03","date_gmt":"2024-01-08T19:26:03","guid":{"rendered":"https:\/\/visitsoomaa.ee\/?page_id=8712"},"modified":"2025-03-10T11:14:59","modified_gmt":"2025-03-10T09:14:59","slug":"anreise-nach-soomaa","status":"publish","type":"page","link":"https:\/\/visitsoomaa.ee\/de\/anreise-nach-soomaa\/","title":{"rendered":"Anreise nach Soomaa"},"content":{"rendered":"\n<div class=\"wp-block-columns is-layout-flex wp-container-core-columns-is-layout-28f84493 wp-block-columns-is-layout-flex\">\n<div class=\"wp-block-column is-layout-flow wp-block-column-is-layout-flow\">\n<h4 class=\"wp-block-heading\">Wie gelangt man nach Soomaa?<\/h4>\n\n\n\n<ul class=\"wp-block-list\">\n<li>Soomaa liegt zwischen den Landkreisen Viljandi und P\u00e4rnu. Da die Region d\u00fcnn besiedelt ist, gibt es nur begrenzte \u00f6ffentliche Verkehrsanbindungen. Die besten M\u00f6glichkeiten, Soomaa zu erkunden, sind mit dem Auto, dem Fahrrad oder zu Fu\u00df.<\/li>\n\n\n\n<li>Ganzj\u00e4hrig verkehren Linienbusse von P\u00e4rnu nach Tori sowie von Viljandi nach Suure-Jaani oder K\u00f5pu. In den Sommermonaten gibt es eine direkte Busverbindung zum Besucherzentrum des Nationalparks in T\u00f5ramaa. Genauere Infos sind unter <a href=\"https:\/\/www.peatus.ee\">peatus.ee<\/a> zu finden.<\/li>\n\n\n\n<li>F\u00fcr Radfahrer sind die n\u00e4chstgelegenen Bahnh\u00f6fe T\u00fcri und Olustvere ideal.<\/li>\n<\/ul>\n\n\n\n<p>Einige Unterk\u00fcnfte bieten auch Fahrradverleih an. Besonders reizvoll ist eine Erkundung des Nationalparks vom Boot oder Kanu aus.<\/p>\n<\/div>\n\n\n\n<div class=\"wp-block-column is-layout-flow wp-block-column-is-layout-flow\"><p><iframe loading=\"lazy\" src=\"https:\/\/www.google.com\/maps\/d\/embed?mid=1AaFqNxsHEqcBKR3H1dWqgE3k66lPyv0&ehbc=2E312F\" width=\"640\" height=\"480\"><\/iframe><\/p>\n<\/div>\n<\/div>\n","protected":false},"excerpt":{"rendered":"<p>Wie gelangt man nach Soomaa? Einige Unterk\u00fcnfte bieten auch Fahrradverleih an. Besonders reizvoll ist eine Erkundung des Nationalparks vom Boot oder Kanu aus.<\/p>\n","protected":false},"author":1,"featured_media":0,"parent":0,"menu_order":0,"comment_status":"closed","ping_status":"closed","template":"","meta":{"_acf_changed":false,"om_disable_all_campaigns":false,"_monsterinsights_skip_tracking":false,"_monsterinsights_sitenote_active":false,"_monsterinsights_sitenote_note":"","_monsterinsights_sitenote_category":0,"footnotes":""},"class_list":["post-8712","page","type-page","status-publish","hentry"],"acf":[],"aioseo_notices":[],"_links":{"self":[{"href":"https:\/\/visitsoomaa.ee\/de\/wp-json\/wp\/v2\/pages\/8712","targetHints":{"allow":["GET"]}}],"collection":[{"href":"https:\/\/visitsoomaa.ee\/de\/wp-json\/wp\/v2\/pages"}],"about":[{"href":"https:\/\/visitsoomaa.ee\/de\/wp-json\/wp\/v2\/types\/page"}],"author":[{"embeddable":true,"href":"https:\/\/visitsoomaa.ee\/de\/wp-json\/wp\/v2\/users\/1"}],"replies":[{"embeddable":true,"href":"https:\/\/visitsoomaa.ee\/de\/wp-json\/wp\/v2\/comments?post=8712"}],"version-history":[{"count":1,"href":"https:\/\/visitsoomaa.ee\/de\/wp-json\/wp\/v2\/pages\/8712\/revisions"}],"predecessor-version":[{"id":8714,"href":"https:\/\/visitsoomaa.ee\/de\/wp-json\/wp\/v2\/pages\/8712\/revisions\/8714"}],"wp:attachment":[{"href":"https:\/\/visitsoomaa.ee\/de\/wp-json\/wp\/v2\/media?parent=8712"}],"curies":[{"name":"wp","href":"https:\/\/api.w.org\/{rel}","templated":true}]}}