{"id":8702,"date":"2024-02-01T22:15:33","date_gmt":"2024-02-01T20:15:33","guid":{"rendered":"https:\/\/visitsoomaa.ee\/?page_id=8702"},"modified":"2025-03-10T10:57:54","modified_gmt":"2025-03-10T08:57:54","slug":"was-ist-soomaa","status":"publish","type":"page","link":"https:\/\/visitsoomaa.ee\/de\/was-ist-soomaa\/","title":{"rendered":"WAS IST SOOMAA?"},"content":{"rendered":"\n<div class=\"wp-block-columns is-layout-flex wp-container-core-columns-is-layout-28f84493 wp-block-columns-is-layout-flex\">\n<div class=\"wp-block-column is-layout-flow wp-block-column-is-layout-flow\">\n<p>Soomaa ist eines der beeindruckendsten Naturgebiete Estlands. Das Herzst\u00fcck dieser Region bildet der <strong>Soomaa-Nationalpark<\/strong>, der sich an der Grenze der Landkreise P\u00e4rnu und Viljandi erstreckt. Soomaa bedeutet \u201eSumpfland\u201c.<\/p>\n\n\n\n<p>Die Region ist vor allem f\u00fcr die \u201eF\u00fcnfte Jahreszeit\u201c bekannt \u2013 eine Zeit im Fr\u00fchjahr, in der durch Schneeschmelze und Regen gro\u00dfe Teile des Parks \u00fcberflutet werden. Dann breiten sich riesige Wasserfl\u00e4chen aus, Auenwiesen verwandeln sich in spiegelnde Landschaften und Boote werden zum wichtigsten Fortbewegungsmittel. In Soomaa ist auch die jahrhundertealte Tradition des <em>Haabjas<\/em>, eines aus einem einzigen Baumstamm gefertigten Einbaums, lebendig geblieben. Dieses einzigartige Handwerk wurde in die UNESCO-Liste des immateriellen Kulturerbes aufgenommen.<\/p>\n\n\n\n<p>Soomaa ist der perfekte Ort, um die Kraft und Sch\u00f6nheit der Natur zu erleben. Die Moore und S\u00fcmpfe bieten <strong><u>zahlreiche M\u00f6glichkeiten f\u00fcr Erkundungen<\/u><\/strong> \u2013 je nach Jahreszeit kann man sich in Soomaa mit dem Kanu oder SUP-Board, dem Einbaum oder Tretschlitten, auf Skiern oder R\u00e4dern, mit Schnee- oder Schlittschuhen, zu Fu\u00df oder auf dem Pferder\u00fccken fortbewegen. Langweilig wird es hier garantiert nicht \u2013 \u00fcberzeuge dich selbst bei einem Besuch!<\/p>\n\n\n\n<p>Die Region hat noch mehr zu bieten: Museen, Kirchen, Hofl\u00e4den, kleine Handwerksbetriebe und Lebensmittelproduzenten laden zu Besuchen ein; es gibt Workshops und M\u00f6glichkeiten Tiere zu bestaunen. Wer nach einem aktiven Tag entspannen m\u00f6chte, findet Erholung in einer Sauna, bei einer guten Mahlzeit oder in einer gem\u00fctlichen Unterkunft.<\/p>\n\n\n\n<p><strong><u>Ein Aufenthalt in Soomaa lohnt sich f\u00fcr mehrere Tage<\/u><\/strong> \u2013 ob allein, mit Familie, Freunden oder in gr\u00f6\u00dferer Gruppe, zur Erholung, zur Gesch\u00e4ftsbesprechung oder f\u00fcr ein kleines Abenteuer. Soomaa hei\u00dft dich stets herzlich willkommen!<\/p>\n<\/div>\n\n\n\n<div class=\"wp-block-column is-layout-flow wp-block-column-is-layout-flow\">\n<figure class=\"wp-block-image size-large\"><img loading=\"lazy\" decoding=\"async\" width=\"1024\" height=\"427\" src=\"https:\/\/visitsoomaa.ee\/wp-content\/uploads\/2023\/12\/SvenZacek-1024x427.jpg\" alt=\"\" class=\"wp-image-97\" srcset=\"https:\/\/visitsoomaa.ee\/wp-content\/uploads\/2023\/12\/SvenZacek-1024x427.jpg 1024w, https:\/\/visitsoomaa.ee\/wp-content\/uploads\/2023\/12\/SvenZacek-300x125.jpg 300w, https:\/\/visitsoomaa.ee\/wp-content\/uploads\/2023\/12\/SvenZacek-768x320.jpg 768w, https:\/\/visitsoomaa.ee\/wp-content\/uploads\/2023\/12\/SvenZacek-1536x640.jpg 1536w, https:\/\/visitsoomaa.ee\/wp-content\/uploads\/2023\/12\/SvenZacek.jpg 1920w\" sizes=\"auto, (max-width: 1024px) 100vw, 1024px\" \/><\/figure>\n<\/div>\n<\/div>\n","protected":false},"excerpt":{"rendered":"<p>Soomaa ist eines der beeindruckendsten Naturgebiete Estlands. Das Herzst\u00fcck dieser Region bildet der Soomaa-Nationalpark, der sich an der Grenze der Landkreise P\u00e4rnu und Viljandi erstreckt. Soomaa bedeutet \u201eSumpfland\u201c. Die Region ist vor allem f\u00fcr die \u201eF\u00fcnfte Jahreszeit\u201c bekannt \u2013 eine Zeit im Fr\u00fchjahr, in der durch Schneeschmelze und Regen gro\u00dfe Teile des Parks \u00fcberflutet werden. [&hellip;]<\/p>\n","protected":false},"author":1,"featured_media":0,"parent":0,"menu_order":0,"comment_status":"closed","ping_status":"closed","template":"","meta":{"_acf_changed":false,"om_disable_all_campaigns":false,"_monsterinsights_skip_tracking":false,"_monsterinsights_sitenote_active":false,"_monsterinsights_sitenote_note":"","_monsterinsights_sitenote_category":0,"footnotes":""},"class_list":["post-8702","page","type-page","status-publish","hentry"],"acf":[],"aioseo_notices":[],"_links":{"self":[{"href":"https:\/\/visitsoomaa.ee\/de\/wp-json\/wp\/v2\/pages\/8702","targetHints":{"allow":["GET"]}}],"collection":[{"href":"https:\/\/visitsoomaa.ee\/de\/wp-json\/wp\/v2\/pages"}],"about":[{"href":"https:\/\/visitsoomaa.ee\/de\/wp-json\/wp\/v2\/types\/page"}],"author":[{"embeddable":true,"href":"https:\/\/visitsoomaa.ee\/de\/wp-json\/wp\/v2\/users\/1"}],"replies":[{"embeddable":true,"href":"https:\/\/visitsoomaa.ee\/de\/wp-json\/wp\/v2\/comments?post=8702"}],"version-history":[{"count":1,"href":"https:\/\/visitsoomaa.ee\/de\/wp-json\/wp\/v2\/pages\/8702\/revisions"}],"predecessor-version":[{"id":8703,"href":"https:\/\/visitsoomaa.ee\/de\/wp-json\/wp\/v2\/pages\/8702\/revisions\/8703"}],"wp:attachment":[{"href":"https:\/\/visitsoomaa.ee\/de\/wp-json\/wp\/v2\/media?parent=8702"}],"curies":[{"name":"wp","href":"https:\/\/api.w.org\/{rel}","templated":true}]}}