{"id":8456,"date":"2024-01-08T21:18:08","date_gmt":"2024-01-08T19:18:08","guid":{"rendered":"https:\/\/visitsoomaa.ee\/?page_id=8456"},"modified":"2025-02-27T14:07:48","modified_gmt":"2025-02-27T12:07:48","slug":"fruehling","status":"publish","type":"page","link":"https:\/\/visitsoomaa.ee\/de\/fruehling\/","title":{"rendered":"Fr\u00fchling"},"content":{"rendered":"\n<div class=\"wp-block-columns is-layout-flex wp-container-core-columns-is-layout-28f84493 wp-block-columns-is-layout-flex\">\n<div class=\"wp-block-column is-layout-flow wp-block-column-is-layout-flow\">\n<h3 class=\"wp-block-heading\">Was kann man im Fr\u00fchling in Soomaa unternehmen?<\/h3>\n\n\n\n<p>Wenn der Winter sich zur\u00fcckzieht, erwacht die Natur zu neuem Leben. Besonders beeindruckend ist dieses Schauspiel im M\u00e4rz und April, wenn das Schmelzwasser die Fl\u00fcsse \u00fcber die Ufer treten l\u00e4sst \u2013 in Soomaa nennt man das die \u201e<strong>F\u00fcnfte Jahreszeit\u201c<\/strong>.<\/p>\n\n\n\n<p>Sobald das Wasser zur\u00fcckgeht, beginnt die <strong><u>Kanusaison<\/u><\/strong>. <strong><u>Moorwanderungen<\/u><\/strong> \u00fcber lange Lehrpfade sind im Fr\u00fchling ebenfalls m\u00f6glich \u2013 allerdings ohne Moorschuhe, denn in dieser Zeit gilt in ganz Estland eine Moorschuhpause, um bodenbr\u00fctende V\u00f6gel nicht zu st\u00f6ren.<\/p>\n\n\n\n<p>Nach den langen Wintermonaten sind auch die Tiere besonders aktiv. Neben den einheimischen Wild- und Haustieren gibt es in Soomaa auch einige Exoten: Auf der Alpakafarm kann man Lamas, Guanakos, Kamerun-Ziegen und eben Alpakas aus n\u00e4chster N\u00e4he erleben.<\/p>\n\n\n\n<p>Das Fr\u00fchlingswetter kann launisch sein \u2013 was gibt es da Sch\u00f6neres, als den Tag in einer <strong>Sauna<\/strong> ausklingen zu lassen? Die Saunen von Soomaa sind sehr unterschiedlich \u2013 von der kleinen Senni-Sauna im Klaara-Manni G\u00e4stehaus bis zur Saunalandschaft des Soomaa-Feriendorfes.<\/p>\n<\/div>\n\n\n\n<div class=\"wp-block-column is-layout-flow wp-block-column-is-layout-flow\">\n<figure class=\"wp-block-gallery has-nested-images columns-default is-cropped wp-block-gallery-2 is-layout-flex wp-block-gallery-is-layout-flex\">\n<figure class=\"wp-block-image size-large\"><img loading=\"lazy\" decoding=\"async\" width=\"1024\" height=\"683\" data-id=\"4536\" src=\"https:\/\/visitsoomaa.ee\/wp-content\/uploads\/2024\/02\/V2lisvaade-Parnu-jogi-kevadel-1024x683.jpg\" alt=\"P\u00e4rnu j\u00f5gi kevadel\" class=\"wp-image-4536\" srcset=\"https:\/\/visitsoomaa.ee\/wp-content\/uploads\/2024\/02\/V2lisvaade-Parnu-jogi-kevadel-1024x683.jpg 1024w, https:\/\/visitsoomaa.ee\/wp-content\/uploads\/2024\/02\/V2lisvaade-Parnu-jogi-kevadel-300x200.jpg 300w, https:\/\/visitsoomaa.ee\/wp-content\/uploads\/2024\/02\/V2lisvaade-Parnu-jogi-kevadel-768x512.jpg 768w, https:\/\/visitsoomaa.ee\/wp-content\/uploads\/2024\/02\/V2lisvaade-Parnu-jogi-kevadel-1536x1024.jpg 1536w, https:\/\/visitsoomaa.ee\/wp-content\/uploads\/2024\/02\/V2lisvaade-Parnu-jogi-kevadel-2048x1365.jpg 2048w, https:\/\/visitsoomaa.ee\/wp-content\/uploads\/2024\/02\/V2lisvaade-Parnu-jogi-kevadel-scaled.jpg 2560w\" sizes=\"auto, (max-width: 1024px) 100vw, 1024px\" \/><\/figure>\n\n\n\n<figure class=\"wp-block-image size-large\"><img loading=\"lazy\" decoding=\"async\" width=\"1024\" height=\"678\" data-id=\"4540\" src=\"https:\/\/visitsoomaa.ee\/wp-content\/uploads\/2024\/02\/Soomaa-blooming-apple-trees-Tori-Cidery-1024x678.jpg\" alt=\"\" class=\"wp-image-4540\" srcset=\"https:\/\/visitsoomaa.ee\/wp-content\/uploads\/2024\/02\/Soomaa-blooming-apple-trees-Tori-Cidery-1024x678.jpg 1024w, https:\/\/visitsoomaa.ee\/wp-content\/uploads\/2024\/02\/Soomaa-blooming-apple-trees-Tori-Cidery-300x199.jpg 300w, https:\/\/visitsoomaa.ee\/wp-content\/uploads\/2024\/02\/Soomaa-blooming-apple-trees-Tori-Cidery-768x508.jpg 768w, https:\/\/visitsoomaa.ee\/wp-content\/uploads\/2024\/02\/Soomaa-blooming-apple-trees-Tori-Cidery-1536x1017.jpg 1536w, https:\/\/visitsoomaa.ee\/wp-content\/uploads\/2024\/02\/Soomaa-blooming-apple-trees-Tori-Cidery.jpg 1600w\" sizes=\"auto, (max-width: 1024px) 100vw, 1024px\" \/><\/figure>\n\n\n\n<figure class=\"wp-block-image size-large\"><img loading=\"lazy\" decoding=\"async\" width=\"1024\" height=\"684\" data-id=\"553\" src=\"https:\/\/visitsoomaa.ee\/wp-content\/uploads\/2024\/01\/ia4y5rph.g4t-1024x684.jpg\" alt=\"\" class=\"wp-image-553\" srcset=\"https:\/\/visitsoomaa.ee\/wp-content\/uploads\/2024\/01\/ia4y5rph.g4t-1024x684.jpg 1024w, https:\/\/visitsoomaa.ee\/wp-content\/uploads\/2024\/01\/ia4y5rph.g4t-300x200.jpg 300w, https:\/\/visitsoomaa.ee\/wp-content\/uploads\/2024\/01\/ia4y5rph.g4t-768x513.jpg 768w, https:\/\/visitsoomaa.ee\/wp-content\/uploads\/2024\/01\/ia4y5rph.g4t-1536x1026.jpg 1536w, https:\/\/visitsoomaa.ee\/wp-content\/uploads\/2024\/01\/ia4y5rph.g4t.jpg 1640w\" sizes=\"auto, (max-width: 1024px) 100vw, 1024px\" \/><\/figure>\n\n\n\n<figure class=\"wp-block-image size-full\"><img decoding=\"async\" data-id=\"3421\" src=\"https:\/\/static.visitestonia.com\/images\/3960017\/-1_-1_false_false_506388ccd05dd319ec306bfb3d58fa95.jpg\" alt=\"Sinililled Soomaal\" class=\"wp-image-3421\"\/><\/figure>\n\n\n\n<figure class=\"wp-block-image size-full\"><img decoding=\"async\" data-id=\"3107\" src=\"https:\/\/static.visitestonia.com\/images\/3627713\/-1_-1_false_false_14d44203fb897c7f2dcf2bfcd5e42857.jpg\" alt=\"Tipu looduskool kevadel\" class=\"wp-image-3107\"\/><\/figure>\n<\/figure>\n<\/div>\n<\/div>\n","protected":false},"excerpt":{"rendered":"<p>Was kann man im Fr\u00fchling in Soomaa unternehmen? Wenn der Winter sich zur\u00fcckzieht, erwacht die Natur zu neuem Leben. Besonders beeindruckend ist dieses Schauspiel im M\u00e4rz und April, wenn das Schmelzwasser die Fl\u00fcsse \u00fcber die Ufer treten l\u00e4sst \u2013 in Soomaa nennt man das die \u201eF\u00fcnfte Jahreszeit\u201c. Sobald das Wasser zur\u00fcckgeht, beginnt die Kanusaison. Moorwanderungen [&hellip;]<\/p>\n","protected":false},"author":1,"featured_media":0,"parent":0,"menu_order":0,"comment_status":"closed","ping_status":"closed","template":"","meta":{"_acf_changed":false,"om_disable_all_campaigns":false,"_monsterinsights_skip_tracking":false,"_monsterinsights_sitenote_active":false,"_monsterinsights_sitenote_note":"","_monsterinsights_sitenote_category":0,"footnotes":""},"class_list":["post-8456","page","type-page","status-publish","hentry"],"acf":[],"aioseo_notices":[],"_links":{"self":[{"href":"https:\/\/visitsoomaa.ee\/de\/wp-json\/wp\/v2\/pages\/8456","targetHints":{"allow":["GET"]}}],"collection":[{"href":"https:\/\/visitsoomaa.ee\/de\/wp-json\/wp\/v2\/pages"}],"about":[{"href":"https:\/\/visitsoomaa.ee\/de\/wp-json\/wp\/v2\/types\/page"}],"author":[{"embeddable":true,"href":"https:\/\/visitsoomaa.ee\/de\/wp-json\/wp\/v2\/users\/1"}],"replies":[{"embeddable":true,"href":"https:\/\/visitsoomaa.ee\/de\/wp-json\/wp\/v2\/comments?post=8456"}],"version-history":[{"count":1,"href":"https:\/\/visitsoomaa.ee\/de\/wp-json\/wp\/v2\/pages\/8456\/revisions"}],"predecessor-version":[{"id":8458,"href":"https:\/\/visitsoomaa.ee\/de\/wp-json\/wp\/v2\/pages\/8456\/revisions\/8458"}],"wp:attachment":[{"href":"https:\/\/visitsoomaa.ee\/de\/wp-json\/wp\/v2\/media?parent=8456"}],"curies":[{"name":"wp","href":"https:\/\/api.w.org\/{rel}","templated":true}]}}