{"id":8443,"date":"2024-01-08T21:17:57","date_gmt":"2024-01-08T19:17:57","guid":{"rendered":"https:\/\/visitsoomaa.ee\/?page_id=8443"},"modified":"2025-02-27T14:05:22","modified_gmt":"2025-02-27T12:05:22","slug":"sommer","status":"publish","type":"page","link":"https:\/\/visitsoomaa.ee\/de\/sommer\/","title":{"rendered":"Sommer"},"content":{"rendered":"\n<div class=\"wp-block-columns is-layout-flex wp-container-core-columns-is-layout-28f84493 wp-block-columns-is-layout-flex\">\n<div class=\"wp-block-column is-layout-flow wp-block-column-is-layout-flow\">\n<h3 class=\"wp-block-heading\">Was kann man im Sommer in Soomaa unternehmen?<\/h3>\n\n\n\n<p>Im Sommer sinkt der Wasserspiegel der Fl\u00fcsse deutlich und ihre Wasser bewegen sich langsamer, wodurch sie sich ideal f\u00fcr SUP-Touren eignen.<\/p>\n\n\n\n<p>Nach Mittsommer endet die Moorschuhpause und die Feuchtgebiete k\u00f6nnen wieder auf <strong><u>Moorschuhen<\/u><\/strong> erkundet werden. Ein besonderes Sommervergn\u00fcgen ist das Baden in einem Moorsee, was nicht nur erfrischend ist, sondern angeblich auch eine verj\u00fcngende Wirkung haben soll.<\/p>\n\n\n\n<p>An warmen Sommertagen verbringt man die Zeit am besten drau\u00dfen. Im J\u00f5esuu Dorfcaf\u00e9 kann man das <strong>Mittag- oder Abendessen<\/strong> auf der Terrasse genie\u00dfen, mit einem wundersch\u00f6nen Blick auf den Fluss P\u00e4rnu und die H\u00e4ngebr\u00fccke dar\u00fcber.<\/p>\n\n\n\n<p>Der Sommer ist au\u00dferdem die perfekte Zeit f\u00fcr Hochzeiten, Familientreffen oder Firmenevents. Veranstaltungsorte wie das Junsi-Erholungszentrum, das Klaara-Manni Urlaubs- und Seminarzentrum oder der P\u00f5nka-Ferienhof bieten daf\u00fcr ideale Voraussetzungen.<\/p>\n\n\n\n<p>Wer sich f\u00fcr das Landleben interessiert, kann im Sommer einen der <strong>offenen Bauernh\u00f6fe<\/strong> besuchen \u2013 etwa den Piesta-Kuusikaru-Hof.<\/p>\n\n\n\n<p><\/p>\n\n\n\n<p><\/p>\n<\/div>\n\n\n\n<div class=\"wp-block-column is-layout-flow wp-block-column-is-layout-flow\">\n<figure class=\"wp-block-gallery has-nested-images columns-default is-cropped wp-block-gallery-2 is-layout-flex wp-block-gallery-is-layout-flex\">\n<figure class=\"wp-block-image size-full\"><img decoding=\"async\" data-id=\"1651\" src=\"https:\/\/static.visitestonia.com\/images\/1467664\/-1_-1_false_false_a71d39df7b35a30dbcf708f87c9f271f.jpg\" alt=\"P\u00f5nka Puhketalu Soomaal\" class=\"wp-image-1651\"\/><\/figure>\n\n\n\n<figure class=\"wp-block-image size-large\"><img loading=\"lazy\" decoding=\"async\" width=\"1024\" height=\"680\" data-id=\"4053\" src=\"https:\/\/visitsoomaa.ee\/wp-content\/uploads\/2024\/02\/Samliku_kanuumatkad_Indrek_Bachman-1024x680.jpg\" alt=\"Samliku kanuumatk Soomaal\" class=\"wp-image-4053\" srcset=\"https:\/\/visitsoomaa.ee\/wp-content\/uploads\/2024\/02\/Samliku_kanuumatkad_Indrek_Bachman-1024x680.jpg 1024w, https:\/\/visitsoomaa.ee\/wp-content\/uploads\/2024\/02\/Samliku_kanuumatkad_Indrek_Bachman-300x199.jpg 300w, https:\/\/visitsoomaa.ee\/wp-content\/uploads\/2024\/02\/Samliku_kanuumatkad_Indrek_Bachman-768x510.jpg 768w, https:\/\/visitsoomaa.ee\/wp-content\/uploads\/2024\/02\/Samliku_kanuumatkad_Indrek_Bachman.jpg 1275w\" sizes=\"auto, (max-width: 1024px) 100vw, 1024px\" \/><\/figure>\n\n\n\n<figure class=\"wp-block-image size-large\"><img loading=\"lazy\" decoding=\"async\" width=\"600\" height=\"400\" data-id=\"557\" src=\"https:\/\/visitsoomaa.ee\/wp-content\/uploads\/2024\/01\/600_400_false_false_2d323be364afd5f5ecb5eaf6e0fecb66.jpg\" alt=\"\" class=\"wp-image-557\" srcset=\"https:\/\/visitsoomaa.ee\/wp-content\/uploads\/2024\/01\/600_400_false_false_2d323be364afd5f5ecb5eaf6e0fecb66.jpg 600w, https:\/\/visitsoomaa.ee\/wp-content\/uploads\/2024\/01\/600_400_false_false_2d323be364afd5f5ecb5eaf6e0fecb66-300x200.jpg 300w\" sizes=\"auto, (max-width: 600px) 100vw, 600px\" \/><\/figure>\n\n\n\n<figure class=\"wp-block-image size-full\"><img decoding=\"async\" data-id=\"4019\" src=\"https:\/\/static.visitestonia.com\/images\/4086467\/-1_-1_false_false_9b531672474bf9cd82c002785c88edd1.jpg\" alt=\"Ujumissild Soomaa Puhkek\u00fclas\" class=\"wp-image-4019\"\/><\/figure>\n<\/figure>\n<\/div>\n<\/div>\n\n\n\n<p><\/p>\n","protected":false},"excerpt":{"rendered":"<p>Was kann man im Sommer in Soomaa unternehmen? Im Sommer sinkt der Wasserspiegel der Fl\u00fcsse deutlich und ihre Wasser bewegen sich langsamer, wodurch sie sich ideal f\u00fcr SUP-Touren eignen. Nach Mittsommer endet die Moorschuhpause und die Feuchtgebiete k\u00f6nnen wieder auf Moorschuhen erkundet werden. Ein besonderes Sommervergn\u00fcgen ist das Baden in einem Moorsee, was nicht nur [&hellip;]<\/p>\n","protected":false},"author":1,"featured_media":0,"parent":0,"menu_order":0,"comment_status":"closed","ping_status":"closed","template":"","meta":{"_acf_changed":false,"om_disable_all_campaigns":false,"_monsterinsights_skip_tracking":false,"_monsterinsights_sitenote_active":false,"_monsterinsights_sitenote_note":"","_monsterinsights_sitenote_category":0,"footnotes":""},"class_list":["post-8443","page","type-page","status-publish","hentry"],"acf":[],"aioseo_notices":[],"_links":{"self":[{"href":"https:\/\/visitsoomaa.ee\/de\/wp-json\/wp\/v2\/pages\/8443","targetHints":{"allow":["GET"]}}],"collection":[{"href":"https:\/\/visitsoomaa.ee\/de\/wp-json\/wp\/v2\/pages"}],"about":[{"href":"https:\/\/visitsoomaa.ee\/de\/wp-json\/wp\/v2\/types\/page"}],"author":[{"embeddable":true,"href":"https:\/\/visitsoomaa.ee\/de\/wp-json\/wp\/v2\/users\/1"}],"replies":[{"embeddable":true,"href":"https:\/\/visitsoomaa.ee\/de\/wp-json\/wp\/v2\/comments?post=8443"}],"version-history":[{"count":1,"href":"https:\/\/visitsoomaa.ee\/de\/wp-json\/wp\/v2\/pages\/8443\/revisions"}],"predecessor-version":[{"id":8444,"href":"https:\/\/visitsoomaa.ee\/de\/wp-json\/wp\/v2\/pages\/8443\/revisions\/8444"}],"wp:attachment":[{"href":"https:\/\/visitsoomaa.ee\/de\/wp-json\/wp\/v2\/media?parent=8443"}],"curies":[{"name":"wp","href":"https:\/\/api.w.org\/{rel}","templated":true}]}}