{"id":8423,"date":"2023-12-10T19:07:19","date_gmt":"2023-12-10T17:07:19","guid":{"rendered":"https:\/\/visitsoomaa.ee\/?page_id=8423"},"modified":"2025-02-26T11:08:44","modified_gmt":"2025-02-26T09:08:44","slug":"wanderwege","status":"publish","type":"page","link":"https:\/\/visitsoomaa.ee\/de\/wanderwege\/","title":{"rendered":"Wanderwege"},"content":{"rendered":"\n<p class=\"has-text-align-center\">In Soomaa gibt es <strong>10 \u00f6ffentliche Feuerstellen und 8 markierte Lehrpfade<\/strong>. Zudem verl\u00e4uft der Fernwanderweg Oandu-Aegviidu-Ikla durch den Nationalpark. Beliebte Wege sind der Biberpfad, ein kurzer Lehrpfad nahe des Besucherzentrums, und der Riisa-Moor-Lehrpfad, eine der meistbesuchten Routen durch das Hochmoor.<\/p>\n\n\n<!-- Gridbuilder \u1d42\u1d3e Plugin (https:\/\/wpgridbuilder.com) -->\n<div class=\"wp-grid-builder wpgb-grid-5\" data-options=\"{&quot;id&quot;:5,&quot;type&quot;:&quot;metro&quot;,&quot;source&quot;:&quot;post_type&quot;,&quot;loader&quot;:0,&quot;layout&quot;:&quot;vertical&quot;,&quot;reveal&quot;:1,&quot;isMainQuery&quot;:false,&quot;lazyLoad&quot;:0,&quot;cardSizes&quot;:{&quot;9999&quot;:{&quot;columns&quot;:4,&quot;height&quot;:240,&quot;gutter&quot;:20,&quot;ratio&quot;:&quot;0.75000&quot;},&quot;1200&quot;:{&quot;columns&quot;:4,&quot;height&quot;:240,&quot;gutter&quot;:15,&quot;ratio&quot;:&quot;0.75000&quot;},&quot;992&quot;:{&quot;columns&quot;:4,&quot;height&quot;:220,&quot;gutter&quot;:15,&quot;ratio&quot;:&quot;1.33333&quot;},&quot;768&quot;:{&quot;columns&quot;:3,&quot;height&quot;:220,&quot;gutter&quot;:15,&quot;ratio&quot;:&quot;1.33333&quot;},&quot;576&quot;:{&quot;columns&quot;:1,&quot;height&quot;:200,&quot;gutter&quot;:15,&quot;ratio&quot;:&quot;1.33333&quot;},&quot;320&quot;:{&quot;columns&quot;:1,&quot;height&quot;:200,&quot;gutter&quot;:15,&quot;ratio&quot;:&quot;1.33333&quot;}},&quot;fitRows&quot;:0,&quot;equalRows&quot;:0,&quot;equalColumns&quot;:0,&quot;fillLastRow&quot;:0,&quot;centerLastRow&quot;:0,&quot;horizontalOrder&quot;:0,&quot;fullWidth&quot;:0,&quot;transitionDelay&quot;:100,&quot;gallerySlideshow&quot;:0,&quot;rowsNumber&quot;:1,&quot;slideAlign&quot;:&quot;left&quot;,&quot;groupCells&quot;:1,&quot;draggable&quot;:1,&quot;initialIndex&quot;:0,&quot;contain&quot;:0,&quot;freeScroll&quot;:0,&quot;freeFriction&quot;:&quot;0.075&quot;,&quot;friction&quot;:&quot;0.285&quot;,&quot;attraction&quot;:&quot;0.025&quot;,&quot;autoPlay&quot;:0,&quot;pageDotAriaLabel&quot;:&quot;Page dot %d&quot;,&quot;isPreview&quot;:false,&quot;isGutenberg&quot;:false,&quot;rightToLeft&quot;:false}\"><div class=\"wpgb-svg-icons\" hidden>\n\t<svg viewBox=\"0 0 120 24\" width=\"0\" height=\"0\">\n\t<defs>\n        <polygon id=\"wpgb-star-svg\" points=\"12 2.5 15.1 8.8 22 9.8 17 14.6 18.2 21.5 12 18.3 5.8 21.5 7 14.6 2 9.8 8.9 8.8\"><\/polygon>\n    <\/defs>\n    <symbol id=\"wpgb-rating-stars-svg\">\n        <use xlink:href=\"#wpgb-star-svg\"><\/use>\n        <use xlink:href=\"#wpgb-star-svg\" x=\"24\"><\/use>\n        <use xlink:href=\"#wpgb-star-svg\" x=\"48\"><\/use>\n        <use xlink:href=\"#wpgb-star-svg\" x=\"72\"><\/use>\n        <use xlink:href=\"#wpgb-star-svg\" x=\"96\"><\/use>\n    <\/symbol>\n<\/svg>\n<\/div>\n<div class=\"wpgb-wrapper\">\n\t<div class=\"wpgb-main\">\n\t<div class=\"wpgb-layout\">\n\t<div class=\"wpgb-viewport\">\n\t\t<div class=\"wpgb-metro\">\n\t\t\t<article class=\"wpgb-card wpgb-card-24 wpgb-post-8492 wpgb-card-hidden\" data-col=\"1\" data-row=\"1\" data-format=\"standard\" data-fluid><div class=\"wpgb-card-wrapper\"><div class=\"wpgb-card-inner\" data-action><div class=\"wpgb-card-media wpgb-scheme-light\"><div class=\"wpgb-card-media-thumbnail\"><a href=\"https:\/\/visitsoomaa.ee\/wp-content\/uploads\/api_uploads\/objectloodus178531\/1_-1_false_false_a28bf3208ad1f17a484d3ef7c48cc429.jpg\" tabindex=\"-1\" class=\"wpgb-handle-lb wpgb-lightbox\" data-type=\"image\" data-rel=\"5\" data-title=\"Kuuraniidu \u00f5pperada\" title=\"Enlarge photo\"><div style=\"background-image:url(https:\/\/visitsoomaa.ee\/wp-content\/uploads\/api_uploads\/objectloodus178531\/1_-1_false_false_a28bf3208ad1f17a484d3ef7c48cc429-768x432.jpg)\"><\/div><noscript><img loading=\"lazy\" decoding=\"async\" class=\"wpgb-noscript-img\" src=\"https:\/\/visitsoomaa.ee\/wp-content\/uploads\/api_uploads\/objectloodus178531\/1_-1_false_false_a28bf3208ad1f17a484d3ef7c48cc429-768x432.jpg\" alt=\"\" height=\"432\" width=\"768\"><\/noscript><\/a><\/div><div class=\"wpgb-card-media-overlay\"><\/div><div class=\"wpgb-card-media-content\"><div class=\"wpgb-card-media-content-bottom\"><h3 class=\"wpgb-block-1 wpgb-idle-scheme-1\"><a href=\"https:\/\/visitsoomaa.ee\/de\/api-objekt\/kuraniidu-nature-study-trail\/\">Kuraniidu Nature Study Trail<\/a><\/h3><div class=\"wpgb-block-2\"><span class=\"wpgb-block-term wpgb-idle-scheme-3\" data-id=\"1699\">Hiking Trails<\/span><span class=\" wpgb-idle-scheme-3\">, <\/span><span class=\"wpgb-block-term wpgb-idle-scheme-3\" data-id=\"1689\">Nature &amp; Wildlife<\/span><span class=\" wpgb-idle-scheme-3\">, <\/span><span class=\"wpgb-block-term wpgb-idle-scheme-3\" data-id=\"1635\">Optional<\/span><\/div><\/div><\/div><\/div><a class=\"wpgb-card-layer-link\" href=\"https:\/\/visitsoomaa.ee\/de\/api-objekt\/kuraniidu-nature-study-trail\/\"><\/a><\/div><\/div><\/article><article class=\"wpgb-card wpgb-card-24 wpgb-post-8520 wpgb-card-hidden\" data-col=\"1\" data-row=\"1\" data-format=\"standard\" data-fluid><div class=\"wpgb-card-wrapper\"><div class=\"wpgb-card-inner\" data-action><div class=\"wpgb-card-media wpgb-scheme-light\"><div class=\"wpgb-card-media-thumbnail\"><a href=\"https:\/\/visitsoomaa.ee\/wp-content\/uploads\/api_uploads\/objectloodus3553\/1_-1_false_false_918c8380392f9cb0c2506686d400dea8.jpg\" tabindex=\"-1\" class=\"wpgb-handle-lb wpgb-lightbox\" data-type=\"image\" data-rel=\"5\" data-title=\"Riisa \u00f5pperada Soomaa Rahvuspargis\" title=\"Enlarge photo\"><div style=\"background-image:url(https:\/\/visitsoomaa.ee\/wp-content\/uploads\/api_uploads\/objectloodus3553\/1_-1_false_false_918c8380392f9cb0c2506686d400dea8-768x512.jpg)\"><\/div><noscript><img loading=\"lazy\" decoding=\"async\" class=\"wpgb-noscript-img\" src=\"https:\/\/visitsoomaa.ee\/wp-content\/uploads\/api_uploads\/objectloodus3553\/1_-1_false_false_918c8380392f9cb0c2506686d400dea8-768x512.jpg\" alt=\"\" height=\"512\" width=\"768\"><\/noscript><\/a><\/div><div class=\"wpgb-card-media-overlay\"><\/div><div class=\"wpgb-card-media-content\"><div class=\"wpgb-card-media-content-bottom\"><h3 class=\"wpgb-block-1 wpgb-idle-scheme-1\"><a href=\"https:\/\/visitsoomaa.ee\/de\/api-objekt\/riisa-study-trail-in-the-soomaa-national-park\/\">Riisa study trail in the Soomaa National Park<\/a><\/h3><div class=\"wpgb-block-2\"><span class=\"wpgb-block-term wpgb-idle-scheme-3\" data-id=\"1699\">Hiking Trails<\/span><span class=\" wpgb-idle-scheme-3\">, <\/span><span class=\"wpgb-block-term wpgb-idle-scheme-3\" data-id=\"1689\">Nature &amp; Wildlife<\/span><span class=\" wpgb-idle-scheme-3\">, <\/span><span class=\"wpgb-block-term wpgb-idle-scheme-3\" data-id=\"1635\">Optional<\/span><\/div><\/div><\/div><\/div><a class=\"wpgb-card-layer-link\" href=\"https:\/\/visitsoomaa.ee\/de\/api-objekt\/riisa-study-trail-in-the-soomaa-national-park\/\"><\/a><\/div><\/div><\/article><article class=\"wpgb-card wpgb-card-24 wpgb-post-8530 wpgb-card-hidden\" data-col=\"1\" data-row=\"1\" data-format=\"standard\" data-fluid><div class=\"wpgb-card-wrapper\"><div class=\"wpgb-card-inner\" data-action><div class=\"wpgb-card-media wpgb-scheme-light\"><div class=\"wpgb-card-media-thumbnail\"><a href=\"https:\/\/visitsoomaa.ee\/wp-content\/uploads\/api_uploads\/MTU-Tipu-Looduskool\/1_-1_false_false_4f18992ee1b6991025047eaff69406ea.jpg\" tabindex=\"-1\" class=\"wpgb-handle-lb wpgb-lightbox\" data-type=\"image\" data-rel=\"5\" data-title=\"Pauna matkarada\" title=\"Enlarge photo\"><div style=\"background-image:url(https:\/\/visitsoomaa.ee\/wp-content\/uploads\/api_uploads\/MTU-Tipu-Looduskool\/1_-1_false_false_4f18992ee1b6991025047eaff69406ea-768x512.jpg)\"><\/div><noscript><img loading=\"lazy\" decoding=\"async\" class=\"wpgb-noscript-img\" src=\"https:\/\/visitsoomaa.ee\/wp-content\/uploads\/api_uploads\/MTU-Tipu-Looduskool\/1_-1_false_false_4f18992ee1b6991025047eaff69406ea-768x512.jpg\" alt=\"\" height=\"512\" width=\"768\"><\/noscript><\/a><\/div><div class=\"wpgb-card-media-overlay\"><\/div><div class=\"wpgb-card-media-content\"><div class=\"wpgb-card-media-content-bottom\"><h3 class=\"wpgb-block-1 wpgb-idle-scheme-1\"><a href=\"https:\/\/visitsoomaa.ee\/de\/api-objekt\/pauna-hiking-trail\/\">Pauna hiking trail<\/a><\/h3><div class=\"wpgb-block-2\"><span class=\"wpgb-block-term wpgb-idle-scheme-3\" data-id=\"1699\">Hiking Trails<\/span><span class=\" wpgb-idle-scheme-3\">, <\/span><span class=\"wpgb-block-term wpgb-idle-scheme-3\" data-id=\"1689\">Nature &amp; Wildlife<\/span><span class=\" wpgb-idle-scheme-3\">, <\/span><span class=\"wpgb-block-term wpgb-idle-scheme-3\" data-id=\"1635\">Optional<\/span><\/div><\/div><\/div><\/div><a class=\"wpgb-card-layer-link\" href=\"https:\/\/visitsoomaa.ee\/de\/api-objekt\/pauna-hiking-trail\/\"><\/a><\/div><\/div><\/article><article class=\"wpgb-card wpgb-card-24 wpgb-post-8554 wpgb-card-hidden\" data-col=\"1\" data-row=\"1\" data-format=\"standard\" data-fluid><div class=\"wpgb-card-wrapper\"><div class=\"wpgb-card-inner\" data-action><div class=\"wpgb-card-media wpgb-scheme-light\"><div class=\"wpgb-card-media-thumbnail\"><a href=\"https:\/\/visitsoomaa.ee\/wp-content\/uploads\/api_uploads\/objectloodus4239\/1_-1_false_false_46959b16f131c50365e1b5962ab9b787.jpg\" tabindex=\"-1\" class=\"wpgb-handle-lb wpgb-lightbox\" data-type=\"image\" data-rel=\"5\" data-title=\"H\u00fcpassaare \u00f5pperada\" title=\"Enlarge photo\"><div style=\"background-image:url(https:\/\/visitsoomaa.ee\/wp-content\/uploads\/api_uploads\/objectloodus4239\/1_-1_false_false_46959b16f131c50365e1b5962ab9b787-768x512.jpg)\"><\/div><noscript><img loading=\"lazy\" decoding=\"async\" class=\"wpgb-noscript-img\" src=\"https:\/\/visitsoomaa.ee\/wp-content\/uploads\/api_uploads\/objectloodus4239\/1_-1_false_false_46959b16f131c50365e1b5962ab9b787-768x512.jpg\" alt=\"\" height=\"512\" width=\"768\"><\/noscript><\/a><\/div><div class=\"wpgb-card-media-overlay\"><\/div><div class=\"wpgb-card-media-content\"><div class=\"wpgb-card-media-content-bottom\"><h3 class=\"wpgb-block-1 wpgb-idle-scheme-1\"><a href=\"https:\/\/visitsoomaa.ee\/de\/api-objekt\/hupassaare-study-trail\/\">H\u00fcpassaare Study Trail<\/a><\/h3><div class=\"wpgb-block-2\"><span class=\"wpgb-block-term wpgb-idle-scheme-3\" data-id=\"1699\">Hiking Trails<\/span><span class=\" wpgb-idle-scheme-3\">, <\/span><span class=\"wpgb-block-term wpgb-idle-scheme-3\" data-id=\"1689\">Nature &amp; Wildlife<\/span><span class=\" wpgb-idle-scheme-3\">, <\/span><span class=\"wpgb-block-term wpgb-idle-scheme-3\" data-id=\"1635\">Optional<\/span><\/div><\/div><\/div><\/div><a class=\"wpgb-card-layer-link\" href=\"https:\/\/visitsoomaa.ee\/de\/api-objekt\/hupassaare-study-trail\/\"><\/a><\/div><\/div><\/article><article class=\"wpgb-card wpgb-card-24 wpgb-post-8558 wpgb-card-hidden\" data-col=\"1\" data-row=\"1\" data-format=\"standard\" data-fluid><div class=\"wpgb-card-wrapper\"><div class=\"wpgb-card-inner\" data-action><div class=\"wpgb-card-media wpgb-scheme-light\"><div class=\"wpgb-card-media-thumbnail\"><a href=\"https:\/\/visitsoomaa.ee\/wp-content\/uploads\/api_uploads\/objectloodus178180\/1_-1_false_false_43fe974a0b4b0fa8f6effe7693318279.jpg\" tabindex=\"-1\" class=\"wpgb-handle-lb wpgb-lightbox\" data-type=\"image\" data-rel=\"5\" data-title=\"\u00d6\u00f6rdi j\u00e4rve \u00f5pperada\" title=\"Enlarge photo\"><div style=\"background-image:url(https:\/\/visitsoomaa.ee\/wp-content\/uploads\/api_uploads\/objectloodus178180\/1_-1_false_false_43fe974a0b4b0fa8f6effe7693318279-768x432.jpg)\"><\/div><noscript><img loading=\"lazy\" decoding=\"async\" class=\"wpgb-noscript-img\" src=\"https:\/\/visitsoomaa.ee\/wp-content\/uploads\/api_uploads\/objectloodus178180\/1_-1_false_false_43fe974a0b4b0fa8f6effe7693318279-768x432.jpg\" alt=\"\" height=\"432\" width=\"768\"><\/noscript><\/a><\/div><div class=\"wpgb-card-media-overlay\"><\/div><div class=\"wpgb-card-media-content\"><div class=\"wpgb-card-media-content-bottom\"><h3 class=\"wpgb-block-1 wpgb-idle-scheme-1\"><a href=\"https:\/\/visitsoomaa.ee\/de\/api-objekt\/lake-oordi-nature-study-trail\/\">Lake \u00d6\u00f6rdi nature study trail<\/a><\/h3><div class=\"wpgb-block-2\"><span class=\"wpgb-block-term wpgb-idle-scheme-3\" data-id=\"1699\">Hiking Trails<\/span><span class=\" wpgb-idle-scheme-3\">, <\/span><span class=\"wpgb-block-term wpgb-idle-scheme-3\" data-id=\"1689\">Nature &amp; Wildlife<\/span><span class=\" wpgb-idle-scheme-3\">, <\/span><span class=\"wpgb-block-term wpgb-idle-scheme-3\" data-id=\"1635\">Optional<\/span><\/div><\/div><\/div><\/div><a class=\"wpgb-card-layer-link\" href=\"https:\/\/visitsoomaa.ee\/de\/api-objekt\/lake-oordi-nature-study-trail\/\"><\/a><\/div><\/div><\/article><article class=\"wpgb-card wpgb-card-24 wpgb-post-8630 wpgb-card-hidden\" data-col=\"1\" data-row=\"1\" data-format=\"standard\" data-fluid><div class=\"wpgb-card-wrapper\"><div class=\"wpgb-card-inner\" data-action><div class=\"wpgb-card-media wpgb-scheme-light\"><div class=\"wpgb-card-media-thumbnail\"><a href=\"https:\/\/visitsoomaa.ee\/wp-content\/uploads\/api_uploads\/objectloodus178529\/1_-1_false_false_1984743b90bf60c7cf27ad0f36c2e6b2.jpg\" tabindex=\"-1\" class=\"wpgb-handle-lb wpgb-lightbox\" data-type=\"image\" data-rel=\"5\" data-title=\"T\u00f5ramaa puisniidu rada\" title=\"Enlarge photo\"><div style=\"background-image:url(https:\/\/visitsoomaa.ee\/wp-content\/uploads\/api_uploads\/objectloodus178529\/1_-1_false_false_1984743b90bf60c7cf27ad0f36c2e6b2-768x433.jpg)\"><\/div><noscript><img loading=\"lazy\" decoding=\"async\" class=\"wpgb-noscript-img\" src=\"https:\/\/visitsoomaa.ee\/wp-content\/uploads\/api_uploads\/objectloodus178529\/1_-1_false_false_1984743b90bf60c7cf27ad0f36c2e6b2-768x433.jpg\" alt=\"\" height=\"433\" width=\"768\"><\/noscript><\/a><\/div><div class=\"wpgb-card-media-overlay\"><\/div><div class=\"wpgb-card-media-content\"><div class=\"wpgb-card-media-content-bottom\"><h3 class=\"wpgb-block-1 wpgb-idle-scheme-1\"><a href=\"https:\/\/visitsoomaa.ee\/de\/api-objekt\/toramaa-wooded-meadow-trail\/\">T\u00f5ramaa wooded meadow trail<\/a><\/h3><div class=\"wpgb-block-2\"><span class=\"wpgb-block-term wpgb-idle-scheme-3\" data-id=\"1699\">Hiking Trails<\/span><span class=\" wpgb-idle-scheme-3\">, <\/span><span class=\"wpgb-block-term wpgb-idle-scheme-3\" data-id=\"1689\">Nature &amp; Wildlife<\/span><span class=\" wpgb-idle-scheme-3\">, <\/span><span class=\"wpgb-block-term wpgb-idle-scheme-3\" data-id=\"1635\">Optional<\/span><\/div><\/div><\/div><\/div><a class=\"wpgb-card-layer-link\" href=\"https:\/\/visitsoomaa.ee\/de\/api-objekt\/toramaa-wooded-meadow-trail\/\"><\/a><\/div><\/div><\/article><article class=\"wpgb-card wpgb-card-24 wpgb-post-8632 wpgb-card-hidden\" data-col=\"1\" data-row=\"1\" data-format=\"standard\" data-fluid><div class=\"wpgb-card-wrapper\"><div class=\"wpgb-card-inner\" data-action><div class=\"wpgb-card-media wpgb-scheme-light\"><div class=\"wpgb-card-media-thumbnail\"><a href=\"https:\/\/visitsoomaa.ee\/wp-content\/uploads\/api_uploads\/objectloodus178530\/1_-1_false_false_6162d668edf5a8b5b56fd4a73fcead16.jpg\" tabindex=\"-1\" class=\"wpgb-handle-lb wpgb-lightbox\" data-type=\"image\" data-rel=\"5\" data-title=\"Lemmj\u00f5e keelemetsa \u00f5pperada\" title=\"Enlarge photo\"><div style=\"background-image:url(https:\/\/visitsoomaa.ee\/wp-content\/uploads\/api_uploads\/objectloodus178530\/1_-1_false_false_6162d668edf5a8b5b56fd4a73fcead16-768x512.jpg)\"><\/div><noscript><img loading=\"lazy\" decoding=\"async\" class=\"wpgb-noscript-img\" src=\"https:\/\/visitsoomaa.ee\/wp-content\/uploads\/api_uploads\/objectloodus178530\/1_-1_false_false_6162d668edf5a8b5b56fd4a73fcead16-768x512.jpg\" alt=\"\" height=\"512\" width=\"768\"><\/noscript><\/a><\/div><div class=\"wpgb-card-media-overlay\"><\/div><div class=\"wpgb-card-media-content\"><div class=\"wpgb-card-media-content-bottom\"><h3 class=\"wpgb-block-1 wpgb-idle-scheme-1\"><a href=\"https:\/\/visitsoomaa.ee\/de\/api-objekt\/river-lemmjogi-nature-study-trail\/\">River Lemmj\u00f5gi Nature Study Trail<\/a><\/h3><div class=\"wpgb-block-2\"><span class=\"wpgb-block-term wpgb-idle-scheme-3\" data-id=\"1699\">Hiking Trails<\/span><span class=\" wpgb-idle-scheme-3\">, <\/span><span class=\"wpgb-block-term wpgb-idle-scheme-3\" data-id=\"1689\">Nature &amp; Wildlife<\/span><span class=\" wpgb-idle-scheme-3\">, <\/span><span class=\"wpgb-block-term wpgb-idle-scheme-3\" data-id=\"1635\">Optional<\/span><\/div><\/div><\/div><\/div><a class=\"wpgb-card-layer-link\" href=\"https:\/\/visitsoomaa.ee\/de\/api-objekt\/river-lemmjogi-nature-study-trail\/\"><\/a><\/div><\/div><\/article><article class=\"wpgb-card wpgb-card-24 wpgb-post-8642 wpgb-card-hidden\" data-col=\"1\" data-row=\"1\" data-format=\"standard\" data-fluid><div class=\"wpgb-card-wrapper\"><div class=\"wpgb-card-inner\" data-action><div class=\"wpgb-card-media wpgb-scheme-light\"><div class=\"wpgb-card-media-thumbnail\"><a href=\"https:\/\/visitsoomaa.ee\/wp-content\/uploads\/api_uploads\/objectloodus176084\/1_-1_false_false_93fc04e958ca5ca5f1808e428f078b89.jpg\" tabindex=\"-1\" class=\"wpgb-handle-lb wpgb-lightbox\" data-type=\"image\" data-rel=\"5\" data-title=\"Soomaa Rahvuspargi Meiekose \u00f5pperada\" title=\"Enlarge photo\"><div style=\"background-image:url(https:\/\/visitsoomaa.ee\/wp-content\/uploads\/api_uploads\/objectloodus176084\/1_-1_false_false_93fc04e958ca5ca5f1808e428f078b89-768x1024.jpg)\"><\/div><noscript><img loading=\"lazy\" decoding=\"async\" class=\"wpgb-noscript-img\" src=\"https:\/\/visitsoomaa.ee\/wp-content\/uploads\/api_uploads\/objectloodus176084\/1_-1_false_false_93fc04e958ca5ca5f1808e428f078b89-768x1024.jpg\" alt=\"\" height=\"1024\" width=\"768\"><\/noscript><\/a><\/div><div class=\"wpgb-card-media-overlay\"><\/div><div class=\"wpgb-card-media-content\"><div class=\"wpgb-card-media-content-bottom\"><h3 class=\"wpgb-block-1 wpgb-idle-scheme-1\"><a href=\"https:\/\/visitsoomaa.ee\/de\/api-objekt\/meiekose-study-trail\/\">Meiekose study trail<\/a><\/h3><div class=\"wpgb-block-2\"><span class=\"wpgb-block-term wpgb-idle-scheme-3\" data-id=\"1699\">Hiking Trails<\/span><span class=\" wpgb-idle-scheme-3\">, <\/span><span class=\"wpgb-block-term wpgb-idle-scheme-3\" data-id=\"1689\">Nature &amp; Wildlife<\/span><span class=\" wpgb-idle-scheme-3\">, <\/span><span class=\"wpgb-block-term wpgb-idle-scheme-3\" data-id=\"1635\">Optional<\/span><\/div><\/div><\/div><\/div><a class=\"wpgb-card-layer-link\" href=\"https:\/\/visitsoomaa.ee\/de\/api-objekt\/meiekose-study-trail\/\"><\/a><\/div><\/div><\/article><article class=\"wpgb-card wpgb-card-24 wpgb-post-8646 wpgb-card-hidden\" data-col=\"1\" data-row=\"1\" data-format=\"standard\" data-fluid><div class=\"wpgb-card-wrapper\"><div class=\"wpgb-card-inner\" data-action><div class=\"wpgb-card-media wpgb-scheme-light\"><div class=\"wpgb-card-media-thumbnail\"><a href=\"https:\/\/visitsoomaa.ee\/wp-content\/uploads\/api_uploads\/objectloodus178185\/1_-1_false_false_b11d2f7448a6c64c5c06484aa5f61ab2.jpg\" tabindex=\"-1\" class=\"wpgb-handle-lb wpgb-lightbox\" data-type=\"image\" data-rel=\"5\" data-title=\"Ingatsi \u00f5pperada\" title=\"Enlarge photo\"><div style=\"background-image:url(https:\/\/visitsoomaa.ee\/wp-content\/uploads\/api_uploads\/objectloodus178185\/1_-1_false_false_b11d2f7448a6c64c5c06484aa5f61ab2-768x512.jpg)\"><\/div><noscript><img loading=\"lazy\" decoding=\"async\" class=\"wpgb-noscript-img\" src=\"https:\/\/visitsoomaa.ee\/wp-content\/uploads\/api_uploads\/objectloodus178185\/1_-1_false_false_b11d2f7448a6c64c5c06484aa5f61ab2-768x512.jpg\" alt=\"\" height=\"512\" width=\"768\"><\/noscript><\/a><\/div><div class=\"wpgb-card-media-overlay\"><\/div><div class=\"wpgb-card-media-content\"><div class=\"wpgb-card-media-content-bottom\"><h3 class=\"wpgb-block-1 wpgb-idle-scheme-1\"><a href=\"https:\/\/visitsoomaa.ee\/de\/api-objekt\/ingatsi-nature-study-trail\/\">Ingatsi Nature Study Trail<\/a><\/h3><div class=\"wpgb-block-2\"><span class=\"wpgb-block-term wpgb-idle-scheme-3\" data-id=\"1699\">Hiking Trails<\/span><span class=\" wpgb-idle-scheme-3\">, <\/span><span class=\"wpgb-block-term wpgb-idle-scheme-3\" data-id=\"1689\">Nature &amp; Wildlife<\/span><span class=\" wpgb-idle-scheme-3\">, <\/span><span class=\"wpgb-block-term wpgb-idle-scheme-3\" data-id=\"1635\">Optional<\/span><\/div><\/div><\/div><\/div><a class=\"wpgb-card-layer-link\" href=\"https:\/\/visitsoomaa.ee\/de\/api-objekt\/ingatsi-nature-study-trail\/\"><\/a><\/div><\/div><\/article><article class=\"wpgb-card wpgb-card-24 wpgb-post-8648 wpgb-card-hidden\" data-col=\"1\" data-row=\"1\" data-format=\"standard\" data-fluid><div class=\"wpgb-card-wrapper\"><div class=\"wpgb-card-inner\" data-action><div class=\"wpgb-card-media wpgb-scheme-light\"><div class=\"wpgb-card-media-thumbnail\"><a href=\"https:\/\/visitsoomaa.ee\/wp-content\/uploads\/api_uploads\/objectloodus178464\/1_-1_false_false_ce0ce289e9f42e84e24250ec2105ae3d.jpg\" tabindex=\"-1\" class=\"wpgb-handle-lb wpgb-lightbox\" data-type=\"image\" data-rel=\"5\" data-title=\"Koprarada Soomaa Rahvuspargis\" title=\"Enlarge photo\"><div style=\"background-image:url(https:\/\/visitsoomaa.ee\/wp-content\/uploads\/api_uploads\/objectloodus178464\/1_-1_false_false_ce0ce289e9f42e84e24250ec2105ae3d-768x512.jpg)\"><\/div><noscript><img loading=\"lazy\" decoding=\"async\" class=\"wpgb-noscript-img\" src=\"https:\/\/visitsoomaa.ee\/wp-content\/uploads\/api_uploads\/objectloodus178464\/1_-1_false_false_ce0ce289e9f42e84e24250ec2105ae3d-768x512.jpg\" alt=\"\" height=\"512\" width=\"768\"><\/noscript><\/a><\/div><div class=\"wpgb-card-media-overlay\"><\/div><div class=\"wpgb-card-media-content\"><div class=\"wpgb-card-media-content-bottom\"><h3 class=\"wpgb-block-1 wpgb-idle-scheme-1\"><a href=\"https:\/\/visitsoomaa.ee\/de\/api-objekt\/beaver-trail-in-soomaa-national-park\/\">Beaver Trail in Soomaa National Park<\/a><\/h3><div class=\"wpgb-block-2\"><span class=\"wpgb-block-term wpgb-idle-scheme-3\" data-id=\"1699\">Hiking Trails<\/span><span class=\" wpgb-idle-scheme-3\">, <\/span><span class=\"wpgb-block-term wpgb-idle-scheme-3\" data-id=\"1689\">Nature &amp; Wildlife<\/span><span class=\" wpgb-idle-scheme-3\">, <\/span><span class=\"wpgb-block-term wpgb-idle-scheme-3\" data-id=\"1635\">Optional<\/span><\/div><\/div><\/div><\/div><a class=\"wpgb-card-layer-link\" href=\"https:\/\/visitsoomaa.ee\/de\/api-objekt\/beaver-trail-in-soomaa-national-park\/\"><\/a><\/div><\/div><\/article>\t\t<\/div>\n\t<\/div>\n\t<div class=\"wpgb-area wpgb-area-left\">\n\t<button type=\"button\" class=\"wpgb-prev-button\" aria-label=\"Previous slide\" hidden>\n\t<svg><use xlink:href=\"https:\/\/visitsoomaa.ee\/wp-content\/plugins\/wp-grid-builder\/public\/svg\/arrows\/arrow-left.svg#wpgb-icon\"\/><\/svg><\/button>\n<\/div>\n<div class=\"wpgb-area wpgb-area-right\">\n\t<button type=\"button\" class=\"wpgb-next-button\" aria-label=\"Next slide\" hidden>\n\t<svg><use xlink:href=\"https:\/\/visitsoomaa.ee\/wp-content\/plugins\/wp-grid-builder\/public\/svg\/arrows\/arrow-right.svg#wpgb-icon\"\/><\/svg><\/button>\n<\/div>\n<\/div>\n\t<\/div>\n\t\t<\/div>\n<\/div>\n","protected":false},"excerpt":{"rendered":"<p>In Soomaa gibt es 10 \u00f6ffentliche Feuerstellen und 8 markierte Lehrpfade. Zudem verl\u00e4uft der Fernwanderweg Oandu-Aegviidu-Ikla durch den Nationalpark. Beliebte Wege sind der Biberpfad, ein kurzer Lehrpfad nahe des Besucherzentrums, und der Riisa-Moor-Lehrpfad, eine der meistbesuchten Routen durch das Hochmoor.<\/p>\n","protected":false},"author":1,"featured_media":0,"parent":0,"menu_order":0,"comment_status":"closed","ping_status":"closed","template":"","meta":{"_acf_changed":false,"om_disable_all_campaigns":false,"_monsterinsights_skip_tracking":false,"_monsterinsights_sitenote_active":false,"_monsterinsights_sitenote_note":"","_monsterinsights_sitenote_category":0,"footnotes":""},"class_list":["post-8423","page","type-page","status-publish","hentry"],"acf":[],"aioseo_notices":[],"_links":{"self":[{"href":"https:\/\/visitsoomaa.ee\/de\/wp-json\/wp\/v2\/pages\/8423","targetHints":{"allow":["GET"]}}],"collection":[{"href":"https:\/\/visitsoomaa.ee\/de\/wp-json\/wp\/v2\/pages"}],"about":[{"href":"https:\/\/visitsoomaa.ee\/de\/wp-json\/wp\/v2\/types\/page"}],"author":[{"embeddable":true,"href":"https:\/\/visitsoomaa.ee\/de\/wp-json\/wp\/v2\/users\/1"}],"replies":[{"embeddable":true,"href":"https:\/\/visitsoomaa.ee\/de\/wp-json\/wp\/v2\/comments?post=8423"}],"version-history":[{"count":1,"href":"https:\/\/visitsoomaa.ee\/de\/wp-json\/wp\/v2\/pages\/8423\/revisions"}],"predecessor-version":[{"id":8425,"href":"https:\/\/visitsoomaa.ee\/de\/wp-json\/wp\/v2\/pages\/8423\/revisions\/8425"}],"wp:attachment":[{"href":"https:\/\/visitsoomaa.ee\/de\/wp-json\/wp\/v2\/media?parent=8423"}],"curies":[{"name":"wp","href":"https:\/\/api.w.org\/{rel}","templated":true}]}}