{"id":8412,"date":"2024-01-08T21:20:17","date_gmt":"2024-01-08T19:20:17","guid":{"rendered":"https:\/\/visitsoomaa.ee\/?page_id=8412"},"modified":"2025-05-03T19:04:59","modified_gmt":"2025-05-03T17:04:59","slug":"kanutouren","status":"publish","type":"page","link":"https:\/\/visitsoomaa.ee\/de\/kanutouren\/","title":{"rendered":"Kanutouren"},"content":{"rendered":"\n<p><\/p>\n\n\n\n<div class=\"wp-block-columns is-layout-flex wp-container-core-columns-is-layout-28f84493 wp-block-columns-is-layout-flex\">\n<div class=\"wp-block-column is-layout-flow wp-block-column-is-layout-flow\"><\/div>\n\n\n\n<div class=\"wp-block-column is-layout-flow wp-block-column-is-layout-flow\"><\/div>\n<\/div>\n\n\n\n<div class=\"wp-block-columns is-layout-flex wp-container-core-columns-is-layout-28f84493 wp-block-columns-is-layout-flex\">\n<div class=\"wp-block-column is-layout-flow wp-block-column-is-layout-flow\">\n<p>Die Kanusaison in Soomaa beginnt mit dem Hochwasser Ende M\u00e4rz oder Anfang April \u2013 der <strong><a href=\"https:\/\/visitsoomaa.ee\/de\/die-fuenfte-jahreszeit\/\" target=\"_blank\" rel=\"noopener\" title=\"\">F\u00fcnften Jahreszeit<\/a><\/strong> \u2013 und endet, wenn die Fl\u00fcsse zufrieren, meist im Dezember.<\/p>\n\n\n\n<p>Ob mit einem privaten, <strong>\u00f6rtlichen Guide<\/strong>, ob auf eigene Faust oder in gef\u00fchrter Gruppe zu <strong><u><a href=\"https:\/\/soomaa.com\/upcoming-events\/\" target=\"_blank\" rel=\"noopener\" title=\"\">feststehenden Terminen<\/a><\/u> <\/strong>\u2013 Soomaa bietet zahlreiche M\u00f6glichkeiten, die Fl\u00fcsse mit dem Kanu zu entdecken.<\/p>\n\n\n\n<p>Du kannst auch selbst ein <strong>Kanu mieten<\/strong> und die Tour allein absolvieren.<\/p>\n<\/div>\n\n\n\n<div class=\"wp-block-column is-layout-flow wp-block-column-is-layout-flow\">\n<figure class=\"wp-block-gallery has-nested-images columns-4 is-cropped wp-block-gallery-2 is-layout-flex wp-block-gallery-is-layout-flex\">\n<figure class=\"wp-block-image size-large\"><img loading=\"lazy\" decoding=\"async\" width=\"298\" height=\"169\" data-id=\"582\" src=\"https:\/\/visitsoomaa.ee\/wp-content\/uploads\/2024\/01\/download-7-1.jpg\" alt=\"\" class=\"wp-image-582\"\/><\/figure>\n\n\n\n<figure class=\"wp-block-image size-large\"><img loading=\"lazy\" decoding=\"async\" width=\"1024\" height=\"607\" data-id=\"584\" src=\"https:\/\/visitsoomaa.ee\/wp-content\/uploads\/2024\/01\/d3933e40-b8f6-11eb-a43e-c39d2a6aaf33-1-1024x607.jpg\" alt=\"\" class=\"wp-image-584\" srcset=\"https:\/\/www.visitsoomaa.ee\/wp-content\/uploads\/2024\/01\/d3933e40-b8f6-11eb-a43e-c39d2a6aaf33-1-1024x607.jpg 1024w, https:\/\/www.visitsoomaa.ee\/wp-content\/uploads\/2024\/01\/d3933e40-b8f6-11eb-a43e-c39d2a6aaf33-1-300x178.jpg 300w, https:\/\/www.visitsoomaa.ee\/wp-content\/uploads\/2024\/01\/d3933e40-b8f6-11eb-a43e-c39d2a6aaf33-1-768x455.jpg 768w, https:\/\/www.visitsoomaa.ee\/wp-content\/uploads\/2024\/01\/d3933e40-b8f6-11eb-a43e-c39d2a6aaf33-1.jpg 1200w\" sizes=\"auto, (max-width: 1024px) 100vw, 1024px\" \/><\/figure>\n\n\n\n<figure class=\"wp-block-image size-large\"><img loading=\"lazy\" decoding=\"async\" width=\"1024\" height=\"684\" data-id=\"586\" src=\"https:\/\/visitsoomaa.ee\/wp-content\/uploads\/2024\/01\/ia4y5rph.g4t-1-1024x684.jpg\" alt=\"\" class=\"wp-image-586\" srcset=\"https:\/\/www.visitsoomaa.ee\/wp-content\/uploads\/2024\/01\/ia4y5rph.g4t-1-1024x684.jpg 1024w, https:\/\/www.visitsoomaa.ee\/wp-content\/uploads\/2024\/01\/ia4y5rph.g4t-1-300x200.jpg 300w, https:\/\/www.visitsoomaa.ee\/wp-content\/uploads\/2024\/01\/ia4y5rph.g4t-1-768x513.jpg 768w, https:\/\/www.visitsoomaa.ee\/wp-content\/uploads\/2024\/01\/ia4y5rph.g4t-1-1536x1026.jpg 1536w, https:\/\/www.visitsoomaa.ee\/wp-content\/uploads\/2024\/01\/ia4y5rph.g4t-1.jpg 1640w\" sizes=\"auto, (max-width: 1024px) 100vw, 1024px\" \/><\/figure>\n\n\n\n<figure class=\"wp-block-image size-large\"><img loading=\"lazy\" decoding=\"async\" width=\"1024\" height=\"683\" data-id=\"585\" src=\"https:\/\/visitsoomaa.ee\/wp-content\/uploads\/2024\/01\/Autumn-season-in-Soomaa-national-park-scaled-2-1024x683.jpg\" alt=\"\" class=\"wp-image-585\" srcset=\"https:\/\/www.visitsoomaa.ee\/wp-content\/uploads\/2024\/01\/Autumn-season-in-Soomaa-national-park-scaled-2-1024x683.jpg 1024w, https:\/\/www.visitsoomaa.ee\/wp-content\/uploads\/2024\/01\/Autumn-season-in-Soomaa-national-park-scaled-2-300x200.jpg 300w, https:\/\/www.visitsoomaa.ee\/wp-content\/uploads\/2024\/01\/Autumn-season-in-Soomaa-national-park-scaled-2-768x512.jpg 768w, https:\/\/www.visitsoomaa.ee\/wp-content\/uploads\/2024\/01\/Autumn-season-in-Soomaa-national-park-scaled-2-1536x1025.jpg 1536w, https:\/\/www.visitsoomaa.ee\/wp-content\/uploads\/2024\/01\/Autumn-season-in-Soomaa-national-park-scaled-2-2048x1366.jpg 2048w, https:\/\/www.visitsoomaa.ee\/wp-content\/uploads\/2024\/01\/Autumn-season-in-Soomaa-national-park-scaled-2.jpg 2560w\" sizes=\"auto, (max-width: 1024px) 100vw, 1024px\" \/><\/figure>\n\n\n\n<figure class=\"wp-block-image size-large\"><img loading=\"lazy\" decoding=\"async\" width=\"950\" height=\"633\" data-id=\"583\" src=\"https:\/\/visitsoomaa.ee\/wp-content\/uploads\/2024\/01\/538997_10150774196576745_598636744_11815561_982434191_n1-1.jpg\" alt=\"\" class=\"wp-image-583\" srcset=\"https:\/\/www.visitsoomaa.ee\/wp-content\/uploads\/2024\/01\/538997_10150774196576745_598636744_11815561_982434191_n1-1.jpg 950w, https:\/\/www.visitsoomaa.ee\/wp-content\/uploads\/2024\/01\/538997_10150774196576745_598636744_11815561_982434191_n1-1-300x200.jpg 300w, https:\/\/www.visitsoomaa.ee\/wp-content\/uploads\/2024\/01\/538997_10150774196576745_598636744_11815561_982434191_n1-1-768x512.jpg 768w\" sizes=\"auto, (max-width: 950px) 100vw, 950px\" \/><\/figure>\n<\/figure>\n<\/div>\n<\/div>\n\n\n<!-- Gridbuilder \u1d42\u1d3e Plugin (https:\/\/wpgridbuilder.com) -->\n<div class=\"wp-grid-builder wpgb-grid-23\" data-options=\"{&quot;id&quot;:23,&quot;type&quot;:&quot;metro&quot;,&quot;source&quot;:&quot;post_type&quot;,&quot;loader&quot;:0,&quot;layout&quot;:&quot;vertical&quot;,&quot;reveal&quot;:1,&quot;isMainQuery&quot;:false,&quot;lazyLoad&quot;:0,&quot;cardSizes&quot;:{&quot;9999&quot;:{&quot;columns&quot;:4,&quot;height&quot;:240,&quot;gutter&quot;:20,&quot;ratio&quot;:&quot;0.75000&quot;},&quot;1200&quot;:{&quot;columns&quot;:4,&quot;height&quot;:240,&quot;gutter&quot;:15,&quot;ratio&quot;:&quot;0.75000&quot;},&quot;992&quot;:{&quot;columns&quot;:4,&quot;height&quot;:220,&quot;gutter&quot;:15,&quot;ratio&quot;:&quot;1.33333&quot;},&quot;768&quot;:{&quot;columns&quot;:3,&quot;height&quot;:220,&quot;gutter&quot;:15,&quot;ratio&quot;:&quot;1.33333&quot;},&quot;576&quot;:{&quot;columns&quot;:1,&quot;height&quot;:200,&quot;gutter&quot;:15,&quot;ratio&quot;:&quot;1.33333&quot;},&quot;320&quot;:{&quot;columns&quot;:1,&quot;height&quot;:200,&quot;gutter&quot;:15,&quot;ratio&quot;:&quot;1.33333&quot;}},&quot;fitRows&quot;:0,&quot;equalRows&quot;:0,&quot;equalColumns&quot;:0,&quot;fillLastRow&quot;:0,&quot;centerLastRow&quot;:0,&quot;horizontalOrder&quot;:0,&quot;fullWidth&quot;:0,&quot;transitionDelay&quot;:100,&quot;gallerySlideshow&quot;:0,&quot;rowsNumber&quot;:1,&quot;slideAlign&quot;:&quot;left&quot;,&quot;groupCells&quot;:1,&quot;draggable&quot;:1,&quot;initialIndex&quot;:0,&quot;contain&quot;:0,&quot;freeScroll&quot;:0,&quot;freeFriction&quot;:&quot;0.075&quot;,&quot;friction&quot;:&quot;0.285&quot;,&quot;attraction&quot;:&quot;0.025&quot;,&quot;autoPlay&quot;:0,&quot;pageDotAriaLabel&quot;:&quot;Page dot %d&quot;,&quot;isPreview&quot;:false,&quot;isGutenberg&quot;:false,&quot;rightToLeft&quot;:false}\"><div class=\"wpgb-svg-icons\" hidden>\n\t<svg viewBox=\"0 0 120 24\" width=\"0\" height=\"0\">\n\t<defs>\n        <polygon id=\"wpgb-star-svg\" points=\"12 2.5 15.1 8.8 22 9.8 17 14.6 18.2 21.5 12 18.3 5.8 21.5 7 14.6 2 9.8 8.9 8.8\"><\/polygon>\n    <\/defs>\n    <symbol id=\"wpgb-rating-stars-svg\">\n        <use xlink:href=\"#wpgb-star-svg\"><\/use>\n        <use xlink:href=\"#wpgb-star-svg\" x=\"24\"><\/use>\n        <use xlink:href=\"#wpgb-star-svg\" x=\"48\"><\/use>\n        <use xlink:href=\"#wpgb-star-svg\" x=\"72\"><\/use>\n        <use xlink:href=\"#wpgb-star-svg\" x=\"96\"><\/use>\n    <\/symbol>\n<\/svg>\n<\/div>\n<div class=\"wpgb-wrapper\">\n\t<div class=\"wpgb-main\">\n\t<div class=\"wpgb-layout\">\n\t<div class=\"wpgb-viewport\">\n\t\t<div class=\"wpgb-metro\">\n\t\t\t<article class=\"wpgb-card wpgb-card-24 wpgb-post-8540 wpgb-card-hidden\" data-col=\"1\" data-row=\"1\" data-format=\"standard\" data-fluid><div class=\"wpgb-card-wrapper\"><div class=\"wpgb-card-inner\" data-action><div class=\"wpgb-card-media wpgb-scheme-light\"><div class=\"wpgb-card-media-thumbnail\"><a href=\"https:\/\/www.visitsoomaa.ee\/wp-content\/uploads\/api_uploads\/MTU-Levikivi\/1_-1_false_false_310f611fd74d90038f06439fb19e8663.jpg\" tabindex=\"-1\" class=\"wpgb-handle-lb wpgb-lightbox\" data-type=\"image\" data-rel=\"23\" data-title=\"Veematk Navesti ja P\u00e4rnu j\u00f5el - Levikivi kanuurent\" title=\"Enlarge photo\"><div style=\"background-image:url(https:\/\/www.visitsoomaa.ee\/wp-content\/uploads\/api_uploads\/MTU-Levikivi\/1_-1_false_false_310f611fd74d90038f06439fb19e8663-768x1024.jpg)\"><\/div><noscript><img loading=\"lazy\" decoding=\"async\" class=\"wpgb-noscript-img\" src=\"https:\/\/www.visitsoomaa.ee\/wp-content\/uploads\/api_uploads\/MTU-Levikivi\/1_-1_false_false_310f611fd74d90038f06439fb19e8663-768x1024.jpg\" alt=\"\" height=\"1024\" width=\"768\"><\/noscript><\/a><\/div><div class=\"wpgb-card-media-overlay\"><\/div><div class=\"wpgb-card-media-content\"><div class=\"wpgb-card-media-content-bottom\"><h3 class=\"wpgb-block-1 wpgb-idle-scheme-1\"><a href=\"https:\/\/visitsoomaa.ee\/de\/api-objekt\/canoe-trip-on-navesti-and-parnu-rivers-levikivi-canoe-rental\/\">Canoe trip on Navesti and P\u00e4rnu rivers - Levikivi canoe rental<\/a><\/h3><div class=\"wpgb-block-2\"><span class=\"wpgb-block-term wpgb-idle-scheme-3\" data-id=\"1649\">Activities &amp; Adventure<\/span><span class=\" wpgb-idle-scheme-3\">, <\/span><span class=\"wpgb-block-term wpgb-idle-scheme-3\" data-id=\"1635\">Optional<\/span><span class=\" wpgb-idle-scheme-3\">, <\/span><span class=\"wpgb-block-term wpgb-idle-scheme-3\" data-id=\"1650\">Water adventure<\/span><\/div><\/div><\/div><\/div><a class=\"wpgb-card-layer-link\" href=\"https:\/\/visitsoomaa.ee\/de\/api-objekt\/canoe-trip-on-navesti-and-parnu-rivers-levikivi-canoe-rental\/\"><\/a><\/div><\/div><\/article><article class=\"wpgb-card wpgb-card-24 wpgb-post-8664 wpgb-card-hidden\" data-col=\"1\" data-row=\"1\" data-format=\"standard\" data-fluid><div class=\"wpgb-card-wrapper\"><div class=\"wpgb-card-inner\" data-action><div class=\"wpgb-card-media wpgb-scheme-light\"><div class=\"wpgb-card-media-thumbnail\"><a href=\"https:\/\/www.visitsoomaa.ee\/wp-content\/uploads\/api_uploads\/Viis-Aastaaega-OU\/1_-1_false_false_310bb6d435ad37c2b53a6b6ba1a2f49a.jpg\" tabindex=\"-1\" class=\"wpgb-handle-lb wpgb-lightbox\" data-type=\"image\" data-rel=\"23\" data-title=\"Kanuuga Soomaale s\u00fcgisv\u00e4rve nautima!\" title=\"Enlarge photo\"><div style=\"background-image:url(https:\/\/www.visitsoomaa.ee\/wp-content\/uploads\/api_uploads\/Viis-Aastaaega-OU\/1_-1_false_false_310bb6d435ad37c2b53a6b6ba1a2f49a-768x373.jpg)\"><\/div><noscript><img loading=\"lazy\" decoding=\"async\" class=\"wpgb-noscript-img\" src=\"https:\/\/www.visitsoomaa.ee\/wp-content\/uploads\/api_uploads\/Viis-Aastaaega-OU\/1_-1_false_false_310bb6d435ad37c2b53a6b6ba1a2f49a-768x373.jpg\" alt=\"\" height=\"373\" width=\"768\"><\/noscript><\/a><\/div><div class=\"wpgb-card-media-overlay\"><\/div><div class=\"wpgb-card-media-content\"><div class=\"wpgb-card-media-content-bottom\"><h3 class=\"wpgb-block-1 wpgb-idle-scheme-1\"><a href=\"https:\/\/visitsoomaa.ee\/de\/api-objekt\/enjoying-the-autumn-colours-of-soomaa-on-a-canoeing-trip\/\">Enjoying the autumn colours of Soomaa on a canoeing trip!<\/a><\/h3><div class=\"wpgb-block-2\"><span class=\"wpgb-block-term wpgb-idle-scheme-3\" data-id=\"1649\">Activities &amp; Adventure<\/span><span class=\" wpgb-idle-scheme-3\">, <\/span><span class=\"wpgb-block-term wpgb-idle-scheme-3\" data-id=\"1635\">Optional<\/span><span class=\" wpgb-idle-scheme-3\">, <\/span><span class=\"wpgb-block-term wpgb-idle-scheme-3\" data-id=\"1650\">Water adventure<\/span><\/div><\/div><\/div><\/div><a class=\"wpgb-card-layer-link\" href=\"https:\/\/visitsoomaa.ee\/de\/api-objekt\/enjoying-the-autumn-colours-of-soomaa-on-a-canoeing-trip\/\"><\/a><\/div><\/div><\/article><article class=\"wpgb-card wpgb-card-24 wpgb-post-8622 wpgb-card-hidden\" data-col=\"1\" data-row=\"1\" data-format=\"standard\" data-fluid><div class=\"wpgb-card-wrapper\"><div class=\"wpgb-card-inner\" data-action><div class=\"wpgb-card-media wpgb-scheme-light\"><div class=\"wpgb-card-media-thumbnail\"><a href=\"https:\/\/www.visitsoomaa.ee\/wp-content\/uploads\/api_uploads\/Samliku-OU\/1_-1_false_false_7bb4ec87f2de632c5f621db7a626dd43.jpg\" tabindex=\"-1\" class=\"wpgb-handle-lb wpgb-lightbox\" data-type=\"image\" data-rel=\"23\" data-title=\"Samliku kanuumatk Kurgjale C. R. Jakobsoni Talumuuseumisse\" title=\"Enlarge photo\"><div style=\"background-image:url(https:\/\/www.visitsoomaa.ee\/wp-content\/uploads\/api_uploads\/Samliku-OU\/1_-1_false_false_7bb4ec87f2de632c5f621db7a626dd43-768x432.jpg)\"><\/div><noscript><img loading=\"lazy\" decoding=\"async\" class=\"wpgb-noscript-img\" src=\"https:\/\/www.visitsoomaa.ee\/wp-content\/uploads\/api_uploads\/Samliku-OU\/1_-1_false_false_7bb4ec87f2de632c5f621db7a626dd43-768x432.jpg\" alt=\"\" height=\"432\" width=\"768\"><\/noscript><\/a><\/div><div class=\"wpgb-card-media-overlay\"><\/div><div class=\"wpgb-card-media-content\"><div class=\"wpgb-card-media-content-bottom\"><h3 class=\"wpgb-block-1 wpgb-idle-scheme-1\"><a href=\"https:\/\/visitsoomaa.ee\/de\/api-objekt\/samliku-canoe-trip-to-kurgja-the-farm-museum-of-c-r-jakobson\/\">Samliku canoe trip to Kurgja, the Farm Museum of C. R. Jakobson<\/a><\/h3><div class=\"wpgb-block-2\"><span class=\"wpgb-block-term wpgb-idle-scheme-3\" data-id=\"1649\">Activities &amp; Adventure<\/span><span class=\" wpgb-idle-scheme-3\">, <\/span><span class=\"wpgb-block-term wpgb-idle-scheme-3\" data-id=\"1635\">Optional<\/span><span class=\" wpgb-idle-scheme-3\">, <\/span><span class=\"wpgb-block-term wpgb-idle-scheme-3\" data-id=\"1650\">Water adventure<\/span><\/div><\/div><\/div><\/div><a class=\"wpgb-card-layer-link\" href=\"https:\/\/visitsoomaa.ee\/de\/api-objekt\/samliku-canoe-trip-to-kurgja-the-farm-museum-of-c-r-jakobson\/\"><\/a><\/div><\/div><\/article><article class=\"wpgb-card wpgb-card-24 wpgb-post-8674 wpgb-card-hidden\" data-col=\"1\" data-row=\"1\" data-format=\"standard\" data-fluid><div class=\"wpgb-card-wrapper\"><div class=\"wpgb-card-inner\" data-action><div class=\"wpgb-card-media wpgb-scheme-light\"><div class=\"wpgb-card-media-thumbnail\"><a href=\"https:\/\/www.visitsoomaa.ee\/wp-content\/uploads\/api_uploads\/MELU-Grupp-OU\/1_-1_false_false_fac87195bb5278a74535a59429b26594.jpg\" tabindex=\"-1\" class=\"wpgb-handle-lb wpgb-lightbox\" data-type=\"image\" data-rel=\"23\" data-title=\"Junsi puhkekeskuse kanuumatkad Soomaal\" title=\"Enlarge photo\"><div style=\"background-image:url(https:\/\/www.visitsoomaa.ee\/wp-content\/uploads\/api_uploads\/MELU-Grupp-OU\/1_-1_false_false_fac87195bb5278a74535a59429b26594-768x816.jpg)\"><\/div><noscript><img loading=\"lazy\" decoding=\"async\" class=\"wpgb-noscript-img\" src=\"https:\/\/www.visitsoomaa.ee\/wp-content\/uploads\/api_uploads\/MELU-Grupp-OU\/1_-1_false_false_fac87195bb5278a74535a59429b26594-768x816.jpg\" alt=\"\" height=\"816\" width=\"768\"><\/noscript><\/a><\/div><div class=\"wpgb-card-media-overlay\"><\/div><div class=\"wpgb-card-media-content\"><div class=\"wpgb-card-media-content-bottom\"><h3 class=\"wpgb-block-1 wpgb-idle-scheme-1\"><a href=\"https:\/\/visitsoomaa.ee\/de\/api-objekt\/canoe-trip-in-soomaa-by-junsi-holiday-centre\/\">Canoe trip in Soomaa by Junsi Holiday Centre<\/a><\/h3><div class=\"wpgb-block-2\"><span class=\"wpgb-block-term wpgb-idle-scheme-3\" data-id=\"1649\">Activities &amp; Adventure<\/span><span class=\" wpgb-idle-scheme-3\">, <\/span><span class=\"wpgb-block-term wpgb-idle-scheme-3\" data-id=\"1635\">Optional<\/span><span class=\" wpgb-idle-scheme-3\">, <\/span><span class=\"wpgb-block-term wpgb-idle-scheme-3\" data-id=\"1650\">Water adventure<\/span><\/div><\/div><\/div><\/div><a class=\"wpgb-card-layer-link\" href=\"https:\/\/visitsoomaa.ee\/de\/api-objekt\/canoe-trip-in-soomaa-by-junsi-holiday-centre\/\"><\/a><\/div><\/div><\/article><article class=\"wpgb-card wpgb-card-24 wpgb-post-8636 wpgb-card-hidden\" data-col=\"1\" data-row=\"1\" data-format=\"standard\" data-fluid><div class=\"wpgb-card-wrapper\"><div class=\"wpgb-card-inner\" data-action><div class=\"wpgb-card-media wpgb-scheme-light\"><div class=\"wpgb-card-media-thumbnail\"><a href=\"https:\/\/www.visitsoomaa.ee\/wp-content\/uploads\/api_uploads\/Samliku-OU\/1_-1_false_false_73ba5ccae6632b257d5499ca3ff64090.jpg\" tabindex=\"-1\" class=\"wpgb-handle-lb wpgb-lightbox\" data-type=\"image\" data-rel=\"23\" data-title=\"Samliku \u00fchep\u00e4evased kanuumatkad P\u00e4rnu j\u00f5el\" title=\"Enlarge photo\"><div style=\"background-image:url(https:\/\/www.visitsoomaa.ee\/wp-content\/uploads\/api_uploads\/Samliku-OU\/1_-1_false_false_73ba5ccae6632b257d5499ca3ff64090-768x393.jpg)\"><\/div><noscript><img loading=\"lazy\" decoding=\"async\" class=\"wpgb-noscript-img\" src=\"https:\/\/www.visitsoomaa.ee\/wp-content\/uploads\/api_uploads\/Samliku-OU\/1_-1_false_false_73ba5ccae6632b257d5499ca3ff64090-768x393.jpg\" alt=\"\" height=\"393\" width=\"768\"><\/noscript><\/a><\/div><div class=\"wpgb-card-media-overlay\"><\/div><div class=\"wpgb-card-media-content\"><div class=\"wpgb-card-media-content-bottom\"><h3 class=\"wpgb-block-1 wpgb-idle-scheme-1\"><a href=\"https:\/\/visitsoomaa.ee\/de\/api-objekt\/samliku-matkamajas-canoeing-trips-on-parnu-river\/\">Samliku Matkamaja's canoeing trips on P\u00e4rnu River<\/a><\/h3><div class=\"wpgb-block-2\"><span class=\"wpgb-block-term wpgb-idle-scheme-3\" data-id=\"1649\">Activities &amp; Adventure<\/span><span class=\" wpgb-idle-scheme-3\">, <\/span><span class=\"wpgb-block-term wpgb-idle-scheme-3\" data-id=\"1635\">Optional<\/span><span class=\" wpgb-idle-scheme-3\">, <\/span><span class=\"wpgb-block-term wpgb-idle-scheme-3\" data-id=\"1650\">Water adventure<\/span><\/div><\/div><\/div><\/div><a class=\"wpgb-card-layer-link\" href=\"https:\/\/visitsoomaa.ee\/de\/api-objekt\/samliku-matkamajas-canoeing-trips-on-parnu-river\/\"><\/a><\/div><\/div><\/article><article class=\"wpgb-card wpgb-card-24 wpgb-post-8506 wpgb-card-hidden\" data-col=\"1\" data-row=\"1\" data-format=\"standard\" data-fluid><div class=\"wpgb-card-wrapper\"><div class=\"wpgb-card-inner\" data-action><div class=\"wpgb-card-media wpgb-scheme-light\"><div class=\"wpgb-card-media-thumbnail\"><a href=\"https:\/\/www.visitsoomaa.ee\/wp-content\/uploads\/api_uploads\/Viis-Aastaaega-OU\/1_-1_false_false_5b13201586eec9ec70b80b6afe4d82ce.jpg\" tabindex=\"-1\" class=\"wpgb-handle-lb wpgb-lightbox\" data-type=\"image\" data-rel=\"23\" data-title=\"Soomaa.com kanuumatk \u00fcleujutatud metsas\" title=\"Enlarge photo\"><div style=\"background-image:url(https:\/\/www.visitsoomaa.ee\/wp-content\/uploads\/api_uploads\/Viis-Aastaaega-OU\/1_-1_false_false_5b13201586eec9ec70b80b6afe4d82ce-768x432.jpg)\"><\/div><noscript><img loading=\"lazy\" decoding=\"async\" class=\"wpgb-noscript-img\" src=\"https:\/\/www.visitsoomaa.ee\/wp-content\/uploads\/api_uploads\/Viis-Aastaaega-OU\/1_-1_false_false_5b13201586eec9ec70b80b6afe4d82ce-768x432.jpg\" alt=\"\" height=\"432\" width=\"768\"><\/noscript><\/a><\/div><div class=\"wpgb-card-media-overlay\"><\/div><div class=\"wpgb-card-media-content\"><div class=\"wpgb-card-media-content-bottom\"><h3 class=\"wpgb-block-1 wpgb-idle-scheme-1\"><a href=\"https:\/\/visitsoomaa.ee\/de\/api-objekt\/fifth-season-canoeing-trip-in-soomaa\/\">Fifth season canoeing trip in Soomaa<\/a><\/h3><div class=\"wpgb-block-2\"><span class=\"wpgb-block-term wpgb-idle-scheme-3\" data-id=\"1649\">Activities &amp; Adventure<\/span><span class=\" wpgb-idle-scheme-3\">, <\/span><span class=\"wpgb-block-term wpgb-idle-scheme-3\" data-id=\"1635\">Optional<\/span><span class=\" wpgb-idle-scheme-3\">, <\/span><span class=\"wpgb-block-term wpgb-idle-scheme-3\" data-id=\"1650\">Water adventure<\/span><\/div><\/div><\/div><\/div><a class=\"wpgb-card-layer-link\" href=\"https:\/\/visitsoomaa.ee\/de\/api-objekt\/fifth-season-canoeing-trip-in-soomaa\/\"><\/a><\/div><\/div><\/article><article class=\"wpgb-card wpgb-card-24 wpgb-post-8596 wpgb-card-hidden\" data-col=\"1\" data-row=\"1\" data-format=\"standard\" data-fluid><div class=\"wpgb-card-wrapper\"><div class=\"wpgb-card-inner\" data-action><div class=\"wpgb-card-media wpgb-scheme-light\"><div class=\"wpgb-card-media-thumbnail\"><a href=\"https:\/\/www.visitsoomaa.ee\/wp-content\/uploads\/api_uploads\/Viis-Aastaaega-OU\/1_-1_false_false_f28893cc2e829b55a693afb23f9aec3f.jpg\" tabindex=\"-1\" class=\"wpgb-handle-lb wpgb-lightbox\" data-type=\"image\" data-rel=\"23\" data-title=\"Soomaa.com giidiga kanuumatk\" title=\"Enlarge photo\"><div style=\"background-image:url(https:\/\/www.visitsoomaa.ee\/wp-content\/uploads\/api_uploads\/Viis-Aastaaega-OU\/1_-1_false_false_f28893cc2e829b55a693afb23f9aec3f-768x512.jpg)\"><\/div><noscript><img loading=\"lazy\" decoding=\"async\" class=\"wpgb-noscript-img\" src=\"https:\/\/www.visitsoomaa.ee\/wp-content\/uploads\/api_uploads\/Viis-Aastaaega-OU\/1_-1_false_false_f28893cc2e829b55a693afb23f9aec3f-768x512.jpg\" alt=\"\" height=\"512\" width=\"768\"><\/noscript><\/a><\/div><div class=\"wpgb-card-media-overlay\"><\/div><div class=\"wpgb-card-media-content\"><div class=\"wpgb-card-media-content-bottom\"><h3 class=\"wpgb-block-1 wpgb-idle-scheme-1\"><a href=\"https:\/\/visitsoomaa.ee\/de\/api-objekt\/soomaa-com-guided-canoe-trips\/\">Soomaa.com guided canoe trips<\/a><\/h3><div class=\"wpgb-block-2\"><span class=\"wpgb-block-term wpgb-idle-scheme-3\" data-id=\"1649\">Activities &amp; Adventure<\/span><span class=\" wpgb-idle-scheme-3\">, <\/span><span class=\"wpgb-block-term wpgb-idle-scheme-3\" data-id=\"1635\">Optional<\/span><span class=\" wpgb-idle-scheme-3\">, <\/span><span class=\"wpgb-block-term wpgb-idle-scheme-3\" data-id=\"1650\">Water adventure<\/span><\/div><\/div><\/div><\/div><a class=\"wpgb-card-layer-link\" href=\"https:\/\/visitsoomaa.ee\/de\/api-objekt\/soomaa-com-guided-canoe-trips\/\"><\/a><\/div><\/div><\/article>\t\t<\/div>\n\t<\/div>\n\t<div class=\"wpgb-area wpgb-area-left\">\n\t<button type=\"button\" class=\"wpgb-prev-button\" aria-label=\"Previous slide\" hidden>\n\t<svg><use xlink:href=\"https:\/\/www.visitsoomaa.ee\/wp-content\/plugins\/wp-grid-builder\/public\/svg\/arrows\/arrow-left.svg#wpgb-icon\"\/><\/svg><\/button>\n<\/div>\n<div class=\"wpgb-area wpgb-area-right\">\n\t<button type=\"button\" class=\"wpgb-next-button\" aria-label=\"Next slide\" hidden>\n\t<svg><use xlink:href=\"https:\/\/www.visitsoomaa.ee\/wp-content\/plugins\/wp-grid-builder\/public\/svg\/arrows\/arrow-right.svg#wpgb-icon\"\/><\/svg><\/button>\n<\/div>\n<\/div>\n\t<\/div>\n\t\t<\/div>\n<\/div>\n","protected":false},"excerpt":{"rendered":"<p>Die Kanusaison in Soomaa beginnt mit dem Hochwasser Ende M\u00e4rz oder Anfang April \u2013 der F\u00fcnften Jahreszeit \u2013 und endet, wenn die Fl\u00fcsse zufrieren, meist im Dezember. Ob mit einem privaten, \u00f6rtlichen Guide, ob auf eigene Faust oder in gef\u00fchrter Gruppe zu feststehenden Terminen \u2013 Soomaa bietet zahlreiche M\u00f6glichkeiten, die Fl\u00fcsse mit dem Kanu zu [&hellip;]<\/p>\n","protected":false},"author":1,"featured_media":0,"parent":0,"menu_order":0,"comment_status":"closed","ping_status":"closed","template":"","meta":{"_acf_changed":false,"om_disable_all_campaigns":false,"_monsterinsights_skip_tracking":false,"_monsterinsights_sitenote_active":false,"_monsterinsights_sitenote_note":"","_monsterinsights_sitenote_category":0,"footnotes":""},"class_list":["post-8412","page","type-page","status-publish","hentry"],"acf":[],"aioseo_notices":[],"_links":{"self":[{"href":"https:\/\/visitsoomaa.ee\/de\/wp-json\/wp\/v2\/pages\/8412","targetHints":{"allow":["GET"]}}],"collection":[{"href":"https:\/\/visitsoomaa.ee\/de\/wp-json\/wp\/v2\/pages"}],"about":[{"href":"https:\/\/visitsoomaa.ee\/de\/wp-json\/wp\/v2\/types\/page"}],"author":[{"embeddable":true,"href":"https:\/\/visitsoomaa.ee\/de\/wp-json\/wp\/v2\/users\/1"}],"replies":[{"embeddable":true,"href":"https:\/\/visitsoomaa.ee\/de\/wp-json\/wp\/v2\/comments?post=8412"}],"version-history":[{"count":4,"href":"https:\/\/visitsoomaa.ee\/de\/wp-json\/wp\/v2\/pages\/8412\/revisions"}],"predecessor-version":[{"id":8790,"href":"https:\/\/visitsoomaa.ee\/de\/wp-json\/wp\/v2\/pages\/8412\/revisions\/8790"}],"wp:attachment":[{"href":"https:\/\/visitsoomaa.ee\/de\/wp-json\/wp\/v2\/media?parent=8412"}],"curies":[{"name":"wp","href":"https:\/\/api.w.org\/{rel}","templated":true}]}}