{"id":8405,"date":"2024-01-08T21:19:52","date_gmt":"2024-01-08T19:19:52","guid":{"rendered":"https:\/\/visitsoomaa.ee\/?page_id=8405"},"modified":"2025-02-26T11:05:00","modified_gmt":"2025-02-26T09:05:00","slug":"moorwanderungen","status":"publish","type":"page","link":"https:\/\/visitsoomaa.ee\/de\/moorwanderungen\/","title":{"rendered":"Moorwanderungen"},"content":{"rendered":"\n<p><\/p>\n\n\n\n<p><\/p>\n\n\n\n<div class=\"wp-block-columns is-layout-flex wp-container-core-columns-is-layout-28f84493 wp-block-columns-is-layout-flex\">\n<div class=\"wp-block-column is-layout-flow wp-block-column-is-layout-flow\">\n<p>In den Mooren von Soomaa gibt es viele <strong>Bohlenwege<\/strong>, die sich f\u00fcr selbst\u00e4ndige Erkundungen eignen. Wer lieber mit einem Experten unterwegs ist, kann sich einer gef\u00fchrten Tour anschlie\u00dfen \u2013 ob individuell oder als Teil einer Gruppe.<\/p>\n<\/div>\n\n\n\n<div class=\"wp-block-column is-layout-flow wp-block-column-is-layout-flow\">\n<figure class=\"wp-block-gallery has-nested-images columns-default is-cropped wp-block-gallery-2 is-layout-flex wp-block-gallery-is-layout-flex\">\n<figure class=\"wp-block-image size-large\"><img loading=\"lazy\" decoding=\"async\" width=\"720\" height=\"478\" data-id=\"577\" src=\"https:\/\/visitsoomaa.ee\/wp-content\/uploads\/2024\/01\/matkad-1.jpeg\" alt=\"\" class=\"wp-image-577\" srcset=\"https:\/\/visitsoomaa.ee\/wp-content\/uploads\/2024\/01\/matkad-1.jpeg 720w, https:\/\/visitsoomaa.ee\/wp-content\/uploads\/2024\/01\/matkad-1-300x199.jpeg 300w\" sizes=\"auto, (max-width: 720px) 100vw, 720px\" \/><\/figure>\n\n\n\n<figure class=\"wp-block-image size-large\"><img loading=\"lazy\" decoding=\"async\" width=\"1024\" height=\"768\" data-id=\"579\" src=\"https:\/\/visitsoomaa.ee\/wp-content\/uploads\/2024\/01\/soomaa-national-park-1-1024x768.jpg\" alt=\"\" class=\"wp-image-579\" srcset=\"https:\/\/visitsoomaa.ee\/wp-content\/uploads\/2024\/01\/soomaa-national-park-1-1024x768.jpg 1024w, https:\/\/visitsoomaa.ee\/wp-content\/uploads\/2024\/01\/soomaa-national-park-1-300x225.jpg 300w, https:\/\/visitsoomaa.ee\/wp-content\/uploads\/2024\/01\/soomaa-national-park-1-768x576.jpg 768w, https:\/\/visitsoomaa.ee\/wp-content\/uploads\/2024\/01\/soomaa-national-park-1.jpg 1200w\" sizes=\"auto, (max-width: 1024px) 100vw, 1024px\" \/><\/figure>\n\n\n\n<figure class=\"wp-block-image size-large\"><img loading=\"lazy\" decoding=\"async\" width=\"1024\" height=\"576\" data-id=\"578\" src=\"https:\/\/visitsoomaa.ee\/wp-content\/uploads\/2024\/01\/1669297549-6167-1-1024x576.jpg\" alt=\"\" class=\"wp-image-578\" srcset=\"https:\/\/visitsoomaa.ee\/wp-content\/uploads\/2024\/01\/1669297549-6167-1-1024x576.jpg 1024w, https:\/\/visitsoomaa.ee\/wp-content\/uploads\/2024\/01\/1669297549-6167-1-300x169.jpg 300w, https:\/\/visitsoomaa.ee\/wp-content\/uploads\/2024\/01\/1669297549-6167-1-768x432.jpg 768w, https:\/\/visitsoomaa.ee\/wp-content\/uploads\/2024\/01\/1669297549-6167-1-1536x864.jpg 1536w, https:\/\/visitsoomaa.ee\/wp-content\/uploads\/2024\/01\/1669297549-6167-1.jpg 1600w\" sizes=\"auto, (max-width: 1024px) 100vw, 1024px\" \/><\/figure>\n\n\n\n<figure class=\"wp-block-image size-large\"><img loading=\"lazy\" decoding=\"async\" width=\"1024\" height=\"576\" data-id=\"580\" src=\"https:\/\/visitsoomaa.ee\/wp-content\/uploads\/2024\/01\/DSC_0116-1-1024x576.jpg\" alt=\"\" class=\"wp-image-580\" srcset=\"https:\/\/visitsoomaa.ee\/wp-content\/uploads\/2024\/01\/DSC_0116-1-1024x576.jpg 1024w, https:\/\/visitsoomaa.ee\/wp-content\/uploads\/2024\/01\/DSC_0116-1-300x169.jpg 300w, https:\/\/visitsoomaa.ee\/wp-content\/uploads\/2024\/01\/DSC_0116-1-768x432.jpg 768w, https:\/\/visitsoomaa.ee\/wp-content\/uploads\/2024\/01\/DSC_0116-1-1536x864.jpg 1536w, https:\/\/visitsoomaa.ee\/wp-content\/uploads\/2024\/01\/DSC_0116-1.jpg 1600w\" sizes=\"auto, (max-width: 1024px) 100vw, 1024px\" \/><\/figure>\n<\/figure>\n<\/div>\n<\/div>\n\n\n<!-- Gridbuilder \u1d42\u1d3e Plugin (https:\/\/wpgridbuilder.com) -->\n<div class=\"wp-grid-builder wpgb-grid-22\" data-options=\"{&quot;id&quot;:22,&quot;type&quot;:&quot;metro&quot;,&quot;source&quot;:&quot;post_type&quot;,&quot;loader&quot;:0,&quot;layout&quot;:&quot;vertical&quot;,&quot;reveal&quot;:1,&quot;isMainQuery&quot;:false,&quot;lazyLoad&quot;:0,&quot;cardSizes&quot;:{&quot;9999&quot;:{&quot;columns&quot;:4,&quot;height&quot;:240,&quot;gutter&quot;:20,&quot;ratio&quot;:&quot;0.75000&quot;},&quot;1200&quot;:{&quot;columns&quot;:4,&quot;height&quot;:240,&quot;gutter&quot;:15,&quot;ratio&quot;:&quot;0.75000&quot;},&quot;992&quot;:{&quot;columns&quot;:4,&quot;height&quot;:220,&quot;gutter&quot;:15,&quot;ratio&quot;:&quot;1.33333&quot;},&quot;768&quot;:{&quot;columns&quot;:3,&quot;height&quot;:220,&quot;gutter&quot;:15,&quot;ratio&quot;:&quot;1.33333&quot;},&quot;576&quot;:{&quot;columns&quot;:1,&quot;height&quot;:200,&quot;gutter&quot;:15,&quot;ratio&quot;:&quot;1.33333&quot;},&quot;320&quot;:{&quot;columns&quot;:1,&quot;height&quot;:200,&quot;gutter&quot;:15,&quot;ratio&quot;:&quot;1.33333&quot;}},&quot;fitRows&quot;:0,&quot;equalRows&quot;:0,&quot;equalColumns&quot;:0,&quot;fillLastRow&quot;:0,&quot;centerLastRow&quot;:0,&quot;horizontalOrder&quot;:0,&quot;fullWidth&quot;:0,&quot;transitionDelay&quot;:100,&quot;gallerySlideshow&quot;:0,&quot;rowsNumber&quot;:1,&quot;slideAlign&quot;:&quot;left&quot;,&quot;groupCells&quot;:1,&quot;draggable&quot;:1,&quot;initialIndex&quot;:0,&quot;contain&quot;:0,&quot;freeScroll&quot;:0,&quot;freeFriction&quot;:&quot;0.075&quot;,&quot;friction&quot;:&quot;0.285&quot;,&quot;attraction&quot;:&quot;0.025&quot;,&quot;autoPlay&quot;:0,&quot;pageDotAriaLabel&quot;:&quot;Page dot %d&quot;,&quot;isPreview&quot;:false,&quot;isGutenberg&quot;:false,&quot;rightToLeft&quot;:false}\"><div class=\"wpgb-svg-icons\" hidden>\n\t<svg viewBox=\"0 0 120 24\" width=\"0\" height=\"0\">\n\t<defs>\n        <polygon id=\"wpgb-star-svg\" points=\"12 2.5 15.1 8.8 22 9.8 17 14.6 18.2 21.5 12 18.3 5.8 21.5 7 14.6 2 9.8 8.9 8.8\"><\/polygon>\n    <\/defs>\n    <symbol id=\"wpgb-rating-stars-svg\">\n        <use xlink:href=\"#wpgb-star-svg\"><\/use>\n        <use xlink:href=\"#wpgb-star-svg\" x=\"24\"><\/use>\n        <use xlink:href=\"#wpgb-star-svg\" x=\"48\"><\/use>\n        <use xlink:href=\"#wpgb-star-svg\" x=\"72\"><\/use>\n        <use xlink:href=\"#wpgb-star-svg\" x=\"96\"><\/use>\n    <\/symbol>\n<\/svg>\n<\/div>\n<div class=\"wpgb-wrapper\">\n\t<div class=\"wpgb-main\">\n\t<div class=\"wpgb-layout\">\n\t<div class=\"wpgb-viewport\">\n\t\t<div class=\"wpgb-metro\">\n\t\t\t<article class=\"wpgb-card wpgb-card-24 wpgb-post-8668 wpgb-card-hidden\" data-col=\"1\" data-row=\"1\" data-format=\"standard\" data-fluid><div class=\"wpgb-card-wrapper\"><div class=\"wpgb-card-inner\" data-action><div class=\"wpgb-card-media wpgb-scheme-light\"><div class=\"wpgb-card-media-thumbnail\"><a href=\"https:\/\/visitsoomaa.ee\/wp-content\/uploads\/api_uploads\/Viis-Aastaaega-OU\/1_-1_false_false_a06f429a325a292bc8fef0ae9c37c326.jpg\" tabindex=\"-1\" class=\"wpgb-handle-lb wpgb-lightbox\" data-type=\"image\" data-rel=\"22\" data-title=\"J\u00f5hvikamatk Soomaa rabades\" title=\"Enlarge photo\"><div style=\"background-image:url(https:\/\/visitsoomaa.ee\/wp-content\/uploads\/api_uploads\/Viis-Aastaaega-OU\/1_-1_false_false_a06f429a325a292bc8fef0ae9c37c326-768x432.jpg)\"><\/div><noscript><img loading=\"lazy\" decoding=\"async\" class=\"wpgb-noscript-img\" src=\"https:\/\/visitsoomaa.ee\/wp-content\/uploads\/api_uploads\/Viis-Aastaaega-OU\/1_-1_false_false_a06f429a325a292bc8fef0ae9c37c326-768x432.jpg\" alt=\"\" height=\"432\" width=\"768\"><\/noscript><\/a><\/div><div class=\"wpgb-card-media-overlay\"><\/div><div class=\"wpgb-card-media-content\"><div class=\"wpgb-card-media-content-bottom\"><h3 class=\"wpgb-block-1 wpgb-idle-scheme-1\"><a href=\"https:\/\/visitsoomaa.ee\/de\/api-objekt\/cranberry-hike-in-soomaa-bogs\/\">Cranberry hike in Soomaa bogs<\/a><\/h3><div class=\"wpgb-block-2\"><span class=\"wpgb-block-term wpgb-idle-scheme-3\" data-id=\"1689\">Nature &amp; Wildlife<\/span><span class=\" wpgb-idle-scheme-3\">, <\/span><span class=\"wpgb-block-term wpgb-idle-scheme-3\" data-id=\"1700\">Nature observation and guided hikes<\/span><span class=\" wpgb-idle-scheme-3\">, <\/span><span class=\"wpgb-block-term wpgb-idle-scheme-3\" data-id=\"1635\">Optional<\/span><\/div><\/div><\/div><\/div><a class=\"wpgb-card-layer-link\" href=\"https:\/\/visitsoomaa.ee\/de\/api-objekt\/cranberry-hike-in-soomaa-bogs\/\"><\/a><\/div><\/div><\/article>\t\t<\/div>\n\t<\/div>\n\t<div class=\"wpgb-area wpgb-area-left\">\n\t<button type=\"button\" class=\"wpgb-prev-button\" aria-label=\"Previous slide\" hidden>\n\t<svg><use xlink:href=\"https:\/\/visitsoomaa.ee\/wp-content\/plugins\/wp-grid-builder\/public\/svg\/arrows\/arrow-left.svg#wpgb-icon\"\/><\/svg><\/button>\n<\/div>\n<div class=\"wpgb-area wpgb-area-right\">\n\t<button type=\"button\" class=\"wpgb-next-button\" aria-label=\"Next slide\" hidden>\n\t<svg><use xlink:href=\"https:\/\/visitsoomaa.ee\/wp-content\/plugins\/wp-grid-builder\/public\/svg\/arrows\/arrow-right.svg#wpgb-icon\"\/><\/svg><\/button>\n<\/div>\n<\/div>\n\t<\/div>\n\t\t<\/div>\n<\/div>\n","protected":false},"excerpt":{"rendered":"<p>In den Mooren von Soomaa gibt es viele Bohlenwege, die sich f\u00fcr selbst\u00e4ndige Erkundungen eignen. Wer lieber mit einem Experten unterwegs ist, kann sich einer gef\u00fchrten Tour anschlie\u00dfen \u2013 ob individuell oder als Teil einer Gruppe.<\/p>\n","protected":false},"author":1,"featured_media":0,"parent":0,"menu_order":0,"comment_status":"closed","ping_status":"closed","template":"","meta":{"_acf_changed":false,"om_disable_all_campaigns":false,"_monsterinsights_skip_tracking":false,"_monsterinsights_sitenote_active":false,"_monsterinsights_sitenote_note":"","_monsterinsights_sitenote_category":0,"footnotes":""},"class_list":["post-8405","page","type-page","status-publish","hentry"],"acf":[],"aioseo_notices":[],"_links":{"self":[{"href":"https:\/\/visitsoomaa.ee\/de\/wp-json\/wp\/v2\/pages\/8405","targetHints":{"allow":["GET"]}}],"collection":[{"href":"https:\/\/visitsoomaa.ee\/de\/wp-json\/wp\/v2\/pages"}],"about":[{"href":"https:\/\/visitsoomaa.ee\/de\/wp-json\/wp\/v2\/types\/page"}],"author":[{"embeddable":true,"href":"https:\/\/visitsoomaa.ee\/de\/wp-json\/wp\/v2\/users\/1"}],"replies":[{"embeddable":true,"href":"https:\/\/visitsoomaa.ee\/de\/wp-json\/wp\/v2\/comments?post=8405"}],"version-history":[{"count":1,"href":"https:\/\/visitsoomaa.ee\/de\/wp-json\/wp\/v2\/pages\/8405\/revisions"}],"predecessor-version":[{"id":8407,"href":"https:\/\/visitsoomaa.ee\/de\/wp-json\/wp\/v2\/pages\/8405\/revisions\/8407"}],"wp:attachment":[{"href":"https:\/\/visitsoomaa.ee\/de\/wp-json\/wp\/v2\/media?parent=8405"}],"curies":[{"name":"wp","href":"https:\/\/api.w.org\/{rel}","templated":true}]}}