{"id":8401,"date":"2024-01-08T21:25:24","date_gmt":"2024-01-08T19:25:24","guid":{"rendered":"https:\/\/visitsoomaa.ee\/?page_id=8401"},"modified":"2025-02-26T11:03:00","modified_gmt":"2025-02-26T09:03:00","slug":"standort","status":"publish","type":"page","link":"https:\/\/visitsoomaa.ee\/de\/standort\/","title":{"rendered":"Standort"},"content":{"rendered":"\n<div class=\"wp-block-columns is-layout-flex wp-container-core-columns-is-layout-28f84493 wp-block-columns-is-layout-flex\">\n<div class=\"wp-block-column is-layout-flow wp-block-column-is-layout-flow\">\n<p><a href=\"https:\/\/www.google.com\/maps\/d\/u\/0\/viewer?mid=1O7zNKBM9Ck5atRTMcVLkKE9osIM&amp;hl=en_US&amp;ll=58.455479530199675%2C25.052175499999983&amp;z=11\">https:\/\/www.google.com\/maps\/d\/u\/0\/viewer?mid=1O7zNKBM9Ck5atRTMcVLkKE9osIM&amp;hl=en_US&amp;ll=58.455479530199675%2C25.052175499999983&amp;z=11<\/a><\/p>\n\n\n\n<p><\/p>\n\n\n\n<h4 class=\"wp-block-heading\"><strong>Standort<\/strong><\/h4>\n\n\n\n<p>K\u00f5rtsi-T\u00f5ramaa, Tipu k\u00fcla, 71280 P\u00f5hja-Sakala vald, Viljandimaa.<br>Objekt nr 19 rahvuspargi kaardil.<\/p>\n\n\n\n<p><\/p>\n\n\n\n<h4 class=\"wp-block-heading\">Wie gelangt man nach Soomaa?<\/h4>\n\n\n\n<ul class=\"wp-block-list\">\n<li>Soomaa liegt zwischen den Landkreisen Viljandi und P\u00e4rnu. Da die Region d\u00fcnn besiedelt ist, gibt es nur begrenzte \u00f6ffentliche Verkehrsanbindungen. Die besten M\u00f6glichkeiten, Soomaa zu erkunden, sind mit dem Auto, dem Fahrrad oder zu Fu\u00df.<\/li>\n\n\n\n<li>Ganzj\u00e4hrig verkehren Linienbusse von P\u00e4rnu nach Tori sowie von Viljandi nach Suure-Jaani oder K\u00f5pu. In den Sommermonaten gibt es eine direkte Busverbindung zum Besucherzentrum des Nationalparks in T\u00f5ramaa. Genauere Infos sind unter <a href=\"https:\/\/www.peatus.ee\">peatus.ee<\/a> zu finden.<\/li>\n\n\n\n<li>F\u00fcr Radfahrer sind die n\u00e4chstgelegenen Bahnh\u00f6fe T\u00fcri und Olustvere ideal.<\/li>\n<\/ul>\n\n\n\n<p>Einige Unterk\u00fcnfte bieten auch Fahrradverleih an. Besonders reizvoll ist eine Erkundung des Nationalparks vom Boot oder Kanu aus.<br>Vaata t\u00e4psemalt:\u00a0<a href=\"https:\/\/web.peatus.ee\/\" target=\"_blank\" rel=\"noreferrer noopener\">peatus.ee<\/a><\/p>\n<\/div>\n\n\n\n<div class=\"wp-block-column is-layout-flow wp-block-column-is-layout-flow\"><figure class=\"wp-block-post-featured-image\"><img loading=\"lazy\" decoding=\"async\" width=\"1440\" height=\"1024\" src=\"https:\/\/visitsoomaa.ee\/wp-content\/uploads\/2024\/01\/Soomaa_trykk-1.jpg\" class=\"attachment-post-thumbnail size-post-thumbnail wp-post-image\" alt=\"\" style=\"object-fit:cover;\" srcset=\"https:\/\/visitsoomaa.ee\/wp-content\/uploads\/2024\/01\/Soomaa_trykk-1.jpg 1440w, https:\/\/visitsoomaa.ee\/wp-content\/uploads\/2024\/01\/Soomaa_trykk-1-300x213.jpg 300w, https:\/\/visitsoomaa.ee\/wp-content\/uploads\/2024\/01\/Soomaa_trykk-1-1024x728.jpg 1024w, https:\/\/visitsoomaa.ee\/wp-content\/uploads\/2024\/01\/Soomaa_trykk-1-768x546.jpg 768w\" sizes=\"auto, (max-width: 1440px) 100vw, 1440px\" \/><\/figure><\/div>\n<\/div>\n","protected":false},"excerpt":{"rendered":"<p>https:\/\/www.google.com\/maps\/d\/u\/0\/viewer?mid=1O7zNKBM9Ck5atRTMcVLkKE9osIM&amp;hl=en_US&amp;ll=58.455479530199675%2C25.052175499999983&amp;z=11 Standort K\u00f5rtsi-T\u00f5ramaa, Tipu k\u00fcla, 71280 P\u00f5hja-Sakala vald, Viljandimaa.Objekt nr 19 rahvuspargi kaardil. Wie gelangt man nach Soomaa? Einige Unterk\u00fcnfte bieten auch Fahrradverleih an. Besonders reizvoll ist eine Erkundung des Nationalparks vom Boot oder Kanu aus.Vaata t\u00e4psemalt:\u00a0peatus.ee<\/p>\n","protected":false},"author":1,"featured_media":8404,"parent":0,"menu_order":0,"comment_status":"closed","ping_status":"closed","template":"","meta":{"_acf_changed":false,"om_disable_all_campaigns":false,"_monsterinsights_skip_tracking":false,"_monsterinsights_sitenote_active":false,"_monsterinsights_sitenote_note":"","_monsterinsights_sitenote_category":0,"footnotes":""},"class_list":["post-8401","page","type-page","status-publish","has-post-thumbnail","hentry"],"acf":[],"aioseo_notices":[],"_links":{"self":[{"href":"https:\/\/visitsoomaa.ee\/de\/wp-json\/wp\/v2\/pages\/8401","targetHints":{"allow":["GET"]}}],"collection":[{"href":"https:\/\/visitsoomaa.ee\/de\/wp-json\/wp\/v2\/pages"}],"about":[{"href":"https:\/\/visitsoomaa.ee\/de\/wp-json\/wp\/v2\/types\/page"}],"author":[{"embeddable":true,"href":"https:\/\/visitsoomaa.ee\/de\/wp-json\/wp\/v2\/users\/1"}],"replies":[{"embeddable":true,"href":"https:\/\/visitsoomaa.ee\/de\/wp-json\/wp\/v2\/comments?post=8401"}],"version-history":[{"count":1,"href":"https:\/\/visitsoomaa.ee\/de\/wp-json\/wp\/v2\/pages\/8401\/revisions"}],"predecessor-version":[{"id":8403,"href":"https:\/\/visitsoomaa.ee\/de\/wp-json\/wp\/v2\/pages\/8401\/revisions\/8403"}],"wp:featuredmedia":[{"embeddable":true,"href":"https:\/\/visitsoomaa.ee\/de\/wp-json\/wp\/v2\/media\/8404"}],"wp:attachment":[{"href":"https:\/\/visitsoomaa.ee\/de\/wp-json\/wp\/v2\/media?parent=8401"}],"curies":[{"name":"wp","href":"https:\/\/api.w.org\/{rel}","templated":true}]}}