{"id":8389,"date":"2024-01-14T13:06:11","date_gmt":"2024-01-14T11:06:11","guid":{"rendered":"https:\/\/visitsoomaa.ee\/?page_id=8389"},"modified":"2025-02-25T14:07:42","modified_gmt":"2025-02-25T12:07:42","slug":"tretschlittentouren","status":"publish","type":"page","link":"https:\/\/visitsoomaa.ee\/de\/tretschlittentouren\/","title":{"rendered":"Tretschlittentouren"},"content":{"rendered":"\n<div class=\"wp-block-columns is-layout-flex wp-container-core-columns-is-layout-28f84493 wp-block-columns-is-layout-flex\">\n<div class=\"wp-block-column is-layout-flow wp-block-column-is-layout-flow\">\n<p>Im Winter, wenn die \u00dcberschwemmungswiesen zugefroren sind und die Wetterbedingungen passen, bieten sich einmalige Gelegenheiten f\u00fcr Tretschlittentouren auf ausgedehnten Fl\u00e4chen.<\/p>\n\n\n\n<p>Besonders spektakul\u00e4r ist das Erlebnis, wenn nach einem pl\u00f6tzlichen Temperatursturz eine weite, durchsichtige Eisfl\u00e4che entsteht.<strong><\/strong><\/p>\n\n\n\n<p>Auch bei leichtem Schneefall k\u00f6nnen Tretschlittentouren absolviert werden. Bevor du aufs Land f\u00e4hrst, informiere dich am besten bei einem \u00f6rtlichen Guide \u00fcber die Wetterlage vor Ort.<\/p>\n<\/div>\n\n\n\n<div class=\"wp-block-column is-layout-flow wp-block-column-is-layout-flow\">\n<figure class=\"wp-block-gallery has-nested-images columns-default is-cropped wp-block-gallery-2 is-layout-flex wp-block-gallery-is-layout-flex\">\n<figure class=\"wp-block-image size-large\"><img loading=\"lazy\" decoding=\"async\" width=\"600\" height=\"400\" data-id=\"588\" src=\"https:\/\/visitsoomaa.ee\/wp-content\/uploads\/2024\/01\/600_400_false_false_4cbdf0197c5360b29ff369216be1a69f.jpg\" alt=\"\" class=\"wp-image-588\" srcset=\"https:\/\/visitsoomaa.ee\/wp-content\/uploads\/2024\/01\/600_400_false_false_4cbdf0197c5360b29ff369216be1a69f.jpg 600w, https:\/\/visitsoomaa.ee\/wp-content\/uploads\/2024\/01\/600_400_false_false_4cbdf0197c5360b29ff369216be1a69f-300x200.jpg 300w\" sizes=\"auto, (max-width: 600px) 100vw, 600px\" \/><\/figure>\n<\/figure>\n<\/div>\n<\/div>\n\n\n<!-- Gridbuilder \u1d42\u1d3e Plugin (https:\/\/wpgridbuilder.com) -->\n<div class=\"wp-grid-builder wpgb-grid-16\" data-options=\"{&quot;id&quot;:16,&quot;type&quot;:&quot;metro&quot;,&quot;source&quot;:&quot;post_type&quot;,&quot;loader&quot;:0,&quot;layout&quot;:&quot;vertical&quot;,&quot;reveal&quot;:1,&quot;isMainQuery&quot;:false,&quot;lazyLoad&quot;:0,&quot;cardSizes&quot;:{&quot;9999&quot;:{&quot;columns&quot;:4,&quot;height&quot;:240,&quot;gutter&quot;:20,&quot;ratio&quot;:&quot;0.75000&quot;},&quot;1200&quot;:{&quot;columns&quot;:4,&quot;height&quot;:240,&quot;gutter&quot;:15,&quot;ratio&quot;:&quot;0.75000&quot;},&quot;992&quot;:{&quot;columns&quot;:4,&quot;height&quot;:220,&quot;gutter&quot;:15,&quot;ratio&quot;:&quot;1.33333&quot;},&quot;768&quot;:{&quot;columns&quot;:3,&quot;height&quot;:220,&quot;gutter&quot;:15,&quot;ratio&quot;:&quot;1.33333&quot;},&quot;576&quot;:{&quot;columns&quot;:1,&quot;height&quot;:200,&quot;gutter&quot;:15,&quot;ratio&quot;:&quot;1.33333&quot;},&quot;320&quot;:{&quot;columns&quot;:1,&quot;height&quot;:200,&quot;gutter&quot;:15,&quot;ratio&quot;:&quot;1.33333&quot;}},&quot;fitRows&quot;:0,&quot;equalRows&quot;:0,&quot;equalColumns&quot;:0,&quot;fillLastRow&quot;:0,&quot;centerLastRow&quot;:0,&quot;horizontalOrder&quot;:0,&quot;fullWidth&quot;:0,&quot;transitionDelay&quot;:100,&quot;gallerySlideshow&quot;:0,&quot;rowsNumber&quot;:1,&quot;slideAlign&quot;:&quot;left&quot;,&quot;groupCells&quot;:1,&quot;draggable&quot;:1,&quot;initialIndex&quot;:0,&quot;contain&quot;:0,&quot;freeScroll&quot;:0,&quot;freeFriction&quot;:&quot;0.075&quot;,&quot;friction&quot;:&quot;0.285&quot;,&quot;attraction&quot;:&quot;0.025&quot;,&quot;autoPlay&quot;:0,&quot;pageDotAriaLabel&quot;:&quot;Page dot %d&quot;,&quot;isPreview&quot;:false,&quot;isGutenberg&quot;:false,&quot;rightToLeft&quot;:false}\"><div class=\"wpgb-svg-icons\" hidden>\n\t<svg viewBox=\"0 0 120 24\" width=\"0\" height=\"0\">\n\t<defs>\n        <polygon id=\"wpgb-star-svg\" points=\"12 2.5 15.1 8.8 22 9.8 17 14.6 18.2 21.5 12 18.3 5.8 21.5 7 14.6 2 9.8 8.9 8.8\"><\/polygon>\n    <\/defs>\n    <symbol id=\"wpgb-rating-stars-svg\">\n        <use xlink:href=\"#wpgb-star-svg\"><\/use>\n        <use xlink:href=\"#wpgb-star-svg\" x=\"24\"><\/use>\n        <use xlink:href=\"#wpgb-star-svg\" x=\"48\"><\/use>\n        <use xlink:href=\"#wpgb-star-svg\" x=\"72\"><\/use>\n        <use xlink:href=\"#wpgb-star-svg\" x=\"96\"><\/use>\n    <\/symbol>\n<\/svg>\n<\/div>\n<div class=\"wpgb-wrapper\">\n\t<div class=\"wpgb-main\">\n\t<div class=\"wpgb-layout\">\n\t<div class=\"wpgb-viewport\">\n\t\t<div class=\"wpgb-metro\">\n\t\t\t<article class=\"wpgb-card wpgb-card-24 wpgb-post-8498 wpgb-card-hidden\" data-col=\"1\" data-row=\"1\" data-format=\"standard\" data-fluid><div class=\"wpgb-card-wrapper\"><div class=\"wpgb-card-inner\" data-action><div class=\"wpgb-card-media wpgb-scheme-light\"><div class=\"wpgb-card-media-thumbnail\"><a href=\"https:\/\/visitsoomaa.ee\/wp-content\/uploads\/api_uploads\/Viis-Aastaaega-OU\/1_-1_false_false_bfbcf74ba7f7c92b54eb5958a7bf2389.jpg\" tabindex=\"-1\" class=\"wpgb-handle-lb wpgb-lightbox\" data-type=\"image\" data-rel=\"16\" data-title=\"Soomaa.com soome kelgu matkad\" title=\"Enlarge photo\"><div style=\"background-image:url(https:\/\/visitsoomaa.ee\/wp-content\/uploads\/api_uploads\/Viis-Aastaaega-OU\/1_-1_false_false_bfbcf74ba7f7c92b54eb5958a7bf2389-768x576.jpg)\"><\/div><noscript><img loading=\"lazy\" decoding=\"async\" class=\"wpgb-noscript-img\" src=\"https:\/\/visitsoomaa.ee\/wp-content\/uploads\/api_uploads\/Viis-Aastaaega-OU\/1_-1_false_false_bfbcf74ba7f7c92b54eb5958a7bf2389-768x576.jpg\" alt=\"\" height=\"576\" width=\"768\"><\/noscript><\/a><\/div><div class=\"wpgb-card-media-overlay\"><\/div><div class=\"wpgb-card-media-content\"><div class=\"wpgb-card-media-content-bottom\"><h3 class=\"wpgb-block-1 wpgb-idle-scheme-1\"><a href=\"https:\/\/visitsoomaa.ee\/de\/api-objekt\/hikes-on-kicksleds-by-soomaa-com\/\">Hikes on kicksleds by soomaa.com<\/a><\/h3><div class=\"wpgb-block-2\"><span class=\"wpgb-block-term wpgb-idle-scheme-3\" data-id=\"1649\">Activities &amp; Adventure<\/span><span class=\" wpgb-idle-scheme-3\">, <\/span><span class=\"wpgb-block-term wpgb-idle-scheme-3\" data-id=\"1635\">Optional<\/span><span class=\" wpgb-idle-scheme-3\">, <\/span><span class=\"wpgb-block-term wpgb-idle-scheme-3\" data-id=\"1653\">Winter Fun<\/span><\/div><\/div><\/div><\/div><a class=\"wpgb-card-layer-link\" href=\"https:\/\/visitsoomaa.ee\/de\/api-objekt\/hikes-on-kicksleds-by-soomaa-com\/\"><\/a><\/div><\/div><\/article><article class=\"wpgb-card wpgb-card-24 wpgb-post-8582 wpgb-card-hidden\" data-col=\"1\" data-row=\"1\" data-format=\"standard\" data-fluid><div class=\"wpgb-card-wrapper\"><div class=\"wpgb-card-inner\" data-action><div class=\"wpgb-card-media wpgb-scheme-light\"><div class=\"wpgb-card-media-thumbnail\"><a href=\"https:\/\/visitsoomaa.ee\/wp-content\/uploads\/api_uploads\/Viis-Aastaaega-OU\/1_-1_false_false_e42d978511475f17adfcc4e2826ae253.jpg\" tabindex=\"-1\" class=\"wpgb-handle-lb wpgb-lightbox\" data-type=\"image\" data-rel=\"16\" data-title=\"Soomaa.com t\u00f5ukekelgumatkad Soomaa Rahvuspargis\" title=\"Enlarge photo\"><div style=\"background-image:url(https:\/\/visitsoomaa.ee\/wp-content\/uploads\/api_uploads\/Viis-Aastaaega-OU\/1_-1_false_false_e42d978511475f17adfcc4e2826ae253-768x429.jpg)\"><\/div><noscript><img loading=\"lazy\" decoding=\"async\" class=\"wpgb-noscript-img\" src=\"https:\/\/visitsoomaa.ee\/wp-content\/uploads\/api_uploads\/Viis-Aastaaega-OU\/1_-1_false_false_e42d978511475f17adfcc4e2826ae253-768x429.jpg\" alt=\"\" height=\"429\" width=\"768\"><\/noscript><\/a><\/div><div class=\"wpgb-card-media-overlay\"><\/div><div class=\"wpgb-card-media-content\"><div class=\"wpgb-card-media-content-bottom\"><h3 class=\"wpgb-block-1 wpgb-idle-scheme-1\"><a href=\"https:\/\/visitsoomaa.ee\/de\/api-objekt\/soomaa-com-kicksled-trips-in-soomaa-national-park\/\">Soomaa.com Kicksled trips in Soomaa National Park<\/a><\/h3><div class=\"wpgb-block-2\"><span class=\"wpgb-block-term wpgb-idle-scheme-3\" data-id=\"1649\">Activities &amp; Adventure<\/span><span class=\" wpgb-idle-scheme-3\">, <\/span><span class=\"wpgb-block-term wpgb-idle-scheme-3\" data-id=\"1635\">Optional<\/span><span class=\" wpgb-idle-scheme-3\">, <\/span><span class=\"wpgb-block-term wpgb-idle-scheme-3\" data-id=\"1653\">Winter Fun<\/span><\/div><\/div><\/div><\/div><a class=\"wpgb-card-layer-link\" href=\"https:\/\/visitsoomaa.ee\/de\/api-objekt\/soomaa-com-kicksled-trips-in-soomaa-national-park\/\"><\/a><\/div><\/div><\/article>\t\t<\/div>\n\t<\/div>\n\t<div class=\"wpgb-area wpgb-area-left\">\n\t<button type=\"button\" class=\"wpgb-prev-button\" aria-label=\"Previous slide\" hidden>\n\t<svg><use xlink:href=\"https:\/\/visitsoomaa.ee\/wp-content\/plugins\/wp-grid-builder\/public\/svg\/arrows\/arrow-left.svg#wpgb-icon\"\/><\/svg><\/button>\n<\/div>\n<div class=\"wpgb-area wpgb-area-right\">\n\t<button type=\"button\" class=\"wpgb-next-button\" aria-label=\"Next slide\" hidden>\n\t<svg><use xlink:href=\"https:\/\/visitsoomaa.ee\/wp-content\/plugins\/wp-grid-builder\/public\/svg\/arrows\/arrow-right.svg#wpgb-icon\"\/><\/svg><\/button>\n<\/div>\n<\/div>\n\t<\/div>\n\t\t<\/div>\n<\/div>\n","protected":false},"excerpt":{"rendered":"<p>Im Winter, wenn die \u00dcberschwemmungswiesen zugefroren sind und die Wetterbedingungen passen, bieten sich einmalige Gelegenheiten f\u00fcr Tretschlittentouren auf ausgedehnten Fl\u00e4chen. Besonders spektakul\u00e4r ist das Erlebnis, wenn nach einem pl\u00f6tzlichen Temperatursturz eine weite, durchsichtige Eisfl\u00e4che entsteht. Auch bei leichtem Schneefall k\u00f6nnen Tretschlittentouren absolviert werden. Bevor du aufs Land f\u00e4hrst, informiere dich am besten bei einem \u00f6rtlichen [&hellip;]<\/p>\n","protected":false},"author":1,"featured_media":0,"parent":0,"menu_order":0,"comment_status":"closed","ping_status":"closed","template":"","meta":{"_acf_changed":false,"om_disable_all_campaigns":false,"_monsterinsights_skip_tracking":false,"_monsterinsights_sitenote_active":false,"_monsterinsights_sitenote_note":"","_monsterinsights_sitenote_category":0,"footnotes":""},"class_list":["post-8389","page","type-page","status-publish","hentry"],"acf":[],"aioseo_notices":[],"_links":{"self":[{"href":"https:\/\/visitsoomaa.ee\/de\/wp-json\/wp\/v2\/pages\/8389","targetHints":{"allow":["GET"]}}],"collection":[{"href":"https:\/\/visitsoomaa.ee\/de\/wp-json\/wp\/v2\/pages"}],"about":[{"href":"https:\/\/visitsoomaa.ee\/de\/wp-json\/wp\/v2\/types\/page"}],"author":[{"embeddable":true,"href":"https:\/\/visitsoomaa.ee\/de\/wp-json\/wp\/v2\/users\/1"}],"replies":[{"embeddable":true,"href":"https:\/\/visitsoomaa.ee\/de\/wp-json\/wp\/v2\/comments?post=8389"}],"version-history":[{"count":1,"href":"https:\/\/visitsoomaa.ee\/de\/wp-json\/wp\/v2\/pages\/8389\/revisions"}],"predecessor-version":[{"id":8391,"href":"https:\/\/visitsoomaa.ee\/de\/wp-json\/wp\/v2\/pages\/8389\/revisions\/8391"}],"wp:attachment":[{"href":"https:\/\/visitsoomaa.ee\/de\/wp-json\/wp\/v2\/media?parent=8389"}],"curies":[{"name":"wp","href":"https:\/\/api.w.org\/{rel}","templated":true}]}}