{"id":8375,"date":"2024-01-08T21:22:00","date_gmt":"2024-01-08T19:22:00","guid":{"rendered":"https:\/\/visitsoomaa.ee\/?page_id=8375"},"modified":"2025-03-12T09:22:26","modified_gmt":"2025-03-12T07:22:26","slug":"fuer-reiseveranstalter","status":"publish","type":"page","link":"https:\/\/visitsoomaa.ee\/de\/fuer-reiseveranstalter\/","title":{"rendered":"F\u00fcr Reiseveranstalter"},"content":{"rendered":"\n<p><br><strong>Soomaa ist ein lohnenswertes Reiseziel \u2013 sowohl f\u00fcr inl\u00e4ndische als auch f\u00fcr internationale G\u00e4ste.<\/strong> Seine gr\u00f6\u00dften Werte sind die einzigartige Natur und das echte Landleben.<\/p>\n\n\n\n<p>Der Hauptanziehungspunkt ist nat\u00fcrlich der <strong>Nationalpark<\/strong> selbst, eine wahre Perle der Natur Estlands, die zu jeder der f\u00fcnf Jahreszeiten einen Besuch wert ist. Besonders bekannt ist Soomaa f\u00fcr das Hochwasser der \u201eF\u00fcnften Jahreszeit\u201c, aber die Region bietet zu jedem Zeitpunkt eindrucksvolle Naturerlebnisse. Bequem begehbare Bohlenwege f\u00fchren durch verschiedene Moore; die Wanderwege werden durch Aussichtst\u00fcrme und Rastpl\u00e4tze erg\u00e4nzt. Je nach Jahreszeit kann man Soomaa nicht nur zu Fu\u00df erkunden, sondern auch mit dem <strong>Kanu, einem SUP-Board, dem Einbaum <em>(Haabjas)<\/em>, einem Tretschlitten, dem Fahrrad oder mit Moor- oder Schneeschuhen<\/strong>. Eine <a href=\"https:\/\/visitsoomaa.ee\/de\/wanderungen\/\" title=\"\"><strong><u>\u00dcbersicht \u00fcber die verschiedenen Touren<\/u><\/strong> <\/a>findest du hier.<\/p>\n\n\n\n<p>Ein Aufenthalt in Soomaa lohnt sich f\u00fcr mehrere Tage. <strong>Gruppen finden passende Unterk\u00fcnfte<\/strong> im:<\/p>\n\n\n\n<ul class=\"wp-block-list\">\n<li><a href=\"https:\/\/klaaramanni.ee\/\" target=\"_blank\" rel=\"noopener\" title=\"Klaara-Manni Urlaubs- und Seminarzentrum\">Klaara-Manni Urlaubs- und Seminarzentrum<\/a><\/li>\n\n\n\n<li><a href=\"https:\/\/www.soomaapuhkekyla.com\/\" target=\"_blank\" rel=\"noopener\" title=\"\">Soomaa-Feriendorf<\/a><\/li>\n\n\n\n<li><a href=\"https:\/\/junsi.ee\/\" target=\"_blank\" rel=\"noopener\" title=\"\">Junsi-Erholungszentrum<\/a><\/li>\n<\/ul>\n\n\n\n<p>Neben den Naturerlebnissen gibt es im <strong>gesamten Tourismusgebiet Soomaa<\/strong> vieles zu entdecken. Hier kann man die Einbaum-Tradition, die zum immateriellen Kulturerbe der UNESCO geh\u00f6rt, kennenlernen. Kulturinteressierte erwarten ehemalige Gutsh\u00f6fe, Museen und Kirchen, w\u00e4hrend Feinschmecker in den offenen Bauernh\u00f6fen und bei kleinen regionalen Produzenten auf ihre Kosten kommen. Au\u00dferdem kann man Tiere beobachten oder an verschiedenen Workshops teilnehmen. <strong>Doch das Besondere ist, dass <u>alles an und in Soomaa<\/u> echt und unverf\u00e4lscht ist<\/strong> \u2013 hier muss man keine Furcht vor Touristenfallen haben, sondern kann am authentischen Leben der Einheimischen teilhaben.<\/p>\n\n\n\n<p>Ben\u00f6tigst du Unterst\u00fctzung bei der Planung eines Reisepakets oder eines Reiseprogramms? Dann schreibe uns \u00fcber <a href=\"mailto:info@visitsoomaa.ee\">info@visitsoomaa.ee<\/a> \u2013 wir freuen uns auf deine Nachricht!<\/p>\n","protected":false},"excerpt":{"rendered":"<p>Soomaa ist ein lohnenswertes Reiseziel \u2013 sowohl f\u00fcr inl\u00e4ndische als auch f\u00fcr internationale G\u00e4ste. Seine gr\u00f6\u00dften Werte sind die einzigartige Natur und das echte Landleben. Der Hauptanziehungspunkt ist nat\u00fcrlich der Nationalpark selbst, eine wahre Perle der Natur Estlands, die zu jeder der f\u00fcnf Jahreszeiten einen Besuch wert ist. Besonders bekannt ist Soomaa f\u00fcr das Hochwasser [&hellip;]<\/p>\n","protected":false},"author":1,"featured_media":0,"parent":0,"menu_order":0,"comment_status":"closed","ping_status":"closed","template":"","meta":{"_acf_changed":false,"om_disable_all_campaigns":false,"_monsterinsights_skip_tracking":false,"_monsterinsights_sitenote_active":false,"_monsterinsights_sitenote_note":"","_monsterinsights_sitenote_category":0,"footnotes":""},"class_list":["post-8375","page","type-page","status-publish","hentry"],"acf":[],"aioseo_notices":[],"_links":{"self":[{"href":"https:\/\/visitsoomaa.ee\/de\/wp-json\/wp\/v2\/pages\/8375","targetHints":{"allow":["GET"]}}],"collection":[{"href":"https:\/\/visitsoomaa.ee\/de\/wp-json\/wp\/v2\/pages"}],"about":[{"href":"https:\/\/visitsoomaa.ee\/de\/wp-json\/wp\/v2\/types\/page"}],"author":[{"embeddable":true,"href":"https:\/\/visitsoomaa.ee\/de\/wp-json\/wp\/v2\/users\/1"}],"replies":[{"embeddable":true,"href":"https:\/\/visitsoomaa.ee\/de\/wp-json\/wp\/v2\/comments?post=8375"}],"version-history":[{"count":3,"href":"https:\/\/visitsoomaa.ee\/de\/wp-json\/wp\/v2\/pages\/8375\/revisions"}],"predecessor-version":[{"id":8721,"href":"https:\/\/visitsoomaa.ee\/de\/wp-json\/wp\/v2\/pages\/8375\/revisions\/8721"}],"wp:attachment":[{"href":"https:\/\/visitsoomaa.ee\/de\/wp-json\/wp\/v2\/media?parent=8375"}],"curies":[{"name":"wp","href":"https:\/\/api.w.org\/{rel}","templated":true}]}}