{"id":8362,"date":"2024-01-17T09:18:18","date_gmt":"2024-01-17T07:18:18","guid":{"rendered":"https:\/\/visitsoomaa.ee\/?page_id=8362"},"modified":"2025-02-25T13:27:59","modified_gmt":"2025-02-25T11:27:59","slug":"erkunden","status":"publish","type":"page","link":"https:\/\/visitsoomaa.ee\/de\/erkunden\/","title":{"rendered":"Erkunden"},"content":{"rendered":"\n<div class=\"wp-block-columns is-layout-flex wp-container-core-columns-is-layout-28f84493 wp-block-columns-is-layout-flex\">\n<div class=\"wp-block-column is-layout-flow wp-block-column-is-layout-flow\">\n<p>Das gesamte Tourismusgebiet rund um den Nationalpark Soomaa bietet spannende Entdeckungen. Museen und Kirchen laden Kulturliebhaber ein, offene Bauernh\u00f6fe und gastfreundliche kleine Produzenten erwarten Feinschmecker. Sie k\u00f6nnen an thematischen Workshops teilnehmen und Tiere kennenlernen. Eine entspannende Sauna w\u00e4scht die M\u00fcdigkeit eines ereignisreichen Tages weg, und die freundliche Familie serviert ein k\u00f6stliches Essen und bietet eine gem\u00fctliche Unterkunft.<\/p>\n\n\n\n<p><\/p>\n<\/div>\n\n\n\n<div class=\"wp-block-column is-layout-flow wp-block-column-is-layout-flow\">\n<figure class=\"wp-block-image size-large\"><img loading=\"lazy\" decoding=\"async\" width=\"1024\" height=\"576\" src=\"https:\/\/visitsoomaa.ee\/wp-content\/uploads\/2024\/01\/1669297549-6167-1-1024x576.jpg\" alt=\"\" class=\"wp-image-578\" srcset=\"https:\/\/visitsoomaa.ee\/wp-content\/uploads\/2024\/01\/1669297549-6167-1-1024x576.jpg 1024w, https:\/\/visitsoomaa.ee\/wp-content\/uploads\/2024\/01\/1669297549-6167-1-300x169.jpg 300w, https:\/\/visitsoomaa.ee\/wp-content\/uploads\/2024\/01\/1669297549-6167-1-768x432.jpg 768w, https:\/\/visitsoomaa.ee\/wp-content\/uploads\/2024\/01\/1669297549-6167-1-1536x864.jpg 1536w, https:\/\/visitsoomaa.ee\/wp-content\/uploads\/2024\/01\/1669297549-6167-1.jpg 1600w\" sizes=\"auto, (max-width: 1024px) 100vw, 1024px\" \/><\/figure>\n<\/div>\n<\/div>\n","protected":false},"excerpt":{"rendered":"<p>Das gesamte Tourismusgebiet rund um den Nationalpark Soomaa bietet spannende Entdeckungen. Museen und Kirchen laden Kulturliebhaber ein, offene Bauernh\u00f6fe und gastfreundliche kleine Produzenten erwarten Feinschmecker. Sie k\u00f6nnen an thematischen Workshops teilnehmen und Tiere kennenlernen. Eine entspannende Sauna w\u00e4scht die M\u00fcdigkeit eines ereignisreichen Tages weg, und die freundliche Familie serviert ein k\u00f6stliches Essen und bietet eine [&hellip;]<\/p>\n","protected":false},"author":1,"featured_media":0,"parent":0,"menu_order":0,"comment_status":"closed","ping_status":"closed","template":"","meta":{"_acf_changed":false,"om_disable_all_campaigns":false,"_monsterinsights_skip_tracking":false,"_monsterinsights_sitenote_active":false,"_monsterinsights_sitenote_note":"","_monsterinsights_sitenote_category":0,"footnotes":""},"class_list":["post-8362","page","type-page","status-publish","hentry"],"acf":[],"aioseo_notices":[],"_links":{"self":[{"href":"https:\/\/visitsoomaa.ee\/de\/wp-json\/wp\/v2\/pages\/8362","targetHints":{"allow":["GET"]}}],"collection":[{"href":"https:\/\/visitsoomaa.ee\/de\/wp-json\/wp\/v2\/pages"}],"about":[{"href":"https:\/\/visitsoomaa.ee\/de\/wp-json\/wp\/v2\/types\/page"}],"author":[{"embeddable":true,"href":"https:\/\/visitsoomaa.ee\/de\/wp-json\/wp\/v2\/users\/1"}],"replies":[{"embeddable":true,"href":"https:\/\/visitsoomaa.ee\/de\/wp-json\/wp\/v2\/comments?post=8362"}],"version-history":[{"count":1,"href":"https:\/\/visitsoomaa.ee\/de\/wp-json\/wp\/v2\/pages\/8362\/revisions"}],"predecessor-version":[{"id":8364,"href":"https:\/\/visitsoomaa.ee\/de\/wp-json\/wp\/v2\/pages\/8362\/revisions\/8364"}],"wp:attachment":[{"href":"https:\/\/visitsoomaa.ee\/de\/wp-json\/wp\/v2\/media?parent=8362"}],"curies":[{"name":"wp","href":"https:\/\/api.w.org\/{rel}","templated":true}]}}