{"id":8353,"date":"2024-01-08T21:18:23","date_gmt":"2024-01-08T19:18:23","guid":{"rendered":"https:\/\/visitsoomaa.ee\/?page_id=8353"},"modified":"2025-02-25T13:24:16","modified_gmt":"2025-02-25T11:24:16","slug":"herbst","status":"publish","type":"page","link":"https:\/\/visitsoomaa.ee\/de\/herbst\/","title":{"rendered":"Herbst"},"content":{"rendered":"\n<div class=\"wp-block-columns is-layout-flex wp-container-core-columns-is-layout-28f84493 wp-block-columns-is-layout-flex\">\n<div class=\"wp-block-column is-layout-flow wp-block-column-is-layout-flow\">\n<h3 class=\"wp-block-heading\">Was kann man im Herbst in Soomaa unternehmen?<\/h3>\n\n\n\n<p>Wenn sich die Bl\u00e4tter f\u00e4rben, zeigt sich Soomaa von seiner sch\u00f6nsten Seite.<\/p>\n\n\n\n<p>Besonders beliebt sind zu dieser Jahreszeit die <strong><u>Moorschuhwanderungen<\/u><\/strong>, denn dann leuchtet die Landschaft in unterschiedlichsten Farben.<\/p>\n\n\n\n<p>Die zahlreichen Fl\u00fcsse machen Soomaa zu einem perfekten Ziel f\u00fcr <strong><u>Kanutouren<\/u><\/strong>. Bevor die Temperaturen fallen und das Wasser zufriert, kann man dabei die wunderbaren Farben und die herrliche Ruhe der herbstlichen Flusslandschaft genie\u00dfen. Die L\u00e4nge der Kanutour bestimmt man selbst \u2013 unterwegs gibt es gen\u00fcgend Gelegenheiten f\u00fcr kleine Pausen, um die Beine zu strecken und die Natur auf sich wirken zu lassen. Mit etwas Gl\u00fcck lassen sich sogar Wildtiere beobachten.<\/p>\n\n\n\n<p>Auch f\u00fcr Sammler ist der Herbst die beste Zeit. Soomaa bietet dabei ganz besondere Erlebnisse: Wie w\u00e4re es mit einer von einem Guide von Soomaa.com begleiteten Moosbeerentour auf Moorschuhen oder einer Pilzwanderung mit dem Kanu? Zudem wird die Erntezeit auch in den G\u00e4rten und auf den Feldern gefeiert \u2013 w\u00e4hrend der Kochworkshops des Klaara-Manni G\u00e4stehauses kommen jetzt die besten regionalen Spezialit\u00e4ten auf den Tisch.<\/p>\n<\/div>\n\n\n\n<div class=\"wp-block-column is-layout-flow wp-block-column-is-layout-flow\">\n<figure class=\"wp-block-gallery has-nested-images columns-default is-cropped wp-block-gallery-2 is-layout-flex wp-block-gallery-is-layout-flex\">\n<figure class=\"wp-block-image size-large\"><img loading=\"lazy\" decoding=\"async\" width=\"1024\" height=\"684\" data-id=\"538\" src=\"https:\/\/visitsoomaa.ee\/wp-content\/uploads\/2024\/01\/ghb55jue.pjy_-1024x684.jpg\" alt=\"\" class=\"wp-image-538\" srcset=\"https:\/\/visitsoomaa.ee\/wp-content\/uploads\/2024\/01\/ghb55jue.pjy_-1024x684.jpg 1024w, https:\/\/visitsoomaa.ee\/wp-content\/uploads\/2024\/01\/ghb55jue.pjy_-300x200.jpg 300w, https:\/\/visitsoomaa.ee\/wp-content\/uploads\/2024\/01\/ghb55jue.pjy_-768x513.jpg 768w, https:\/\/visitsoomaa.ee\/wp-content\/uploads\/2024\/01\/ghb55jue.pjy_-1536x1026.jpg 1536w, https:\/\/visitsoomaa.ee\/wp-content\/uploads\/2024\/01\/ghb55jue.pjy_.jpg 1640w\" sizes=\"auto, (max-width: 1024px) 100vw, 1024px\" \/><\/figure>\n\n\n\n<figure class=\"wp-block-image size-large\"><img loading=\"lazy\" decoding=\"async\" width=\"1024\" height=\"683\" data-id=\"541\" src=\"https:\/\/visitsoomaa.ee\/wp-content\/uploads\/2024\/01\/Autumn-season-in-Soomaa-national-park-scaled-1-1024x683.jpg\" alt=\"\" class=\"wp-image-541\" srcset=\"https:\/\/visitsoomaa.ee\/wp-content\/uploads\/2024\/01\/Autumn-season-in-Soomaa-national-park-scaled-1-1024x683.jpg 1024w, https:\/\/visitsoomaa.ee\/wp-content\/uploads\/2024\/01\/Autumn-season-in-Soomaa-national-park-scaled-1-300x200.jpg 300w, https:\/\/visitsoomaa.ee\/wp-content\/uploads\/2024\/01\/Autumn-season-in-Soomaa-national-park-scaled-1-768x512.jpg 768w, https:\/\/visitsoomaa.ee\/wp-content\/uploads\/2024\/01\/Autumn-season-in-Soomaa-national-park-scaled-1-1536x1025.jpg 1536w, https:\/\/visitsoomaa.ee\/wp-content\/uploads\/2024\/01\/Autumn-season-in-Soomaa-national-park-scaled-1-2048x1366.jpg 2048w, https:\/\/visitsoomaa.ee\/wp-content\/uploads\/2024\/01\/Autumn-season-in-Soomaa-national-park-scaled-1.jpg 2560w\" sizes=\"auto, (max-width: 1024px) 100vw, 1024px\" \/><\/figure>\n\n\n\n<figure class=\"wp-block-image size-large\"><img loading=\"lazy\" decoding=\"async\" width=\"1024\" height=\"683\" data-id=\"539\" src=\"https:\/\/visitsoomaa.ee\/wp-content\/uploads\/2024\/01\/haavakas-raja-peal-soomaa-scaled-1-1024x683.jpg\" alt=\"\" class=\"wp-image-539\" srcset=\"https:\/\/visitsoomaa.ee\/wp-content\/uploads\/2024\/01\/haavakas-raja-peal-soomaa-scaled-1-1024x683.jpg 1024w, https:\/\/visitsoomaa.ee\/wp-content\/uploads\/2024\/01\/haavakas-raja-peal-soomaa-scaled-1-300x200.jpg 300w, https:\/\/visitsoomaa.ee\/wp-content\/uploads\/2024\/01\/haavakas-raja-peal-soomaa-scaled-1-768x512.jpg 768w, https:\/\/visitsoomaa.ee\/wp-content\/uploads\/2024\/01\/haavakas-raja-peal-soomaa-scaled-1-1536x1024.jpg 1536w, https:\/\/visitsoomaa.ee\/wp-content\/uploads\/2024\/01\/haavakas-raja-peal-soomaa-scaled-1-2048x1366.jpg 2048w, https:\/\/visitsoomaa.ee\/wp-content\/uploads\/2024\/01\/haavakas-raja-peal-soomaa-scaled-1.jpg 2560w\" sizes=\"auto, (max-width: 1024px) 100vw, 1024px\" \/><\/figure>\n\n\n\n<figure class=\"wp-block-image size-large\"><img loading=\"lazy\" decoding=\"async\" width=\"1024\" height=\"683\" data-id=\"543\" src=\"https:\/\/visitsoomaa.ee\/wp-content\/uploads\/2024\/01\/20101704-Toramaa-puisniit-Soomaa-suurvesi-1-1024x683.jpg\" alt=\"\" class=\"wp-image-543\" srcset=\"https:\/\/visitsoomaa.ee\/wp-content\/uploads\/2024\/01\/20101704-Toramaa-puisniit-Soomaa-suurvesi-1-1024x683.jpg 1024w, https:\/\/visitsoomaa.ee\/wp-content\/uploads\/2024\/01\/20101704-Toramaa-puisniit-Soomaa-suurvesi-1-300x200.jpg 300w, https:\/\/visitsoomaa.ee\/wp-content\/uploads\/2024\/01\/20101704-Toramaa-puisniit-Soomaa-suurvesi-1-768x512.jpg 768w, https:\/\/visitsoomaa.ee\/wp-content\/uploads\/2024\/01\/20101704-Toramaa-puisniit-Soomaa-suurvesi-1.jpg 1500w\" sizes=\"auto, (max-width: 1024px) 100vw, 1024px\" \/><\/figure>\n\n\n\n<figure class=\"wp-block-image size-large\"><img loading=\"lazy\" decoding=\"async\" width=\"275\" height=\"183\" data-id=\"540\" src=\"https:\/\/visitsoomaa.ee\/wp-content\/uploads\/2024\/01\/download-5.jpg\" alt=\"\" class=\"wp-image-540\"\/><\/figure>\n\n\n\n<figure class=\"wp-block-image size-large\"><img loading=\"lazy\" decoding=\"async\" width=\"1024\" height=\"683\" data-id=\"542\" src=\"https:\/\/visitsoomaa.ee\/wp-content\/uploads\/2024\/01\/122772781_127982549075172_8869241937691827904_n-1024x683.jpg\" alt=\"\" class=\"wp-image-542\" srcset=\"https:\/\/visitsoomaa.ee\/wp-content\/uploads\/2024\/01\/122772781_127982549075172_8869241937691827904_n-1024x683.jpg 1024w, https:\/\/visitsoomaa.ee\/wp-content\/uploads\/2024\/01\/122772781_127982549075172_8869241937691827904_n-300x200.jpg 300w, https:\/\/visitsoomaa.ee\/wp-content\/uploads\/2024\/01\/122772781_127982549075172_8869241937691827904_n-768x512.jpg 768w, https:\/\/visitsoomaa.ee\/wp-content\/uploads\/2024\/01\/122772781_127982549075172_8869241937691827904_n-1536x1024.jpg 1536w, https:\/\/visitsoomaa.ee\/wp-content\/uploads\/2024\/01\/122772781_127982549075172_8869241937691827904_n.jpg 2048w\" sizes=\"auto, (max-width: 1024px) 100vw, 1024px\" \/><\/figure>\n<\/figure>\n<\/div>\n<\/div>\n","protected":false},"excerpt":{"rendered":"<p>Was kann man im Herbst in Soomaa unternehmen? Wenn sich die Bl\u00e4tter f\u00e4rben, zeigt sich Soomaa von seiner sch\u00f6nsten Seite. Besonders beliebt sind zu dieser Jahreszeit die Moorschuhwanderungen, denn dann leuchtet die Landschaft in unterschiedlichsten Farben. Die zahlreichen Fl\u00fcsse machen Soomaa zu einem perfekten Ziel f\u00fcr Kanutouren. Bevor die Temperaturen fallen und das Wasser zufriert, [&hellip;]<\/p>\n","protected":false},"author":1,"featured_media":0,"parent":0,"menu_order":0,"comment_status":"closed","ping_status":"closed","template":"","meta":{"_acf_changed":false,"om_disable_all_campaigns":false,"_monsterinsights_skip_tracking":false,"_monsterinsights_sitenote_active":false,"_monsterinsights_sitenote_note":"","_monsterinsights_sitenote_category":0,"footnotes":""},"class_list":["post-8353","page","type-page","status-publish","hentry"],"acf":[],"aioseo_notices":[],"_links":{"self":[{"href":"https:\/\/visitsoomaa.ee\/de\/wp-json\/wp\/v2\/pages\/8353","targetHints":{"allow":["GET"]}}],"collection":[{"href":"https:\/\/visitsoomaa.ee\/de\/wp-json\/wp\/v2\/pages"}],"about":[{"href":"https:\/\/visitsoomaa.ee\/de\/wp-json\/wp\/v2\/types\/page"}],"author":[{"embeddable":true,"href":"https:\/\/visitsoomaa.ee\/de\/wp-json\/wp\/v2\/users\/1"}],"replies":[{"embeddable":true,"href":"https:\/\/visitsoomaa.ee\/de\/wp-json\/wp\/v2\/comments?post=8353"}],"version-history":[{"count":1,"href":"https:\/\/visitsoomaa.ee\/de\/wp-json\/wp\/v2\/pages\/8353\/revisions"}],"predecessor-version":[{"id":8355,"href":"https:\/\/visitsoomaa.ee\/de\/wp-json\/wp\/v2\/pages\/8353\/revisions\/8355"}],"wp:attachment":[{"href":"https:\/\/visitsoomaa.ee\/de\/wp-json\/wp\/v2\/media?parent=8353"}],"curies":[{"name":"wp","href":"https:\/\/api.w.org\/{rel}","templated":true}]}}